{"id":17196,"date":"2025-03-04T06:04:08","date_gmt":"2025-03-04T06:04:08","guid":{"rendered":"https:\/\/danisense.com\/product\/dn1000id\/"},"modified":"2025-06-23T04:35:30","modified_gmt":"2025-06-23T04:35:30","slug":"dn1000id","status":"publish","type":"product","link":"https:\/\/danisense.com\/de\/product\/dn1000id\/","title":{"rendered":"DN1000ID<br>DC-Kalibrierung"},"content":{"rendered":"<p>Unsere Standard-Gleichstromkalibrierung wird bei 0, \u00b110%, \u00b125%, \u00b140%, \u00b155%, \u00b170%, \u00b185%, \u00b1100% des Nenngleichstroms des Messwertaufnehmers durchgef\u00fchrt. Die Ergebnisse werden mit und ohne Offset, mit Linearit\u00e4tsanalyse und Konformit\u00e4tserkl\u00e4rung (nur f\u00fcr Danisense Messwertaufnehmer) f\u00fcr alle Testpunkte dargestellt. Siehe Beispielbericht f\u00fcr Details.  <\/p>\n","protected":false},"excerpt":{"rendered":"<p>Unsere Standard-Gleichstromkalibrierung wird bei 0, \u00b110%, \u00b125%, \u00b140%, \u00b155%, \u00b170%, \u00b185%, \u00b1100% des Nenngleichstroms des Messwertaufnehmers durchgef\u00fchrt. Die Ergebnisse werden mit und ohne Offset, mit Linearit\u00e4tsanalyse und Konformit\u00e4tserkl\u00e4rung (nur f\u00fcr Danisense Messwertaufnehmer) f\u00fcr alle Testpunkte dargestellt. Siehe Beispielbericht f\u00fcr Details.<\/p>\n","protected":false},"featured_media":17530,"template":"","meta":[],"product_brand":[130],"product_cat":[79],"product_tag":[102],"class_list":{"0":"post-17196","1":"product","2":"type-product","3":"status-publish","4":"has-post-thumbnail","6":"product_brand-danisense-de-2","7":"product_cat-strom-aus","8":"product_tag-dn-serie","10":"first","11":"instock","12":"shipping-taxable","13":"purchasable","14":"product-type-variable"},"_links":{"self":[{"href":"https:\/\/danisense.com\/de\/wp-json\/wp\/v2\/product\/17196","targetHints":{"allow":["GET"]}}],"collection":[{"href":"https:\/\/danisense.com\/de\/wp-json\/wp\/v2\/product"}],"about":[{"href":"https:\/\/danisense.com\/de\/wp-json\/wp\/v2\/types\/product"}],"wp:featuredmedia":[{"embeddable":true,"href":"https:\/\/danisense.com\/de\/wp-json\/wp\/v2\/media\/17530"}],"wp:attachment":[{"href":"https:\/\/danisense.com\/de\/wp-json\/wp\/v2\/media?parent=17196"}],"wp:term":[{"taxonomy":"product_brand","embeddable":true,"href":"https:\/\/danisense.com\/de\/wp-json\/wp\/v2\/product_brand?post=17196"},{"taxonomy":"product_cat","embeddable":true,"href":"https:\/\/danisense.com\/de\/wp-json\/wp\/v2\/product_cat?post=17196"},{"taxonomy":"product_tag","embeddable":true,"href":"https:\/\/danisense.com\/de\/wp-json\/wp\/v2\/product_tag?post=17196"}],"curies":[{"name":"wp","href":"https:\/\/api.w.org\/{rel}","templated":true}]}}