{"id":17138,"date":"2025-03-04T06:26:51","date_gmt":"2025-03-04T06:26:51","guid":{"rendered":"https:\/\/danisense.com\/product\/dr10000ux-10v\/"},"modified":"2026-02-11T10:11:24","modified_gmt":"2026-02-11T10:11:24","slug":"dr10000ux-10v","status":"publish","type":"product","link":"https:\/\/danisense.com\/de\/product\/dr10000ux-10v\/","title":{"rendered":"DR10000UX-10V DC Kalibrierung"},"content":{"rendered":"<p>Unsere Standard-Gleichstromkalibrierung wird bei 0, \u00b110%, \u00b125%, \u00b140%, \u00b155%, \u00b170%, \u00b185% und \u00b1100% des Nenngleichstroms des Messwertaufnehmers durchgef\u00fchrt. Die Ergebnisse werden mit und ohne Offset, mit Linearit\u00e4tsanalyse und Konformit\u00e4tserkl\u00e4rung (nur f\u00fcr Danisense Messwertaufnehmer) f\u00fcr alle Testpunkte dargestellt. Siehe Beispielbericht f\u00fcr Details.  <\/p>\n","protected":false},"excerpt":{"rendered":"<p>Unsere Standard-Gleichstromkalibrierung wird bei 0, \u00b110%, \u00b125%, \u00b140%, \u00b155%, \u00b170%, \u00b185% und \u00b1100% des Nenngleichstroms des Messwertaufnehmers durchgef\u00fchrt. Die Ergebnisse werden mit und ohne Offset, mit Linearit\u00e4tsanalyse und Konformit\u00e4tserkl\u00e4rung (nur f\u00fcr Danisense Messwertaufnehmer) f\u00fcr alle Testpunkte dargestellt. Siehe Beispielbericht f\u00fcr Details.<\/p>\n","protected":false},"featured_media":17582,"template":"","meta":[],"product_brand":[130],"product_cat":[90],"product_tag":[80],"class_list":{"0":"post-17138","1":"product","2":"type-product","3":"status-publish","4":"has-post-thumbnail","6":"product_brand-danisense-de-2","7":"product_cat-spannung-aus","8":"product_tag-dr-serie","10":"first","11":"instock","12":"virtual","13":"purchasable","14":"product-type-simple"},"_links":{"self":[{"href":"https:\/\/danisense.com\/de\/wp-json\/wp\/v2\/product\/17138","targetHints":{"allow":["GET"]}}],"collection":[{"href":"https:\/\/danisense.com\/de\/wp-json\/wp\/v2\/product"}],"about":[{"href":"https:\/\/danisense.com\/de\/wp-json\/wp\/v2\/types\/product"}],"wp:featuredmedia":[{"embeddable":true,"href":"https:\/\/danisense.com\/de\/wp-json\/wp\/v2\/media\/17582"}],"wp:attachment":[{"href":"https:\/\/danisense.com\/de\/wp-json\/wp\/v2\/media?parent=17138"}],"wp:term":[{"taxonomy":"product_brand","embeddable":true,"href":"https:\/\/danisense.com\/de\/wp-json\/wp\/v2\/product_brand?post=17138"},{"taxonomy":"product_cat","embeddable":true,"href":"https:\/\/danisense.com\/de\/wp-json\/wp\/v2\/product_cat?post=17138"},{"taxonomy":"product_tag","embeddable":true,"href":"https:\/\/danisense.com\/de\/wp-json\/wp\/v2\/product_tag?post=17138"}],"curies":[{"name":"wp","href":"https:\/\/api.w.org\/{rel}","templated":true}]}}