{"id":15676,"date":"2022-10-18T08:47:34","date_gmt":"2022-10-18T08:47:34","guid":{"rendered":"https:\/\/danisense.com\/test-und-messung\/"},"modified":"2024-10-10T05:31:48","modified_gmt":"2024-10-10T05:31:48","slug":"test-und-messung","status":"publish","type":"page","link":"https:\/\/danisense.com\/de\/test-und-messung\/","title":{"rendered":"Test und Messung\ufffc"},"content":{"rendered":"\t\t<div data-elementor-type=\"wp-page\" data-elementor-id=\"15676\" class=\"elementor elementor-15676 elementor-7450\" data-elementor-settings=\"{&quot;element_pack_global_tooltip_width&quot;:{&quot;unit&quot;:&quot;px&quot;,&quot;size&quot;:&quot;&quot;,&quot;sizes&quot;:[]},&quot;element_pack_global_tooltip_width_tablet&quot;:{&quot;unit&quot;:&quot;px&quot;,&quot;size&quot;:&quot;&quot;,&quot;sizes&quot;:[]},&quot;element_pack_global_tooltip_width_mobile&quot;:{&quot;unit&quot;:&quot;px&quot;,&quot;size&quot;:&quot;&quot;,&quot;sizes&quot;:[]},&quot;element_pack_global_tooltip_padding&quot;:{&quot;unit&quot;:&quot;px&quot;,&quot;top&quot;:&quot;&quot;,&quot;right&quot;:&quot;&quot;,&quot;bottom&quot;:&quot;&quot;,&quot;left&quot;:&quot;&quot;,&quot;isLinked&quot;:true},&quot;element_pack_global_tooltip_padding_tablet&quot;:{&quot;unit&quot;:&quot;px&quot;,&quot;top&quot;:&quot;&quot;,&quot;right&quot;:&quot;&quot;,&quot;bottom&quot;:&quot;&quot;,&quot;left&quot;:&quot;&quot;,&quot;isLinked&quot;:true},&quot;element_pack_global_tooltip_padding_mobile&quot;:{&quot;unit&quot;:&quot;px&quot;,&quot;top&quot;:&quot;&quot;,&quot;right&quot;:&quot;&quot;,&quot;bottom&quot;:&quot;&quot;,&quot;left&quot;:&quot;&quot;,&quot;isLinked&quot;:true},&quot;element_pack_global_tooltip_border_radius&quot;:{&quot;unit&quot;:&quot;px&quot;,&quot;top&quot;:&quot;&quot;,&quot;right&quot;:&quot;&quot;,&quot;bottom&quot;:&quot;&quot;,&quot;left&quot;:&quot;&quot;,&quot;isLinked&quot;:true},&quot;element_pack_global_tooltip_border_radius_tablet&quot;:{&quot;unit&quot;:&quot;px&quot;,&quot;top&quot;:&quot;&quot;,&quot;right&quot;:&quot;&quot;,&quot;bottom&quot;:&quot;&quot;,&quot;left&quot;:&quot;&quot;,&quot;isLinked&quot;:true},&quot;element_pack_global_tooltip_border_radius_mobile&quot;:{&quot;unit&quot;:&quot;px&quot;,&quot;top&quot;:&quot;&quot;,&quot;right&quot;:&quot;&quot;,&quot;bottom&quot;:&quot;&quot;,&quot;left&quot;:&quot;&quot;,&quot;isLinked&quot;:true}}\" data-elementor-post-type=\"page\">\n\t\t\t\t\t\t<section class=\"elementor-section elementor-top-section elementor-element elementor-element-4777b61 elementor-section-boxed elementor-section-height-default elementor-section-height-default\" data-id=\"4777b61\" data-element_type=\"section\" data-e-type=\"section\">\n\t\t\t\t\t\t<div class=\"elementor-container elementor-column-gap-default\">\n\t\t\t\t\t<div class=\"elementor-column elementor-col-100 elementor-top-column elementor-element elementor-element-2f19a10\" data-id=\"2f19a10\" data-element_type=\"column\" data-e-type=\"column\">\n\t\t\t<div class=\"elementor-widget-wrap elementor-element-populated\">\n\t\t\t\t\t\t<div class=\"elementor-element elementor-element-bfee6ba single-page-title elementor-widget elementor-widget-heading\" data-id=\"bfee6ba\" data-element_type=\"widget\" data-e-type=\"widget\" data-widget_type=\"heading.default\">\n\t\t\t\t<div class=\"elementor-widget-container\">\n\t\t\t\t\t<h1 class=\"elementor-heading-title elementor-size-default\">Test &amp; Messung<\/h1>\t\t\t\t<\/div>\n\t\t\t\t<\/div>\n\t\t\t\t<div class=\"elementor-element elementor-element-d9d293a elementor-widget elementor-widget-heading\" data-id=\"d9d293a\" data-element_type=\"widget\" data-e-type=\"widget\" data-widget_type=\"heading.default\">\n\t\t\t\t<div class=\"elementor-widget-container\">\n\t\t\t\t\t<h4 class=\"elementor-heading-title elementor-size-default\">Relevante Verwendung der Danisense Stromwandler in der Mess- und Pr\u00fcftechnikindustrie<\/h4>\t\t\t\t<\/div>\n\t\t\t\t<\/div>\n\t\t\t\t<div class=\"elementor-element elementor-element-b06cb72 elementor-widget elementor-widget-image\" data-id=\"b06cb72\" data-element_type=\"widget\" data-e-type=\"widget\" data-widget_type=\"image.default\">\n\t\t\t\t<div class=\"elementor-widget-container\">\n\t\t\t\t\t\t\t\t\t\t\t\t\t\t\t<img fetchpriority=\"high\" decoding=\"async\" width=\"800\" height=\"532\" src=\"https:\/\/danisense.com\/wp-content\/uploads\/Test-and-measurement-1024x681.jpg\" class=\"attachment-large size-large wp-image-14191\" alt=\"\" srcset=\"https:\/\/danisense.com\/wp-content\/uploads\/Test-and-measurement-1024x681.jpg 1024w, https:\/\/danisense.com\/wp-content\/uploads\/Test-and-measurement-300x200.jpg 300w, https:\/\/danisense.com\/wp-content\/uploads\/Test-and-measurement-768x511.jpg 768w, https:\/\/danisense.com\/wp-content\/uploads\/Test-and-measurement-1536x1022.jpg 1536w, https:\/\/danisense.com\/wp-content\/uploads\/Test-and-measurement.jpg 1900w\" sizes=\"(max-width: 800px) 100vw, 800px\" \/>\t\t\t\t\t\t\t\t\t\t\t\t\t\t\t<\/div>\n\t\t\t\t<\/div>\n\t\t\t\t<div class=\"elementor-element elementor-element-17478e2 elementor-widget elementor-widget-text-editor\" data-id=\"17478e2\" data-element_type=\"widget\" data-e-type=\"widget\" data-widget_type=\"text-editor.default\">\n\t\t\t\t<div class=\"elementor-widget-container\">\n\t\t\t\t\t\t\t\t\t<p>Anspruchsvolle Anwendungen wie hochpr\u00e4zise Test- und Messger\u00e4te (T&amp;M) erfordern hochpr\u00e4zise und zuverl\u00e4ssige Stromwandler, um die Effizienz verschiedener elektronischer und elektrischer Systeme zu analysieren, z.B. Wechselrichter in Hybrid-Elektrofahrzeugen (HEVs) und Elektrofahrzeugen (EVs). Danisense bietet eine breite Palette an hochpr\u00e4zisen und zuverl\u00e4ssigen Stromwandlern, die sich ideal f\u00fcr diese Anwendungen eignen. Die Komponenten verf\u00fcgen alle \u00fcber die hochstabile Closed-Loop-Fluxgate-Technologie des Unternehmens mit einer Linearit\u00e4t von nur 1 ppm und einem Offset von 5 ppm.<\/p>\n<p>F\u00fcr weitere Informationen \u00fcber Stromwandler, die speziell f\u00fcr T&amp;M-Anwendungen zugeschnitten sind, einschlie\u00dflich des DN1000ID-Produkts mit einer gro\u00dfen \u00d6ffnung von 41,2 mm, die ein schnelles Umr\u00fcsten auch bei gro\u00dfen Stromanschl\u00fcssen erm\u00f6glicht.<\/p>\n\t\t\t\t\t\t\t\t<\/div>\n\t\t\t\t<\/div>\n\t\t\t\t\t<\/div>\n\t\t<\/div>\n\t\t\t\t\t<\/div>\n\t\t<\/section>\n\t\t\t\t<section class=\"elementor-section elementor-top-section elementor-element elementor-element-0f4c9f6 elementor-section-boxed elementor-section-height-default elementor-section-height-default\" data-id=\"0f4c9f6\" data-element_type=\"section\" data-e-type=\"section\">\n\t\t\t\t\t\t<div class=\"elementor-container elementor-column-gap-no\">\n\t\t\t\t\t<div class=\"elementor-column elementor-col-100 elementor-top-column elementor-element elementor-element-338235f\" data-id=\"338235f\" data-element_type=\"column\" data-e-type=\"column\">\n\t\t\t<div class=\"elementor-widget-wrap elementor-element-populated\">\n\t\t\t\t\t\t<div class=\"elementor-element elementor-element-bccf510 config-text elementor-widget elementor-widget-heading\" data-id=\"bccf510\" data-element_type=\"widget\" data-e-type=\"widget\" data-widget_type=\"heading.default\">\n\t\t\t\t<div class=\"elementor-widget-container\">\n\t\t\t\t\t<h2 class=\"elementor-heading-title elementor-size-default\"><p>Danisense Produkte f\u00fcr Test &amp; Messung<\/p><\/h2>\t\t\t\t<\/div>\n\t\t\t\t<\/div>\n\t\t\t\t\t<\/div>\n\t\t<\/div>\n\t\t\t\t\t<\/div>\n\t\t<\/section>\n\t\t\t\t<section class=\"elementor-section elementor-top-section elementor-element elementor-element-3dbfb84 elementor-section-boxed elementor-section-height-default elementor-section-height-default\" data-id=\"3dbfb84\" data-element_type=\"section\" data-e-type=\"section\">\n\t\t\t\t\t\t<div class=\"elementor-container elementor-column-gap-default\">\n\t\t\t\t\t<div class=\"elementor-column elementor-col-100 elementor-top-column elementor-element elementor-element-2b89aa8\" data-id=\"2b89aa8\" data-element_type=\"column\" data-e-type=\"column\">\n\t\t\t<div class=\"elementor-widget-wrap elementor-element-populated\">\n\t\t\t\t\t\t<div class=\"elementor-element elementor-element-10ae320 single_products_gallery bdt-skin-fedara-style-center elementor-widget elementor-widget-bdt-custom-gallery\" data-id=\"10ae320\" data-element_type=\"widget\" data-e-type=\"widget\" data-settings=\"{&quot;columns&quot;:&quot;3&quot;,&quot;columns_tablet&quot;:&quot;2&quot;,&quot;columns_mobile&quot;:&quot;1&quot;}\" data-widget_type=\"bdt-custom-gallery.bdt-abetis\">\n\t\t\t\t<div class=\"elementor-widget-container\">\n\t\t\t\t\t\t\t<div id=\"bdt-custom-gallery-10ae320\" class=\"bdt-custom-gallery bdt-skin-abetis bdt-grid bdt-grid-small\" data-settings=\"{&quot;id&quot;:&quot;#bdt-custom-gallery-10ae320&quot;,&quot;tiltShow&quot;:false}\">\n\t\t\t\t\t\t<div class=\"bdt-gallery-item bdt-width-1-1 bdt-width-1-2@s bdt-width-1-3@m\">\n\t\t\t\t<div class=\"bdt-custom-gallery-item-inner\">\n\n\t\t\t\t\t\t\t\t\t\t\n\t\t\t\t\t\t\t\t\t\t\t\t\t\t\t\t\t<a data-elementor-open-lightbox=\"no\" href=\"\/products\/ds50id\" data-type=\"iframe\">\n\t\t\t\t\t\n\n\t\t\t\t\t<div class=\"bdt-custom-gallery-inner bdt-transition-toggle bdt-position-relative\">\n\t\t\t\t\t\t\n\t\t<div class=\"bdt-gallery-thumbnail\">\n\n\t\t\t<img width=\"300\" height=\"300\" src=\"https:\/\/danisense.com\/wp-content\/uploads\/DS-300x300.jpg\" class=\"attachment-medium size-medium\" alt=\"DS50ID\" decoding=\"async\" srcset=\"https:\/\/danisense.com\/wp-content\/uploads\/DS-300x300.jpg 300w, https:\/\/danisense.com\/wp-content\/uploads\/DS-150x150.jpg 150w, https:\/\/danisense.com\/wp-content\/uploads\/DS-768x767.jpg 768w, https:\/\/danisense.com\/wp-content\/uploads\/DS.jpg 942w\" sizes=\"(max-width: 300px) 100vw, 300px\" \/>\n\t\t<\/div>\n\t\t\t\t\t\t\t<\/div>\n\n\t\t\t\t\t\t\t\t\t\t\t<\/a>\n\t\t\t\t\t\n\t\t\t\t\t\t\t<div class=\"bdt-skin-abetis-desc bdt-padding-small\">\n\t\t\t\t\t<h6 class=\"bdt-gallery-item-title\">\n\t\t\tDS50ID\t\t<\/h6>\n\t\t\t\t\t\n\t\t<\/div>\n\t\t\t\t\t\t<\/div>\n\t\t\t<\/div>\n\t\t\t\t\t<div class=\"bdt-gallery-item bdt-width-1-1 bdt-width-1-2@s bdt-width-1-3@m\">\n\t\t\t\t<div class=\"bdt-custom-gallery-item-inner\">\n\n\t\t\t\t\t\t\t\t\t\t\n\t\t\t\t\t\t\t\t\t\t\t\t\t\t\t\t\t<a data-elementor-open-lightbox=\"no\" href=\"\/products\/ds200id\/\" data-type=\"iframe\">\n\t\t\t\t\t\n\n\t\t\t\t\t<div class=\"bdt-custom-gallery-inner bdt-transition-toggle bdt-position-relative\">\n\t\t\t\t\t\t\n\t\t<div class=\"bdt-gallery-thumbnail\">\n\n\t\t\t<img width=\"300\" height=\"300\" src=\"https:\/\/danisense.com\/wp-content\/uploads\/DS-300x300.jpg\" class=\"attachment-medium size-medium\" alt=\"DS200ID\" decoding=\"async\" srcset=\"https:\/\/danisense.com\/wp-content\/uploads\/DS-300x300.jpg 300w, https:\/\/danisense.com\/wp-content\/uploads\/DS-150x150.jpg 150w, https:\/\/danisense.com\/wp-content\/uploads\/DS-768x767.jpg 768w, https:\/\/danisense.com\/wp-content\/uploads\/DS.jpg 942w\" sizes=\"(max-width: 300px) 100vw, 300px\" \/>\n\t\t<\/div>\n\t\t\t\t\t\t\t<\/div>\n\n\t\t\t\t\t\t\t\t\t\t\t<\/a>\n\t\t\t\t\t\n\t\t\t\t\t\t\t<div class=\"bdt-skin-abetis-desc bdt-padding-small\">\n\t\t\t\t\t<h6 class=\"bdt-gallery-item-title\">\n\t\t\tDS200ID\t\t<\/h6>\n\t\t\t\t\t\n\t\t<\/div>\n\t\t\t\t\t\t<\/div>\n\t\t\t<\/div>\n\t\t\t\t\t<div class=\"bdt-gallery-item bdt-width-1-1 bdt-width-1-2@s bdt-width-1-3@m\">\n\t\t\t\t<div class=\"bdt-custom-gallery-item-inner\">\n\n\t\t\t\t\t\t\t\t\t\t\n\t\t\t\t\t\t\t\t\t\t\t\t\t\t\t\t\t<a data-elementor-open-lightbox=\"no\" href=\"\/products\/ds600id\/\" data-type=\"iframe\">\n\t\t\t\t\t\n\n\t\t\t\t\t<div class=\"bdt-custom-gallery-inner bdt-transition-toggle bdt-position-relative\">\n\t\t\t\t\t\t\n\t\t<div class=\"bdt-gallery-thumbnail\">\n\n\t\t\t<img loading=\"lazy\" width=\"300\" height=\"300\" src=\"https:\/\/danisense.com\/wp-content\/uploads\/DS-300x300.jpg\" class=\"attachment-medium size-medium\" alt=\"DS600ID\" decoding=\"async\" srcset=\"https:\/\/danisense.com\/wp-content\/uploads\/DS-300x300.jpg 300w, https:\/\/danisense.com\/wp-content\/uploads\/DS-150x150.jpg 150w, https:\/\/danisense.com\/wp-content\/uploads\/DS-768x767.jpg 768w, https:\/\/danisense.com\/wp-content\/uploads\/DS.jpg 942w\" sizes=\"(max-width: 300px) 100vw, 300px\" \/>\n\t\t<\/div>\n\t\t\t\t\t\t\t<\/div>\n\n\t\t\t\t\t\t\t\t\t\t\t<\/a>\n\t\t\t\t\t\n\t\t\t\t\t\t\t<div class=\"bdt-skin-abetis-desc bdt-padding-small\">\n\t\t\t\t\t<h6 class=\"bdt-gallery-item-title\">\n\t\t\tDS600ID\t\t<\/h6>\n\t\t\t\t\t\n\t\t<\/div>\n\t\t\t\t\t\t<\/div>\n\t\t\t<\/div>\n\t\t\t\t\t<div class=\"bdt-gallery-item bdt-width-1-1 bdt-width-1-2@s bdt-width-1-3@m\">\n\t\t\t\t<div class=\"bdt-custom-gallery-item-inner\">\n\n\t\t\t\t\t\t\t\t\t\t\n\t\t\t\t\t\t\t\t\t\t\t\t\t\t\t\t\t<a data-elementor-open-lightbox=\"no\" href=\"\/products\/dn1000id\/\" data-type=\"iframe\">\n\t\t\t\t\t\n\n\t\t\t\t\t<div class=\"bdt-custom-gallery-inner bdt-transition-toggle bdt-position-relative\">\n\t\t\t\t\t\t\n\t\t<div class=\"bdt-gallery-thumbnail\">\n\n\t\t\t<img loading=\"lazy\" width=\"300\" height=\"300\" src=\"https:\/\/danisense.com\/wp-content\/uploads\/DN-300x300.jpg\" class=\"attachment-medium size-medium\" alt=\"DN1000ID\" decoding=\"async\" srcset=\"https:\/\/danisense.com\/wp-content\/uploads\/DN-300x300.jpg 300w, https:\/\/danisense.com\/wp-content\/uploads\/DN-150x150.jpg 150w, https:\/\/danisense.com\/wp-content\/uploads\/DN-768x767.jpg 768w, https:\/\/danisense.com\/wp-content\/uploads\/DN.jpg 942w\" sizes=\"(max-width: 300px) 100vw, 300px\" \/>\n\t\t<\/div>\n\t\t\t\t\t\t\t<\/div>\n\n\t\t\t\t\t\t\t\t\t\t\t<\/a>\n\t\t\t\t\t\n\t\t\t\t\t\t\t<div class=\"bdt-skin-abetis-desc bdt-padding-small\">\n\t\t\t\t\t<h6 class=\"bdt-gallery-item-title\">\n\t\t\tDN1000ID\t\t<\/h6>\n\t\t\t\t\t\n\t\t<\/div>\n\t\t\t\t\t\t<\/div>\n\t\t\t<\/div>\n\t\t\t\t\t<div class=\"bdt-gallery-item bdt-width-1-1 bdt-width-1-2@s bdt-width-1-3@m\">\n\t\t\t\t<div class=\"bdt-custom-gallery-item-inner\">\n\n\t\t\t\t\t\t\t\t\t\t\n\t\t\t\t\t\t\t\t\t\t\t\t\t\t\t\t\t<a data-elementor-open-lightbox=\"no\" href=\"\/products\/dm1200id\/\" data-type=\"iframe\">\n\t\t\t\t\t\n\n\t\t\t\t\t<div class=\"bdt-custom-gallery-inner bdt-transition-toggle bdt-position-relative\">\n\t\t\t\t\t\t\n\t\t<div class=\"bdt-gallery-thumbnail\">\n\n\t\t\t<img loading=\"lazy\" width=\"300\" height=\"300\" src=\"https:\/\/danisense.com\/wp-content\/uploads\/DM-300x300.jpg\" class=\"attachment-medium size-medium\" alt=\"DM1200ID\" decoding=\"async\" srcset=\"https:\/\/danisense.com\/wp-content\/uploads\/DM-300x300.jpg 300w, https:\/\/danisense.com\/wp-content\/uploads\/DM-150x150.jpg 150w, https:\/\/danisense.com\/wp-content\/uploads\/DM-768x767.jpg 768w, https:\/\/danisense.com\/wp-content\/uploads\/DM.jpg 942w\" sizes=\"(max-width: 300px) 100vw, 300px\" \/>\n\t\t<\/div>\n\t\t\t\t\t\t\t<\/div>\n\n\t\t\t\t\t\t\t\t\t\t\t<\/a>\n\t\t\t\t\t\n\t\t\t\t\t\t\t<div class=\"bdt-skin-abetis-desc bdt-padding-small\">\n\t\t\t\t\t<h6 class=\"bdt-gallery-item-title\">\n\t\t\tDM1200ID\t\t<\/h6>\n\t\t\t\t\t\n\t\t<\/div>\n\t\t\t\t\t\t<\/div>\n\t\t\t<\/div>\n\t\t\t\t\t<div class=\"bdt-gallery-item bdt-width-1-1 bdt-width-1-2@s bdt-width-1-3@m\">\n\t\t\t\t<div class=\"bdt-custom-gallery-item-inner\">\n\n\t\t\t\t\t\t\t\t\t\t\n\t\t\t\t\t\t\t\t\t\t\t\t\t\t\t\t\t<a data-elementor-open-lightbox=\"no\" href=\"\/products\/dl2000id\/\" data-type=\"iframe\">\n\t\t\t\t\t\n\n\t\t\t\t\t<div class=\"bdt-custom-gallery-inner bdt-transition-toggle bdt-position-relative\">\n\t\t\t\t\t\t\n\t\t<div class=\"bdt-gallery-thumbnail\">\n\n\t\t\t<img loading=\"lazy\" width=\"300\" height=\"300\" src=\"https:\/\/danisense.com\/wp-content\/uploads\/DL-300x300.jpg\" class=\"attachment-medium size-medium\" alt=\"DL2000ID\" decoding=\"async\" srcset=\"https:\/\/danisense.com\/wp-content\/uploads\/DL-300x300.jpg 300w, https:\/\/danisense.com\/wp-content\/uploads\/DL-150x150.jpg 150w, https:\/\/danisense.com\/wp-content\/uploads\/DL-768x767.jpg 768w, https:\/\/danisense.com\/wp-content\/uploads\/DL.jpg 942w\" sizes=\"(max-width: 300px) 100vw, 300px\" \/>\n\t\t<\/div>\n\t\t\t\t\t\t\t<\/div>\n\n\t\t\t\t\t\t\t\t\t\t\t<\/a>\n\t\t\t\t\t\n\t\t\t\t\t\t\t<div class=\"bdt-skin-abetis-desc bdt-padding-small\">\n\t\t\t\t\t<h6 class=\"bdt-gallery-item-title\">\n\t\t\tDL2000ID\t\t<\/h6>\n\t\t\t\t\t\n\t\t<\/div>\n\t\t\t\t\t\t<\/div>\n\t\t\t<\/div>\n\t\t\t\t\t<div class=\"bdt-gallery-item bdt-width-1-1 bdt-width-1-2@s bdt-width-1-3@m\">\n\t\t\t\t<div class=\"bdt-custom-gallery-item-inner\">\n\n\t\t\t\t\t\t\t\t\t\t\n\t\t\t\t\t\t\t\t\t\t\t\t\t\t\t\t\t<a data-elementor-open-lightbox=\"no\" href=\"\/products\/dw500ub-2v\/\" data-type=\"iframe\">\n\t\t\t\t\t\n\n\t\t\t\t\t<div class=\"bdt-custom-gallery-inner bdt-transition-toggle bdt-position-relative\">\n\t\t\t\t\t\t\n\t\t<div class=\"bdt-gallery-thumbnail\">\n\n\t\t\t<img loading=\"lazy\" width=\"300\" height=\"300\" src=\"https:\/\/danisense.com\/wp-content\/uploads\/DW-300x300.jpg\" class=\"attachment-medium size-medium\" alt=\"DW500UB-2V\" decoding=\"async\" srcset=\"https:\/\/danisense.com\/wp-content\/uploads\/DW-300x300.jpg 300w, https:\/\/danisense.com\/wp-content\/uploads\/DW-150x150.jpg 150w, https:\/\/danisense.com\/wp-content\/uploads\/DW-768x767.jpg 768w, https:\/\/danisense.com\/wp-content\/uploads\/DW.jpg 942w\" sizes=\"(max-width: 300px) 100vw, 300px\" \/>\n\t\t<\/div>\n\t\t\t\t\t\t\t<\/div>\n\n\t\t\t\t\t\t\t\t\t\t\t<\/a>\n\t\t\t\t\t\n\t\t\t\t\t\t\t<div class=\"bdt-skin-abetis-desc bdt-padding-small\">\n\t\t\t\t\t<h6 class=\"bdt-gallery-item-title\">\n\t\t\tDW500UB-2V\t\t<\/h6>\n\t\t\t\t\t\n\t\t<\/div>\n\t\t\t\t\t\t<\/div>\n\t\t\t<\/div>\n\t\t\t\t\t<div class=\"bdt-gallery-item bdt-width-1-1 bdt-width-1-2@s bdt-width-1-3@m\">\n\t\t\t\t<div class=\"bdt-custom-gallery-item-inner\">\n\n\t\t\t\t\t\t\t\t\t\t\n\t\t\t\t\t\t\t\t\t\t\t\t\t\t\t\t\t<a data-elementor-open-lightbox=\"no\" href=\"\/products\/calibration-service\/\" data-type=\"iframe\">\n\t\t\t\t\t\n\n\t\t\t\t\t<div class=\"bdt-custom-gallery-inner bdt-transition-toggle bdt-position-relative\">\n\t\t\t\t\t\t\n\t\t<div class=\"bdt-gallery-thumbnail\">\n\n\t\t\t<img loading=\"lazy\" width=\"300\" height=\"300\" src=\"https:\/\/danisense.com\/wp-content\/uploads\/Calibration-Service-image-final-300x300.jpg\" class=\"attachment-medium size-medium\" alt=\"Kalibrierungsdienst\" decoding=\"async\" srcset=\"https:\/\/danisense.com\/wp-content\/uploads\/Calibration-Service-image-final-300x300.jpg 300w, https:\/\/danisense.com\/wp-content\/uploads\/Calibration-Service-image-final-150x150.jpg 150w, https:\/\/danisense.com\/wp-content\/uploads\/Calibration-Service-image-final.jpg 744w\" sizes=\"(max-width: 300px) 100vw, 300px\" \/>\n\t\t<\/div>\n\t\t\t\t\t\t\t<\/div>\n\n\t\t\t\t\t\t\t\t\t\t\t<\/a>\n\t\t\t\t\t\n\t\t\t\t\t\t\t<div class=\"bdt-skin-abetis-desc bdt-padding-small\">\n\t\t\t\t\t<h6 class=\"bdt-gallery-item-title\">\n\t\t\tKalibrierungsdienst\t\t<\/h6>\n\t\t\t\t\t\n\t\t<\/div>\n\t\t\t\t\t\t<\/div>\n\t\t\t<\/div>\n\t\t\t\t\t\t<\/div>\n\t\t\t\t\t\t<\/div>\n\t\t\t\t<\/div>\n\t\t\t\t\t<\/div>\n\t\t<\/div>\n\t\t\t\t\t<\/div>\n\t\t<\/section>\n\t\t\t\t<\/div>\n\t\t","protected":false},"excerpt":{"rendered":"<p>Test &amp; Messung Relevante Verwendung der Danisense Stromwandler in der Mess- und Pr\u00fcftechnikindustrie Anspruchsvolle Anwendungen wie hochpr\u00e4zise Test- und Messger\u00e4te (T&amp;M) erfordern hochpr\u00e4zise und zuverl\u00e4ssige Stromwandler, um die Effizienz verschiedener elektronischer und elektrischer Systeme zu analysieren, z.B. Wechselrichter in Hybrid-Elektrofahrzeugen (HEVs) und Elektrofahrzeugen (EVs). Danisense bietet eine breite Palette an hochpr\u00e4zisen und zuverl\u00e4ssigen Stromwandlern, die [&hellip;]<\/p>\n","protected":false},"author":1,"featured_media":12986,"parent":0,"menu_order":0,"comment_status":"closed","ping_status":"closed","template":"","meta":{"footnotes":""},"class_list":["post-15676","page","type-page","status-publish","has-post-thumbnail","hentry"],"_links":{"self":[{"href":"https:\/\/danisense.com\/de\/wp-json\/wp\/v2\/pages\/15676","targetHints":{"allow":["GET"]}}],"collection":[{"href":"https:\/\/danisense.com\/de\/wp-json\/wp\/v2\/pages"}],"about":[{"href":"https:\/\/danisense.com\/de\/wp-json\/wp\/v2\/types\/page"}],"author":[{"embeddable":true,"href":"https:\/\/danisense.com\/de\/wp-json\/wp\/v2\/users\/1"}],"replies":[{"embeddable":true,"href":"https:\/\/danisense.com\/de\/wp-json\/wp\/v2\/comments?post=15676"}],"version-history":[{"count":0,"href":"https:\/\/danisense.com\/de\/wp-json\/wp\/v2\/pages\/15676\/revisions"}],"wp:featuredmedia":[{"embeddable":true,"href":"https:\/\/danisense.com\/de\/wp-json\/wp\/v2\/media\/12986"}],"wp:attachment":[{"href":"https:\/\/danisense.com\/de\/wp-json\/wp\/v2\/media?parent=15676"}],"curies":[{"name":"wp","href":"https:\/\/api.w.org\/{rel}","templated":true}]}}