{"id":15615,"date":"2023-12-12T10:46:24","date_gmt":"2023-12-12T10:46:24","guid":{"rendered":"https:\/\/danisense.com\/anwendungshinweise\/"},"modified":"2024-08-02T05:10:14","modified_gmt":"2024-08-02T05:10:14","slug":"anwendungshinweise","status":"publish","type":"page","link":"https:\/\/danisense.com\/de\/anwendungshinweise\/","title":{"rendered":"Anwendungshinweise"},"content":{"rendered":"\t\t<div data-elementor-type=\"wp-page\" data-elementor-id=\"15615\" class=\"elementor elementor-15615 elementor-12099\" data-elementor-settings=\"{&quot;element_pack_global_tooltip_width&quot;:{&quot;unit&quot;:&quot;px&quot;,&quot;size&quot;:&quot;&quot;,&quot;sizes&quot;:[]},&quot;element_pack_global_tooltip_width_tablet&quot;:{&quot;unit&quot;:&quot;px&quot;,&quot;size&quot;:&quot;&quot;,&quot;sizes&quot;:[]},&quot;element_pack_global_tooltip_width_mobile&quot;:{&quot;unit&quot;:&quot;px&quot;,&quot;size&quot;:&quot;&quot;,&quot;sizes&quot;:[]},&quot;element_pack_global_tooltip_padding&quot;:{&quot;unit&quot;:&quot;px&quot;,&quot;top&quot;:&quot;&quot;,&quot;right&quot;:&quot;&quot;,&quot;bottom&quot;:&quot;&quot;,&quot;left&quot;:&quot;&quot;,&quot;isLinked&quot;:true},&quot;element_pack_global_tooltip_padding_tablet&quot;:{&quot;unit&quot;:&quot;px&quot;,&quot;top&quot;:&quot;&quot;,&quot;right&quot;:&quot;&quot;,&quot;bottom&quot;:&quot;&quot;,&quot;left&quot;:&quot;&quot;,&quot;isLinked&quot;:true},&quot;element_pack_global_tooltip_padding_mobile&quot;:{&quot;unit&quot;:&quot;px&quot;,&quot;top&quot;:&quot;&quot;,&quot;right&quot;:&quot;&quot;,&quot;bottom&quot;:&quot;&quot;,&quot;left&quot;:&quot;&quot;,&quot;isLinked&quot;:true},&quot;element_pack_global_tooltip_border_radius&quot;:{&quot;unit&quot;:&quot;px&quot;,&quot;top&quot;:&quot;&quot;,&quot;right&quot;:&quot;&quot;,&quot;bottom&quot;:&quot;&quot;,&quot;left&quot;:&quot;&quot;,&quot;isLinked&quot;:true},&quot;element_pack_global_tooltip_border_radius_tablet&quot;:{&quot;unit&quot;:&quot;px&quot;,&quot;top&quot;:&quot;&quot;,&quot;right&quot;:&quot;&quot;,&quot;bottom&quot;:&quot;&quot;,&quot;left&quot;:&quot;&quot;,&quot;isLinked&quot;:true},&quot;element_pack_global_tooltip_border_radius_mobile&quot;:{&quot;unit&quot;:&quot;px&quot;,&quot;top&quot;:&quot;&quot;,&quot;right&quot;:&quot;&quot;,&quot;bottom&quot;:&quot;&quot;,&quot;left&quot;:&quot;&quot;,&quot;isLinked&quot;:true}}\" data-elementor-post-type=\"page\">\n\t\t\t\t\t\t<section class=\"elementor-section elementor-top-section elementor-element elementor-element-eba5153 elementor-section-boxed elementor-section-height-default elementor-section-height-default\" data-id=\"eba5153\" data-element_type=\"section\" data-e-type=\"section\">\n\t\t\t\t\t\t<div class=\"elementor-container elementor-column-gap-default\">\n\t\t\t\t\t<div class=\"elementor-column elementor-col-100 elementor-top-column elementor-element elementor-element-3ed2bc1\" data-id=\"3ed2bc1\" data-element_type=\"column\" data-e-type=\"column\">\n\t\t\t<div class=\"elementor-widget-wrap elementor-element-populated\">\n\t\t\t\t\t\t<div class=\"elementor-element elementor-element-de22aa1 single-page-title elementor-widget elementor-widget-heading\" data-id=\"de22aa1\" data-element_type=\"widget\" data-e-type=\"widget\" data-widget_type=\"heading.default\">\n\t\t\t\t<div class=\"elementor-widget-container\">\n\t\t\t\t\t<h1 class=\"elementor-heading-title elementor-size-default\">Anwendungshinweise<\/h1>\t\t\t\t<\/div>\n\t\t\t\t<\/div>\n\t\t\t\t<section data-ep-wrapper-link=\"{&quot;url&quot;:&quot;\\\/wp-content\\\/uploads\\\/Application-Note-Calibration-Winding.pdf&quot;,&quot;is_external&quot;:&quot;on&quot;,&quot;nofollow&quot;:&quot;&quot;,&quot;custom_attributes&quot;:&quot;&quot;}\" style=\"cursor: pointer\" class=\"bdt-element-link elementor-section elementor-inner-section elementor-element elementor-element-5075f4a elementor-section-boxed elementor-section-height-default elementor-section-height-default\" data-id=\"5075f4a\" data-element_type=\"section\" data-e-type=\"section\">\n\t\t\t\t\t\t<div class=\"elementor-container elementor-column-gap-default\">\n\t\t\t\t\t<div class=\"elementor-column elementor-col-50 elementor-inner-column elementor-element elementor-element-e66f249\" data-id=\"e66f249\" data-element_type=\"column\" data-e-type=\"column\">\n\t\t\t<div class=\"elementor-widget-wrap elementor-element-populated\">\n\t\t\t\t\t\t<div class=\"elementor-element elementor-element-75b2b63 elementor-widget elementor-widget-image\" data-id=\"75b2b63\" data-element_type=\"widget\" data-e-type=\"widget\" data-widget_type=\"image.default\">\n\t\t\t\t<div class=\"elementor-widget-container\">\n\t\t\t\t\t\t\t\t\t\t\t\t\t\t\t<img fetchpriority=\"high\" decoding=\"async\" width=\"1655\" height=\"2340\" src=\"https:\/\/danisense.com\/wp-content\/uploads\/Application-Note-Calibration-Winding-1.png\" class=\"attachment-full size-full wp-image-14465\" alt=\"\" srcset=\"https:\/\/danisense.com\/wp-content\/uploads\/Application-Note-Calibration-Winding-1.png 1655w, https:\/\/danisense.com\/wp-content\/uploads\/Application-Note-Calibration-Winding-1-212x300.png 212w, https:\/\/danisense.com\/wp-content\/uploads\/Application-Note-Calibration-Winding-1-724x1024.png 724w, https:\/\/danisense.com\/wp-content\/uploads\/Application-Note-Calibration-Winding-1-768x1086.png 768w, https:\/\/danisense.com\/wp-content\/uploads\/Application-Note-Calibration-Winding-1-1086x1536.png 1086w, https:\/\/danisense.com\/wp-content\/uploads\/Application-Note-Calibration-Winding-1-1448x2048.png 1448w\" sizes=\"(max-width: 1655px) 100vw, 1655px\" \/>\t\t\t\t\t\t\t\t\t\t\t\t\t\t\t<\/div>\n\t\t\t\t<\/div>\n\t\t\t\t\t<\/div>\n\t\t<\/div>\n\t\t\t\t<div class=\"elementor-column elementor-col-50 elementor-inner-column elementor-element elementor-element-ba228fd\" data-id=\"ba228fd\" data-element_type=\"column\" data-e-type=\"column\">\n\t\t\t<div class=\"elementor-widget-wrap elementor-element-populated\">\n\t\t\t\t\t\t<div class=\"elementor-element elementor-element-f9ecbdf elementor-widget elementor-widget-heading\" data-id=\"f9ecbdf\" data-element_type=\"widget\" data-e-type=\"widget\" data-widget_type=\"heading.default\">\n\t\t\t\t<div class=\"elementor-widget-container\">\n\t\t\t\t\t<h2 class=\"elementor-heading-title elementor-size-default\"><a href=\"\/wp-content\/uploads\/Application-Note-Calibration-Winding.pdf\" target=\"_blank\">Kalibrierung<br> Wicklung<\/a><\/h2>\t\t\t\t<\/div>\n\t\t\t\t<\/div>\n\t\t\t\t<div class=\"elementor-element elementor-element-79d2da7 elementor-widget elementor-widget-text-editor\" data-id=\"79d2da7\" data-element_type=\"widget\" data-e-type=\"widget\" data-widget_type=\"text-editor.default\">\n\t\t\t\t<div class=\"elementor-widget-container\">\n\t\t\t\t\t\t\t\t\t<div class=\"TypographyPresentation TypographyPresentation--m RichText3-paragraph--withVSpacingNormal RichText3-paragraph\">Eine Kalibrierungswicklung ist eine Prim\u00e4rwicklung, die zum Testen und Kalibrieren eines Stromwandlers n\u00fctzlich sein kann, ohne dass ein nominaler Prim\u00e4rstrom angelegt wird.<\/div>\n<div>Die Anzahl der Windungen in der Kalibrierungswicklung liegt typischerweise im Bereich von 100 bis 3000.<\/div>\n\t\t\t\t\t\t\t\t<\/div>\n\t\t\t\t<\/div>\n\t\t\t\t\t<\/div>\n\t\t<\/div>\n\t\t\t\t\t<\/div>\n\t\t<\/section>\n\t\t\t\t<section data-ep-wrapper-link=\"{&quot;url&quot;:&quot;\\\/wp-content\\\/uploads\\\/Recommended_calibration_interval.pdf&quot;,&quot;is_external&quot;:&quot;on&quot;,&quot;nofollow&quot;:&quot;&quot;,&quot;custom_attributes&quot;:&quot;&quot;}\" style=\"cursor: pointer\" class=\"bdt-element-link elementor-section elementor-inner-section elementor-element elementor-element-661d7f5 elementor-section-boxed elementor-section-height-default elementor-section-height-default\" data-id=\"661d7f5\" data-element_type=\"section\" data-e-type=\"section\">\n\t\t\t\t\t\t<div class=\"elementor-container elementor-column-gap-default\">\n\t\t\t\t\t<div class=\"elementor-column elementor-col-50 elementor-inner-column elementor-element elementor-element-c5f121f\" data-id=\"c5f121f\" data-element_type=\"column\" data-e-type=\"column\">\n\t\t\t<div class=\"elementor-widget-wrap elementor-element-populated\">\n\t\t\t\t\t\t<div class=\"elementor-element elementor-element-80c7ab2 elementor-widget elementor-widget-image\" data-id=\"80c7ab2\" data-element_type=\"widget\" data-e-type=\"widget\" data-widget_type=\"image.default\">\n\t\t\t\t<div class=\"elementor-widget-container\">\n\t\t\t\t\t\t\t\t\t\t\t\t\t\t\t<img decoding=\"async\" width=\"1654\" height=\"2339\" src=\"https:\/\/danisense.com\/wp-content\/uploads\/Recommended_calibration_interval-1.png\" class=\"attachment-full size-full wp-image-14459\" alt=\"\" srcset=\"https:\/\/danisense.com\/wp-content\/uploads\/Recommended_calibration_interval-1.png 1654w, https:\/\/danisense.com\/wp-content\/uploads\/Recommended_calibration_interval-1-212x300.png 212w, https:\/\/danisense.com\/wp-content\/uploads\/Recommended_calibration_interval-1-724x1024.png 724w, https:\/\/danisense.com\/wp-content\/uploads\/Recommended_calibration_interval-1-768x1086.png 768w, https:\/\/danisense.com\/wp-content\/uploads\/Recommended_calibration_interval-1-1086x1536.png 1086w, https:\/\/danisense.com\/wp-content\/uploads\/Recommended_calibration_interval-1-1448x2048.png 1448w\" sizes=\"(max-width: 1654px) 100vw, 1654px\" \/>\t\t\t\t\t\t\t\t\t\t\t\t\t\t\t<\/div>\n\t\t\t\t<\/div>\n\t\t\t\t\t<\/div>\n\t\t<\/div>\n\t\t\t\t<div class=\"elementor-column elementor-col-50 elementor-inner-column elementor-element elementor-element-71849dd\" data-id=\"71849dd\" data-element_type=\"column\" data-e-type=\"column\">\n\t\t\t<div class=\"elementor-widget-wrap elementor-element-populated\">\n\t\t\t\t\t\t<div class=\"elementor-element elementor-element-3701320 elementor-widget elementor-widget-heading\" data-id=\"3701320\" data-element_type=\"widget\" data-e-type=\"widget\" data-widget_type=\"heading.default\">\n\t\t\t\t<div class=\"elementor-widget-container\">\n\t\t\t\t\t<h2 class=\"elementor-heading-title elementor-size-default\"><a href=\"\/wp-content\/uploads\/Recommended_calibration_interval.pdf\" target=\"_blank\">Empfohlenes<br>Kalibrierungsintervall<\/a><\/h2>\t\t\t\t<\/div>\n\t\t\t\t<\/div>\n\t\t\t\t<div class=\"elementor-element elementor-element-a46e186 elementor-widget elementor-widget-text-editor\" data-id=\"a46e186\" data-element_type=\"widget\" data-e-type=\"widget\" data-widget_type=\"text-editor.default\">\n\t\t\t\t<div class=\"elementor-widget-container\">\n\t\t\t\t\t\t\t\t\t<div class=\"TypographyPresentation TypographyPresentation--m RichText3-paragraph--withVSpacingNormal RichText3-paragraph\">Das notwendige Kalibrierungsintervall wird durch die Anforderungen des Benutzers bestimmt. Unter Ber\u00fccksichtigung der Stabilit\u00e4t der Messger\u00e4te und der zul\u00e4ssigen Messunsicherheit kann ein geeignetes Kalibrierungsintervall gew\u00e4hlt werden. Dies kann von Instrument zu Instrument unterschiedlich sein.<\/div>\n\t\t\t\t\t\t\t\t<\/div>\n\t\t\t\t<\/div>\n\t\t\t\t\t<\/div>\n\t\t<\/div>\n\t\t\t\t\t<\/div>\n\t\t<\/section>\n\t\t\t\t<section data-ep-wrapper-link=\"{&quot;url&quot;:&quot;\\\/wp-content\\\/uploads\\\/Current-Measurements-at-High-Frequencies.pdf&quot;,&quot;is_external&quot;:&quot;on&quot;,&quot;nofollow&quot;:&quot;&quot;,&quot;custom_attributes&quot;:&quot;&quot;}\" style=\"cursor: pointer\" class=\"bdt-element-link elementor-section elementor-inner-section elementor-element elementor-element-11df072 elementor-section-boxed elementor-section-height-default elementor-section-height-default\" data-id=\"11df072\" data-element_type=\"section\" data-e-type=\"section\">\n\t\t\t\t\t\t<div class=\"elementor-container elementor-column-gap-default\">\n\t\t\t\t\t<div class=\"elementor-column elementor-col-50 elementor-inner-column elementor-element elementor-element-d4b7525\" data-id=\"d4b7525\" data-element_type=\"column\" data-e-type=\"column\">\n\t\t\t<div class=\"elementor-widget-wrap elementor-element-populated\">\n\t\t\t\t\t\t<div class=\"elementor-element elementor-element-d2c70d6 elementor-widget elementor-widget-image\" data-id=\"d2c70d6\" data-element_type=\"widget\" data-e-type=\"widget\" data-widget_type=\"image.default\">\n\t\t\t\t<div class=\"elementor-widget-container\">\n\t\t\t\t\t\t\t\t\t\t\t\t\t\t\t<img decoding=\"async\" width=\"1654\" height=\"2339\" src=\"https:\/\/danisense.com\/wp-content\/uploads\/Current-Measurements-at-High-Frequencies-1.png\" class=\"attachment-full size-full wp-image-14462\" alt=\"\" srcset=\"https:\/\/danisense.com\/wp-content\/uploads\/Current-Measurements-at-High-Frequencies-1.png 1654w, https:\/\/danisense.com\/wp-content\/uploads\/Current-Measurements-at-High-Frequencies-1-212x300.png 212w, https:\/\/danisense.com\/wp-content\/uploads\/Current-Measurements-at-High-Frequencies-1-724x1024.png 724w, https:\/\/danisense.com\/wp-content\/uploads\/Current-Measurements-at-High-Frequencies-1-768x1086.png 768w, https:\/\/danisense.com\/wp-content\/uploads\/Current-Measurements-at-High-Frequencies-1-1086x1536.png 1086w, https:\/\/danisense.com\/wp-content\/uploads\/Current-Measurements-at-High-Frequencies-1-1448x2048.png 1448w\" sizes=\"(max-width: 1654px) 100vw, 1654px\" \/>\t\t\t\t\t\t\t\t\t\t\t\t\t\t\t<\/div>\n\t\t\t\t<\/div>\n\t\t\t\t\t<\/div>\n\t\t<\/div>\n\t\t\t\t<div class=\"elementor-column elementor-col-50 elementor-inner-column elementor-element elementor-element-d91a92c\" data-id=\"d91a92c\" data-element_type=\"column\" data-e-type=\"column\">\n\t\t\t<div class=\"elementor-widget-wrap elementor-element-populated\">\n\t\t\t\t\t\t<div class=\"elementor-element elementor-element-afea5c4 elementor-widget elementor-widget-heading\" data-id=\"afea5c4\" data-element_type=\"widget\" data-e-type=\"widget\" data-widget_type=\"heading.default\">\n\t\t\t\t<div class=\"elementor-widget-container\">\n\t\t\t\t\t<h2 class=\"elementor-heading-title elementor-size-default\"><a href=\"\/wp-content\/uploads\/Current-Measurements-at-High-Frequencies.pdf\" target=\"_blank\">Strommessungen bei hohen Frequenzen<\/a><\/h2>\t\t\t\t<\/div>\n\t\t\t\t<\/div>\n\t\t\t\t<div class=\"elementor-element elementor-element-49335fc elementor-widget elementor-widget-text-editor\" data-id=\"49335fc\" data-element_type=\"widget\" data-e-type=\"widget\" data-widget_type=\"text-editor.default\">\n\t\t\t\t<div class=\"elementor-widget-container\">\n\t\t\t\t\t\t\t\t\t<div class=\"TypographyPresentation TypographyPresentation--m RichText3-paragraph--withVSpacingNormal RichText3-paragraph\">Bei der Messung von Str\u00f6men mit Frequenzen \u00fcber 1 MHz ist der Messaufbau besonders wichtig f\u00fcr die Pr\u00e4zision der Messung. Es ist wichtig, dass die Stromfelder aus Sicht des Stromwandlers so symmetrisch wie m\u00f6glich sind, um die h\u00f6chste Pr\u00e4zision der Messung zu erreichen.<\/div>\n\t\t\t\t\t\t\t\t<\/div>\n\t\t\t\t<\/div>\n\t\t\t\t\t<\/div>\n\t\t<\/div>\n\t\t\t\t\t<\/div>\n\t\t<\/section>\n\t\t\t\t\t<\/div>\n\t\t<\/div>\n\t\t\t\t\t<\/div>\n\t\t<\/section>\n\t\t\t\t<\/div>\n\t\t","protected":false},"excerpt":{"rendered":"<p>Anwendungshinweise Kalibrierung Wicklung Eine Kalibrierungswicklung ist eine Prim\u00e4rwicklung, die zum Testen und Kalibrieren eines Stromwandlers n\u00fctzlich sein kann, ohne dass ein nominaler Prim\u00e4rstrom angelegt wird. Die Anzahl der Windungen in der Kalibrierungswicklung liegt typischerweise im Bereich von 100 bis 3000. EmpfohlenesKalibrierungsintervall Das notwendige Kalibrierungsintervall wird durch die Anforderungen des Benutzers bestimmt. Unter Ber\u00fccksichtigung der Stabilit\u00e4t [&hellip;]<\/p>\n","protected":false},"author":13,"featured_media":0,"parent":0,"menu_order":0,"comment_status":"closed","ping_status":"closed","template":"","meta":{"footnotes":""},"class_list":["post-15615","page","type-page","status-publish","hentry"],"_links":{"self":[{"href":"https:\/\/danisense.com\/de\/wp-json\/wp\/v2\/pages\/15615","targetHints":{"allow":["GET"]}}],"collection":[{"href":"https:\/\/danisense.com\/de\/wp-json\/wp\/v2\/pages"}],"about":[{"href":"https:\/\/danisense.com\/de\/wp-json\/wp\/v2\/types\/page"}],"author":[{"embeddable":true,"href":"https:\/\/danisense.com\/de\/wp-json\/wp\/v2\/users\/13"}],"replies":[{"embeddable":true,"href":"https:\/\/danisense.com\/de\/wp-json\/wp\/v2\/comments?post=15615"}],"version-history":[{"count":0,"href":"https:\/\/danisense.com\/de\/wp-json\/wp\/v2\/pages\/15615\/revisions"}],"wp:attachment":[{"href":"https:\/\/danisense.com\/de\/wp-json\/wp\/v2\/media?parent=15615"}],"curies":[{"name":"wp","href":"https:\/\/api.w.org\/{rel}","templated":true}]}}