{"id":15614,"date":"2023-03-21T09:17:15","date_gmt":"2023-03-21T09:17:15","guid":{"rendered":"https:\/\/danisense.com\/medizinisch\/"},"modified":"2024-10-10T05:29:08","modified_gmt":"2024-10-10T05:29:08","slug":"medizinisch","status":"publish","type":"page","link":"https:\/\/danisense.com\/de\/medizinisch\/","title":{"rendered":"Medizinisch"},"content":{"rendered":"\t\t<div data-elementor-type=\"wp-page\" data-elementor-id=\"15614\" class=\"elementor elementor-15614 elementor-8224\" data-elementor-settings=\"{&quot;element_pack_global_tooltip_width&quot;:{&quot;unit&quot;:&quot;px&quot;,&quot;size&quot;:&quot;&quot;,&quot;sizes&quot;:[]},&quot;element_pack_global_tooltip_width_tablet&quot;:{&quot;unit&quot;:&quot;px&quot;,&quot;size&quot;:&quot;&quot;,&quot;sizes&quot;:[]},&quot;element_pack_global_tooltip_width_mobile&quot;:{&quot;unit&quot;:&quot;px&quot;,&quot;size&quot;:&quot;&quot;,&quot;sizes&quot;:[]},&quot;element_pack_global_tooltip_padding&quot;:{&quot;unit&quot;:&quot;px&quot;,&quot;top&quot;:&quot;&quot;,&quot;right&quot;:&quot;&quot;,&quot;bottom&quot;:&quot;&quot;,&quot;left&quot;:&quot;&quot;,&quot;isLinked&quot;:true},&quot;element_pack_global_tooltip_padding_tablet&quot;:{&quot;unit&quot;:&quot;px&quot;,&quot;top&quot;:&quot;&quot;,&quot;right&quot;:&quot;&quot;,&quot;bottom&quot;:&quot;&quot;,&quot;left&quot;:&quot;&quot;,&quot;isLinked&quot;:true},&quot;element_pack_global_tooltip_padding_mobile&quot;:{&quot;unit&quot;:&quot;px&quot;,&quot;top&quot;:&quot;&quot;,&quot;right&quot;:&quot;&quot;,&quot;bottom&quot;:&quot;&quot;,&quot;left&quot;:&quot;&quot;,&quot;isLinked&quot;:true},&quot;element_pack_global_tooltip_border_radius&quot;:{&quot;unit&quot;:&quot;px&quot;,&quot;top&quot;:&quot;&quot;,&quot;right&quot;:&quot;&quot;,&quot;bottom&quot;:&quot;&quot;,&quot;left&quot;:&quot;&quot;,&quot;isLinked&quot;:true},&quot;element_pack_global_tooltip_border_radius_tablet&quot;:{&quot;unit&quot;:&quot;px&quot;,&quot;top&quot;:&quot;&quot;,&quot;right&quot;:&quot;&quot;,&quot;bottom&quot;:&quot;&quot;,&quot;left&quot;:&quot;&quot;,&quot;isLinked&quot;:true},&quot;element_pack_global_tooltip_border_radius_mobile&quot;:{&quot;unit&quot;:&quot;px&quot;,&quot;top&quot;:&quot;&quot;,&quot;right&quot;:&quot;&quot;,&quot;bottom&quot;:&quot;&quot;,&quot;left&quot;:&quot;&quot;,&quot;isLinked&quot;:true}}\" data-elementor-post-type=\"page\">\n\t\t\t\t\t\t<section class=\"elementor-section elementor-top-section elementor-element elementor-element-4777b61 elementor-section-boxed elementor-section-height-default elementor-section-height-default\" data-id=\"4777b61\" data-element_type=\"section\" data-e-type=\"section\">\n\t\t\t\t\t\t<div class=\"elementor-container elementor-column-gap-default\">\n\t\t\t\t\t<div class=\"elementor-column elementor-col-100 elementor-top-column elementor-element elementor-element-2f19a10\" data-id=\"2f19a10\" data-element_type=\"column\" data-e-type=\"column\">\n\t\t\t<div class=\"elementor-widget-wrap elementor-element-populated\">\n\t\t\t\t\t\t<div class=\"elementor-element elementor-element-bfee6ba single-page-title elementor-widget elementor-widget-heading\" data-id=\"bfee6ba\" data-element_type=\"widget\" data-e-type=\"widget\" data-widget_type=\"heading.default\">\n\t\t\t\t<div class=\"elementor-widget-container\">\n\t\t\t\t\t<h1 class=\"elementor-heading-title elementor-size-default\">Medizinisch<\/h1>\t\t\t\t<\/div>\n\t\t\t\t<\/div>\n\t\t\t\t<div class=\"elementor-element elementor-element-d9d293a elementor-widget elementor-widget-heading\" data-id=\"d9d293a\" data-element_type=\"widget\" data-e-type=\"widget\" data-widget_type=\"heading.default\">\n\t\t\t\t<div class=\"elementor-widget-container\">\n\t\t\t\t\t<h4 class=\"elementor-heading-title elementor-size-default\">Relevante Verwendung der Danisense Stromwandler in der medizinischen Industrie<\/h4>\t\t\t\t<\/div>\n\t\t\t\t<\/div>\n\t\t\t\t<div class=\"elementor-element elementor-element-1802b75 elementor-widget elementor-widget-image\" data-id=\"1802b75\" data-element_type=\"widget\" data-e-type=\"widget\" data-widget_type=\"image.default\">\n\t\t\t\t<div class=\"elementor-widget-container\">\n\t\t\t\t\t\t\t\t\t\t\t\t\t\t\t<img fetchpriority=\"high\" decoding=\"async\" width=\"800\" height=\"531\" src=\"https:\/\/danisense.com\/wp-content\/uploads\/Medical-1024x680.jpg\" class=\"attachment-large size-large wp-image-14160\" alt=\"\" srcset=\"https:\/\/danisense.com\/wp-content\/uploads\/Medical-1024x680.jpg 1024w, https:\/\/danisense.com\/wp-content\/uploads\/Medical-300x199.jpg 300w, https:\/\/danisense.com\/wp-content\/uploads\/Medical-768x510.jpg 768w, https:\/\/danisense.com\/wp-content\/uploads\/Medical-1536x1020.jpg 1536w, https:\/\/danisense.com\/wp-content\/uploads\/Medical.jpg 1900w\" sizes=\"(max-width: 800px) 100vw, 800px\" \/>\t\t\t\t\t\t\t\t\t\t\t\t\t\t\t<\/div>\n\t\t\t\t<\/div>\n\t\t\t\t<div class=\"elementor-element elementor-element-17478e2 elementor-widget elementor-widget-text-editor\" data-id=\"17478e2\" data-element_type=\"widget\" data-e-type=\"widget\" data-widget_type=\"text-editor.default\">\n\t\t\t\t<div class=\"elementor-widget-container\">\n\t\t\t\t\t\t\t\t\t<p>Moderne medizinische Ger\u00e4te erfordern oft eine sehr genaue Kontrolle des Magnetfelds.<br \/>\nDie \u00e4u\u00dferst zuverl\u00e4ssigen und genauen Stromwandler von Danisense sind in die Stromversorgungen der medizinischen Ger\u00e4te integriert, die diese Magnetfelder erzeugen, und liefern sehr pr\u00e4zise Leistungsmessungen, die bei der Kontrolle der Magnetfelder helfen. <\/p>\n<p>In MRT-Scannern erm\u00f6glichen die Stromwandler von Danisense sehr pr\u00e4zise Bilder durch eine sehr genaue Messung der Wiederholbarkeit (die die Bildqualit\u00e4t beeinflusst) mit sehr geringer Hysterese (&lt; 7 ppm).<br \/>\nEine sehr hohe Stabilit\u00e4t w\u00e4hrend des Scan-Zeitraums wird durch eine sehr geringe zeitliche Drift und eine hohe St\u00f6rfestigkeit erreicht (Offset-Drift &lt; 0,02 ppm\/Monat).<br \/>\nIn der Protonentherapie steuern die Stromwandler von Danisense sehr genau und sicher die Leistung der Elektromagneten, die zur Steuerung der Teilchenbahn und der Strahlposition in einem Teilchenbeschleuniger verwendet werden.<br \/>\nDies garantiert die langfristige Stabilit\u00e4t der Teilchenbeschleuniger.   <\/p>\n\t\t\t\t\t\t\t\t<\/div>\n\t\t\t\t<\/div>\n\t\t\t\t\t<\/div>\n\t\t<\/div>\n\t\t\t\t\t<\/div>\n\t\t<\/section>\n\t\t\t\t<section class=\"elementor-section elementor-top-section elementor-element elementor-element-ae314bd battery elementor-section-boxed elementor-section-height-default elementor-section-height-default\" data-id=\"ae314bd\" data-element_type=\"section\" data-e-type=\"section\">\n\t\t\t\t\t\t<div class=\"elementor-container elementor-column-gap-default\">\n\t\t\t\t\t<div class=\"elementor-column elementor-col-100 elementor-top-column elementor-element elementor-element-78669c2\" data-id=\"78669c2\" data-element_type=\"column\" data-e-type=\"column\">\n\t\t\t<div class=\"elementor-widget-wrap elementor-element-populated\">\n\t\t\t\t\t\t<div class=\"elementor-element elementor-element-625785b elementor-widget elementor-widget-image-gallery\" data-id=\"625785b\" data-element_type=\"widget\" data-e-type=\"widget\" data-widget_type=\"image-gallery.default\">\n\t\t\t\t<div class=\"elementor-widget-container\">\n\t\t\t\t\t\t\t<div class=\"elementor-image-gallery\">\n\t\t\t<div id='gallery-1' class='gallery galleryid-15614 gallery-columns-4 gallery-size-thumbnail'><figure class='gallery-item'>\n\t\t\t<div class='gallery-icon landscape'>\n\t\t\t\t<a data-elementor-open-lightbox=\"yes\" data-elementor-lightbox-slideshow=\"625785b\" data-elementor-lightbox-title=\"DS300UB-10V_2_optimized\" data-e-action-hash=\"#elementor-action%3Aaction%3Dlightbox%26settings%3DeyJpZCI6MTM3NzYsInVybCI6Imh0dHBzOlwvXC9kYW5pc2Vuc2UuY29tXC93cC1jb250ZW50XC91cGxvYWRzXC9EUzMwMFVCLTEwVl8yX29wdGltaXplZC5qcGciLCJzbGlkZXNob3ciOiI2MjU3ODViIn0%3D\" href='https:\/\/danisense.com\/wp-content\/uploads\/DS300UB-10V_2_optimized.jpg'><img width=\"150\" height=\"150\" src=\"https:\/\/danisense.com\/wp-content\/uploads\/DS300UB-10V_2_optimized-150x150.jpg\" class=\"attachment-thumbnail size-thumbnail\" alt=\"\" decoding=\"async\" srcset=\"https:\/\/danisense.com\/wp-content\/uploads\/DS300UB-10V_2_optimized-150x150.jpg 150w, https:\/\/danisense.com\/wp-content\/uploads\/DS300UB-10V_2_optimized-300x300.jpg 300w, https:\/\/danisense.com\/wp-content\/uploads\/DS300UB-10V_2_optimized-1024x1024.jpg 1024w, https:\/\/danisense.com\/wp-content\/uploads\/DS300UB-10V_2_optimized-768x768.jpg 768w, https:\/\/danisense.com\/wp-content\/uploads\/DS300UB-10V_2_optimized.jpg 1080w\" sizes=\"(max-width: 150px) 100vw, 150px\" \/><\/a>\n\t\t\t<\/div><\/figure><figure class='gallery-item'>\n\t\t\t<div class='gallery-icon portrait'>\n\t\t\t\t<a data-elementor-open-lightbox=\"yes\" data-elementor-lightbox-slideshow=\"625785b\" data-elementor-lightbox-title=\"Danisense DW Wideband Current Transducer\" data-e-action-hash=\"#elementor-action%3Aaction%3Dlightbox%26settings%3DeyJpZCI6MTM3MzQsInVybCI6Imh0dHBzOlwvXC9kYW5pc2Vuc2UuY29tXC93cC1jb250ZW50XC91cGxvYWRzXC9TY3JlZW5zaG90LTIwMjItMDctMDctYXQtMTQuMTIuMzEucG5nIiwic2xpZGVzaG93IjoiNjI1Nzg1YiJ9\" href='https:\/\/danisense.com\/wp-content\/uploads\/Screenshot-2022-07-07-at-14.12.31.png'><img width=\"150\" height=\"150\" src=\"https:\/\/danisense.com\/wp-content\/uploads\/Screenshot-2022-07-07-at-14.12.31-150x150.png\" class=\"attachment-thumbnail size-thumbnail\" alt=\"\" decoding=\"async\" \/><\/a>\n\t\t\t<\/div><\/figure><figure class='gallery-item'>\n\t\t\t<div class='gallery-icon landscape'>\n\t\t\t\t<a data-elementor-open-lightbox=\"yes\" data-elementor-lightbox-slideshow=\"625785b\" data-elementor-lightbox-title=\"DL Series_VOM_angle (37)_optimized\" data-e-action-hash=\"#elementor-action%3Aaction%3Dlightbox%26settings%3DeyJpZCI6MTM0NjMsInVybCI6Imh0dHBzOlwvXC9kYW5pc2Vuc2UuY29tXC93cC1jb250ZW50XC91cGxvYWRzXC9ETC1TZXJpZXNfVk9NX2FuZ2xlLTM3X29wdGltaXplZC5qcGciLCJzbGlkZXNob3ciOiI2MjU3ODViIn0%3D\" href='https:\/\/danisense.com\/wp-content\/uploads\/DL-Series_VOM_angle-37_optimized.jpg'><img loading=\"lazy\" width=\"150\" height=\"150\" src=\"https:\/\/danisense.com\/wp-content\/uploads\/DL-Series_VOM_angle-37_optimized-150x150.jpg\" class=\"attachment-thumbnail size-thumbnail\" alt=\"\" decoding=\"async\" srcset=\"https:\/\/danisense.com\/wp-content\/uploads\/DL-Series_VOM_angle-37_optimized-150x150.jpg 150w, https:\/\/danisense.com\/wp-content\/uploads\/DL-Series_VOM_angle-37_optimized-300x300.jpg 300w, https:\/\/danisense.com\/wp-content\/uploads\/DL-Series_VOM_angle-37_optimized-1024x1024.jpg 1024w, https:\/\/danisense.com\/wp-content\/uploads\/DL-Series_VOM_angle-37_optimized-768x768.jpg 768w, https:\/\/danisense.com\/wp-content\/uploads\/DL-Series_VOM_angle-37_optimized.jpg 1080w\" sizes=\"(max-width: 150px) 100vw, 150px\" \/><\/a>\n\t\t\t<\/div><\/figure><figure class='gallery-item'>\n\t\t\t<div class='gallery-icon landscape'>\n\t\t\t\t<a data-elementor-open-lightbox=\"yes\" data-elementor-lightbox-slideshow=\"625785b\" data-elementor-lightbox-title=\"DM Series_VOM (39)_optimized\" data-e-action-hash=\"#elementor-action%3Aaction%3Dlightbox%26settings%3DeyJpZCI6MTM0NjYsInVybCI6Imh0dHBzOlwvXC9kYW5pc2Vuc2UuY29tXC93cC1jb250ZW50XC91cGxvYWRzXC9ETS1TZXJpZXNfVk9NLTM5X29wdGltaXplZC5qcGciLCJzbGlkZXNob3ciOiI2MjU3ODViIn0%3D\" href='https:\/\/danisense.com\/wp-content\/uploads\/DM-Series_VOM-39_optimized.jpg'><img loading=\"lazy\" width=\"150\" height=\"150\" src=\"https:\/\/danisense.com\/wp-content\/uploads\/DM-Series_VOM-39_optimized-150x150.jpg\" class=\"attachment-thumbnail size-thumbnail\" alt=\"\" decoding=\"async\" srcset=\"https:\/\/danisense.com\/wp-content\/uploads\/DM-Series_VOM-39_optimized-150x150.jpg 150w, https:\/\/danisense.com\/wp-content\/uploads\/DM-Series_VOM-39_optimized-300x300.jpg 300w, https:\/\/danisense.com\/wp-content\/uploads\/DM-Series_VOM-39_optimized-1024x1024.jpg 1024w, https:\/\/danisense.com\/wp-content\/uploads\/DM-Series_VOM-39_optimized-768x768.jpg 768w, https:\/\/danisense.com\/wp-content\/uploads\/DM-Series_VOM-39_optimized.jpg 1080w\" sizes=\"(max-width: 150px) 100vw, 150px\" \/><\/a>\n\t\t\t<\/div><\/figure><figure class='gallery-item'>\n\t\t\t<div class='gallery-icon landscape'>\n\t\t\t\t<a data-elementor-open-lightbox=\"yes\" data-elementor-lightbox-slideshow=\"625785b\" data-elementor-lightbox-title=\"DQ500ID_label up_angle (42)\" data-e-action-hash=\"#elementor-action%3Aaction%3Dlightbox%26settings%3DeyJpZCI6MTM0NjAsInVybCI6Imh0dHBzOlwvXC9kYW5pc2Vuc2UuY29tXC93cC1jb250ZW50XC91cGxvYWRzXC9EUTUwMElEX2xhYmVsLXVwX2FuZ2xlLTQyLmpwZyIsInNsaWRlc2hvdyI6IjYyNTc4NWIifQ%3D%3D\" href='https:\/\/danisense.com\/wp-content\/uploads\/DQ500ID_label-up_angle-42.jpg'><img loading=\"lazy\" width=\"150\" height=\"150\" src=\"https:\/\/danisense.com\/wp-content\/uploads\/DQ500ID_label-up_angle-42-150x150.jpg\" class=\"attachment-thumbnail size-thumbnail\" alt=\"\" decoding=\"async\" srcset=\"https:\/\/danisense.com\/wp-content\/uploads\/DQ500ID_label-up_angle-42-150x150.jpg 150w, https:\/\/danisense.com\/wp-content\/uploads\/DQ500ID_label-up_angle-42-300x300.jpg 300w, https:\/\/danisense.com\/wp-content\/uploads\/DQ500ID_label-up_angle-42-1024x1024.jpg 1024w, https:\/\/danisense.com\/wp-content\/uploads\/DQ500ID_label-up_angle-42-768x768.jpg 768w, https:\/\/danisense.com\/wp-content\/uploads\/DQ500ID_label-up_angle-42.jpg 1080w\" sizes=\"(max-width: 150px) 100vw, 150px\" \/><\/a>\n\t\t\t<\/div><\/figure>\n\t\t<\/div>\n\t\t<\/div>\n\t\t\t\t\t\t<\/div>\n\t\t\t\t<\/div>\n\t\t\t\t\t<\/div>\n\t\t<\/div>\n\t\t\t\t\t<\/div>\n\t\t<\/section>\n\t\t\t\t<section class=\"elementor-section elementor-top-section elementor-element elementor-element-e15b96f elementor-section-boxed elementor-section-height-default elementor-section-height-default\" data-id=\"e15b96f\" data-element_type=\"section\" data-e-type=\"section\">\n\t\t\t\t\t\t<div class=\"elementor-container elementor-column-gap-no\">\n\t\t\t\t\t<div class=\"elementor-column elementor-col-100 elementor-top-column elementor-element elementor-element-365755f\" data-id=\"365755f\" data-element_type=\"column\" data-e-type=\"column\">\n\t\t\t<div class=\"elementor-widget-wrap elementor-element-populated\">\n\t\t\t\t\t\t<div class=\"elementor-element elementor-element-5e51ef1 config-text elementor-widget elementor-widget-heading\" data-id=\"5e51ef1\" data-element_type=\"widget\" data-e-type=\"widget\" data-widget_type=\"heading.default\">\n\t\t\t\t<div class=\"elementor-widget-container\">\n\t\t\t\t\t<h2 class=\"elementor-heading-title elementor-size-default\"><p>Danisense Stromwandler ideal f\u00fcr medizinische Anwendungen geeignet<\/p><\/h2>\t\t\t\t<\/div>\n\t\t\t\t<\/div>\n\t\t\t\t\t<\/div>\n\t\t<\/div>\n\t\t\t\t\t<\/div>\n\t\t<\/section>\n\t\t\t\t<section class=\"elementor-section elementor-top-section elementor-element elementor-element-63d5224 elementor-section-boxed elementor-section-height-default elementor-section-height-default\" data-id=\"63d5224\" data-element_type=\"section\" data-e-type=\"section\">\n\t\t\t\t\t\t<div class=\"elementor-container elementor-column-gap-default\">\n\t\t\t\t\t<div class=\"elementor-column elementor-col-100 elementor-top-column elementor-element elementor-element-b02ff92\" data-id=\"b02ff92\" data-element_type=\"column\" data-e-type=\"column\">\n\t\t\t<div class=\"elementor-widget-wrap elementor-element-populated\">\n\t\t\t\t\t\t<div class=\"elementor-element elementor-element-f96a665 single_products_gallery bdt-skin-fedara-style-center elementor-widget elementor-widget-bdt-custom-gallery\" data-id=\"f96a665\" data-element_type=\"widget\" data-e-type=\"widget\" data-settings=\"{&quot;columns&quot;:&quot;3&quot;,&quot;columns_tablet&quot;:&quot;2&quot;,&quot;columns_mobile&quot;:&quot;1&quot;}\" data-widget_type=\"bdt-custom-gallery.bdt-abetis\">\n\t\t\t\t<div class=\"elementor-widget-container\">\n\t\t\t\t\t\t\t<div id=\"bdt-custom-gallery-f96a665\" class=\"bdt-custom-gallery bdt-skin-abetis bdt-grid bdt-grid-small\" data-settings=\"{&quot;id&quot;:&quot;#bdt-custom-gallery-f96a665&quot;,&quot;tiltShow&quot;:false}\">\n\t\t\t\t\t\t<div class=\"bdt-gallery-item bdt-width-1-1 bdt-width-1-2@s bdt-width-1-3@m\">\n\t\t\t\t<div class=\"bdt-custom-gallery-item-inner\">\n\n\t\t\t\t\t\t\t\t\t\t\n\t\t\t\t\t\t\t\t\t\t\t\t\t\t\t\t\t<a data-elementor-open-lightbox=\"no\" href=\"\/products\/dq600id\/\" id=\"custome_link\" data-type=\"iframe\" target=\"_blank\">\n\t\t\t\t\t\n\n\t\t\t\t\t<div class=\"bdt-custom-gallery-inner bdt-transition-toggle bdt-position-relative\">\n\t\t\t\t\t\t\n\t\t<div class=\"bdt-gallery-thumbnail\">\n\n\t\t\t<img loading=\"lazy\" width=\"768\" height=\"767\" src=\"https:\/\/danisense.com\/wp-content\/uploads\/DQ-768x767.jpg\" class=\"attachment-medium_large size-medium_large\" alt=\"DQ600ID\" decoding=\"async\" srcset=\"https:\/\/danisense.com\/wp-content\/uploads\/DQ-768x767.jpg 768w, https:\/\/danisense.com\/wp-content\/uploads\/DQ-300x300.jpg 300w, https:\/\/danisense.com\/wp-content\/uploads\/DQ-150x150.jpg 150w, https:\/\/danisense.com\/wp-content\/uploads\/DQ.jpg 942w\" sizes=\"(max-width: 768px) 100vw, 768px\" \/>\n\t\t<\/div>\n\t\t\t\t\t\t\t<\/div>\n\n\t\t\t\t\t\t\t\t\t\t\t<\/a>\n\t\t\t\t\t\n\t\t\t\t\t\t\t<div class=\"bdt-skin-abetis-desc bdt-padding-small\">\n\t\t\t\t\t<h6 class=\"bdt-gallery-item-title\">\n\t\t\tDQ600ID\t\t<\/h6>\n\t\t\t\t\t\n\t\t<\/div>\n\t\t\t\t\t\t<\/div>\n\t\t\t<\/div>\n\t\t\t\t\t<div class=\"bdt-gallery-item bdt-width-1-1 bdt-width-1-2@s bdt-width-1-3@m\">\n\t\t\t\t<div class=\"bdt-custom-gallery-item-inner\">\n\n\t\t\t\t\t\t\t\t\t\t\n\t\t\t\t\t\t\t\t\t\t\t\t\t\t\t\t\t<a data-elementor-open-lightbox=\"no\" href=\"\/products\/ds200id\/\" id=\"custome_link\" data-type=\"iframe\" target=\"_blank\">\n\t\t\t\t\t\n\n\t\t\t\t\t<div class=\"bdt-custom-gallery-inner bdt-transition-toggle bdt-position-relative\">\n\t\t\t\t\t\t\n\t\t<div class=\"bdt-gallery-thumbnail\">\n\n\t\t\t<img loading=\"lazy\" width=\"768\" height=\"767\" src=\"https:\/\/danisense.com\/wp-content\/uploads\/DS-768x767.jpg\" class=\"attachment-medium_large size-medium_large\" alt=\"DS200ID\" decoding=\"async\" srcset=\"https:\/\/danisense.com\/wp-content\/uploads\/DS-768x767.jpg 768w, https:\/\/danisense.com\/wp-content\/uploads\/DS-300x300.jpg 300w, https:\/\/danisense.com\/wp-content\/uploads\/DS-150x150.jpg 150w, https:\/\/danisense.com\/wp-content\/uploads\/DS.jpg 942w\" sizes=\"(max-width: 768px) 100vw, 768px\" \/>\n\t\t<\/div>\n\t\t\t\t\t\t\t<\/div>\n\n\t\t\t\t\t\t\t\t\t\t\t<\/a>\n\t\t\t\t\t\n\t\t\t\t\t\t\t<div class=\"bdt-skin-abetis-desc bdt-padding-small\">\n\t\t\t\t\t<h6 class=\"bdt-gallery-item-title\">\n\t\t\tDS200ID\t\t<\/h6>\n\t\t\t\t\t\n\t\t<\/div>\n\t\t\t\t\t\t<\/div>\n\t\t\t<\/div>\n\t\t\t\t\t<div class=\"bdt-gallery-item bdt-width-1-1 bdt-width-1-2@s bdt-width-1-3@m\">\n\t\t\t\t<div class=\"bdt-custom-gallery-item-inner\">\n\n\t\t\t\t\t\t\t\t\t\t\n\t\t\t\t\t\t\t\t\t\t\t\t\t\t\t\t\t<a data-elementor-open-lightbox=\"no\" href=\"\/products\/ds400id\/\" id=\"custome_link\" data-type=\"iframe\" target=\"_blank\">\n\t\t\t\t\t\n\n\t\t\t\t\t<div class=\"bdt-custom-gallery-inner bdt-transition-toggle bdt-position-relative\">\n\t\t\t\t\t\t\n\t\t<div class=\"bdt-gallery-thumbnail\">\n\n\t\t\t<img loading=\"lazy\" width=\"768\" height=\"767\" src=\"https:\/\/danisense.com\/wp-content\/uploads\/DS-768x767.jpg\" class=\"attachment-medium_large size-medium_large\" alt=\"DS400ID\" decoding=\"async\" srcset=\"https:\/\/danisense.com\/wp-content\/uploads\/DS-768x767.jpg 768w, https:\/\/danisense.com\/wp-content\/uploads\/DS-300x300.jpg 300w, https:\/\/danisense.com\/wp-content\/uploads\/DS-150x150.jpg 150w, https:\/\/danisense.com\/wp-content\/uploads\/DS.jpg 942w\" sizes=\"(max-width: 768px) 100vw, 768px\" \/>\n\t\t<\/div>\n\t\t\t\t\t\t\t<\/div>\n\n\t\t\t\t\t\t\t\t\t\t\t<\/a>\n\t\t\t\t\t\n\t\t\t\t\t\t\t<div class=\"bdt-skin-abetis-desc bdt-padding-small\">\n\t\t\t\t\t<h6 class=\"bdt-gallery-item-title\">\n\t\t\tDS400ID\t\t<\/h6>\n\t\t\t\t\t\n\t\t<\/div>\n\t\t\t\t\t\t<\/div>\n\t\t\t<\/div>\n\t\t\t\t\t<div class=\"bdt-gallery-item bdt-width-1-1 bdt-width-1-2@s bdt-width-1-3@m\">\n\t\t\t\t<div class=\"bdt-custom-gallery-item-inner\">\n\n\t\t\t\t\t\t\t\t\t\t\n\t\t\t\t\t\t\t\t\t\t\t\t\t\t\t\t\t<a data-elementor-open-lightbox=\"no\" href=\"\/products\/ds600id\" id=\"custome_link\" data-type=\"iframe\" target=\"_blank\">\n\t\t\t\t\t\n\n\t\t\t\t\t<div class=\"bdt-custom-gallery-inner bdt-transition-toggle bdt-position-relative\">\n\t\t\t\t\t\t\n\t\t<div class=\"bdt-gallery-thumbnail\">\n\n\t\t\t<img loading=\"lazy\" width=\"768\" height=\"767\" src=\"https:\/\/danisense.com\/wp-content\/uploads\/DS-768x767.jpg\" class=\"attachment-medium_large size-medium_large\" alt=\"DS600ID\" decoding=\"async\" srcset=\"https:\/\/danisense.com\/wp-content\/uploads\/DS-768x767.jpg 768w, https:\/\/danisense.com\/wp-content\/uploads\/DS-300x300.jpg 300w, https:\/\/danisense.com\/wp-content\/uploads\/DS-150x150.jpg 150w, https:\/\/danisense.com\/wp-content\/uploads\/DS.jpg 942w\" sizes=\"(max-width: 768px) 100vw, 768px\" \/>\n\t\t<\/div>\n\t\t\t\t\t\t\t<\/div>\n\n\t\t\t\t\t\t\t\t\t\t\t<\/a>\n\t\t\t\t\t\n\t\t\t\t\t\t\t<div class=\"bdt-skin-abetis-desc bdt-padding-small\">\n\t\t\t\t\t<h6 class=\"bdt-gallery-item-title\">\n\t\t\tDS600ID\t\t<\/h6>\n\t\t\t\t\t\n\t\t<\/div>\n\t\t\t\t\t\t<\/div>\n\t\t\t<\/div>\n\t\t\t\t\t<div class=\"bdt-gallery-item bdt-width-1-1 bdt-width-1-2@s bdt-width-1-3@m\">\n\t\t\t\t<div class=\"bdt-custom-gallery-item-inner\">\n\n\t\t\t\t\t\t\t\t\t\t\n\t\t\t\t\t\t\t\t\t\t\t\t\t\t\t\t\t<a data-elementor-open-lightbox=\"no\" href=\"\/products\/dc200if\" id=\"custome_link\" data-type=\"iframe\" target=\"_blank\">\n\t\t\t\t\t\n\n\t\t\t\t\t<div class=\"bdt-custom-gallery-inner bdt-transition-toggle bdt-position-relative\">\n\t\t\t\t\t\t\n\t\t<div class=\"bdt-gallery-thumbnail\">\n\n\t\t\t<img loading=\"lazy\" width=\"768\" height=\"767\" src=\"https:\/\/danisense.com\/wp-content\/uploads\/DC-768x767.jpg\" class=\"attachment-medium_large size-medium_large\" alt=\"DC200IF\" decoding=\"async\" srcset=\"https:\/\/danisense.com\/wp-content\/uploads\/DC-768x767.jpg 768w, https:\/\/danisense.com\/wp-content\/uploads\/DC-300x300.jpg 300w, https:\/\/danisense.com\/wp-content\/uploads\/DC-150x150.jpg 150w, https:\/\/danisense.com\/wp-content\/uploads\/DC.jpg 942w\" sizes=\"(max-width: 768px) 100vw, 768px\" \/>\n\t\t<\/div>\n\t\t\t\t\t\t\t<\/div>\n\n\t\t\t\t\t\t\t\t\t\t\t<\/a>\n\t\t\t\t\t\n\t\t\t\t\t\t\t<div class=\"bdt-skin-abetis-desc bdt-padding-small\">\n\t\t\t\t\t<h6 class=\"bdt-gallery-item-title\">\n\t\t\tDC200IF\t\t<\/h6>\n\t\t\t\t\t\n\t\t<\/div>\n\t\t\t\t\t\t<\/div>\n\t\t\t<\/div>\n\t\t\t\t\t<div class=\"bdt-gallery-item bdt-width-1-1 bdt-width-1-2@s bdt-width-1-3@m\">\n\t\t\t\t<div class=\"bdt-custom-gallery-item-inner\">\n\n\t\t\t\t\t\t\t\t\t\t\n\t\t\t\t\t\t\t\t\t\t\t\t\t\t\t\t\t<a data-elementor-open-lightbox=\"no\" href=\"\/products\/dp50ip-b\" id=\"custome_link\" data-type=\"iframe\" target=\"_blank\">\n\t\t\t\t\t\n\n\t\t\t\t\t<div class=\"bdt-custom-gallery-inner bdt-transition-toggle bdt-position-relative\">\n\t\t\t\t\t\t\n\t\t<div class=\"bdt-gallery-thumbnail\">\n\n\t\t\t<img loading=\"lazy\" width=\"768\" height=\"767\" src=\"https:\/\/danisense.com\/wp-content\/uploads\/DP-768x767.jpg\" class=\"attachment-medium_large size-medium_large\" alt=\"DP50IP\" decoding=\"async\" srcset=\"https:\/\/danisense.com\/wp-content\/uploads\/DP-768x767.jpg 768w, https:\/\/danisense.com\/wp-content\/uploads\/DP-300x300.jpg 300w, https:\/\/danisense.com\/wp-content\/uploads\/DP-150x150.jpg 150w, https:\/\/danisense.com\/wp-content\/uploads\/DP.jpg 942w\" sizes=\"(max-width: 768px) 100vw, 768px\" \/>\n\t\t<\/div>\n\t\t\t\t\t\t\t<\/div>\n\n\t\t\t\t\t\t\t\t\t\t\t<\/a>\n\t\t\t\t\t\n\t\t\t\t\t\t\t<div class=\"bdt-skin-abetis-desc bdt-padding-small\">\n\t\t\t\t\t<h6 class=\"bdt-gallery-item-title\">\n\t\t\tDP50IP\t\t<\/h6>\n\t\t\t\t\t\n\t\t<\/div>\n\t\t\t\t\t\t<\/div>\n\t\t\t<\/div>\n\t\t\t\t\t<div class=\"bdt-gallery-item bdt-width-1-1 bdt-width-1-2@s bdt-width-1-3@m\">\n\t\t\t\t<div class=\"bdt-custom-gallery-item-inner\">\n\n\t\t\t\t\t\t\t\t\t\t\n\t\t\t\t\t\t\t\t\t\t\t\t\t\t\t\t\t<a data-elementor-open-lightbox=\"no\" href=\"\/products\/calibration-service\/\" data-type=\"iframe\" target=\"_blank\">\n\t\t\t\t\t\n\n\t\t\t\t\t<div class=\"bdt-custom-gallery-inner bdt-transition-toggle bdt-position-relative\">\n\t\t\t\t\t\t\n\t\t<div class=\"bdt-gallery-thumbnail\">\n\n\t\t\t<img loading=\"lazy\" width=\"744\" height=\"746\" src=\"https:\/\/danisense.com\/wp-content\/uploads\/Calibration-Service-image-final.jpg\" class=\"attachment-medium_large size-medium_large\" alt=\"Kalibrierungsdienst\" decoding=\"async\" srcset=\"https:\/\/danisense.com\/wp-content\/uploads\/Calibration-Service-image-final.jpg 744w, https:\/\/danisense.com\/wp-content\/uploads\/Calibration-Service-image-final-300x300.jpg 300w, https:\/\/danisense.com\/wp-content\/uploads\/Calibration-Service-image-final-150x150.jpg 150w\" sizes=\"(max-width: 744px) 100vw, 744px\" \/>\n\t\t<\/div>\n\t\t\t\t\t\t\t<\/div>\n\n\t\t\t\t\t\t\t\t\t\t\t<\/a>\n\t\t\t\t\t\n\t\t\t\t\t\t\t<div class=\"bdt-skin-abetis-desc bdt-padding-small\">\n\t\t\t\t\t<h6 class=\"bdt-gallery-item-title\">\n\t\t\tKalibrierungsdienst\t\t<\/h6>\n\t\t\t\t\t\n\t\t<\/div>\n\t\t\t\t\t\t<\/div>\n\t\t\t<\/div>\n\t\t\t\t\t\t<\/div>\n\t\t\t\t\t\t<\/div>\n\t\t\t\t<\/div>\n\t\t\t\t\t<\/div>\n\t\t<\/div>\n\t\t\t\t\t<\/div>\n\t\t<\/section>\n\t\t\t\t<\/div>\n\t\t","protected":false},"excerpt":{"rendered":"<p>Medizinisch Relevante Verwendung der Danisense Stromwandler in der medizinischen Industrie Moderne medizinische Ger\u00e4te erfordern oft eine sehr genaue Kontrolle des Magnetfelds. Die \u00e4u\u00dferst zuverl\u00e4ssigen und genauen Stromwandler von Danisense sind in die Stromversorgungen der medizinischen Ger\u00e4te integriert, die diese Magnetfelder erzeugen, und liefern sehr pr\u00e4zise Leistungsmessungen, die bei der Kontrolle der Magnetfelder helfen. In MRT-Scannern [&hellip;]<\/p>\n","protected":false},"author":1,"featured_media":12986,"parent":0,"menu_order":0,"comment_status":"closed","ping_status":"closed","template":"","meta":{"footnotes":""},"class_list":["post-15614","page","type-page","status-publish","has-post-thumbnail","hentry"],"_links":{"self":[{"href":"https:\/\/danisense.com\/de\/wp-json\/wp\/v2\/pages\/15614","targetHints":{"allow":["GET"]}}],"collection":[{"href":"https:\/\/danisense.com\/de\/wp-json\/wp\/v2\/pages"}],"about":[{"href":"https:\/\/danisense.com\/de\/wp-json\/wp\/v2\/types\/page"}],"author":[{"embeddable":true,"href":"https:\/\/danisense.com\/de\/wp-json\/wp\/v2\/users\/1"}],"replies":[{"embeddable":true,"href":"https:\/\/danisense.com\/de\/wp-json\/wp\/v2\/comments?post=15614"}],"version-history":[{"count":0,"href":"https:\/\/danisense.com\/de\/wp-json\/wp\/v2\/pages\/15614\/revisions"}],"wp:featuredmedia":[{"embeddable":true,"href":"https:\/\/danisense.com\/de\/wp-json\/wp\/v2\/media\/12986"}],"wp:attachment":[{"href":"https:\/\/danisense.com\/de\/wp-json\/wp\/v2\/media?parent=15614"}],"curies":[{"name":"wp","href":"https:\/\/api.w.org\/{rel}","templated":true}]}}