{"id":15600,"date":"2022-10-18T08:56:06","date_gmt":"2022-10-18T08:56:06","guid":{"rendered":"https:\/\/danisense.com\/energie\/"},"modified":"2024-10-10T05:32:57","modified_gmt":"2024-10-10T05:32:57","slug":"energie","status":"publish","type":"page","link":"https:\/\/danisense.com\/de\/energie\/","title":{"rendered":"Energie"},"content":{"rendered":"\t\t<div data-elementor-type=\"wp-page\" data-elementor-id=\"15600\" class=\"elementor elementor-15600 elementor-7467\" data-elementor-settings=\"{&quot;element_pack_global_tooltip_width&quot;:{&quot;unit&quot;:&quot;px&quot;,&quot;size&quot;:&quot;&quot;,&quot;sizes&quot;:[]},&quot;element_pack_global_tooltip_width_tablet&quot;:{&quot;unit&quot;:&quot;px&quot;,&quot;size&quot;:&quot;&quot;,&quot;sizes&quot;:[]},&quot;element_pack_global_tooltip_width_mobile&quot;:{&quot;unit&quot;:&quot;px&quot;,&quot;size&quot;:&quot;&quot;,&quot;sizes&quot;:[]},&quot;element_pack_global_tooltip_padding&quot;:{&quot;unit&quot;:&quot;px&quot;,&quot;top&quot;:&quot;&quot;,&quot;right&quot;:&quot;&quot;,&quot;bottom&quot;:&quot;&quot;,&quot;left&quot;:&quot;&quot;,&quot;isLinked&quot;:true},&quot;element_pack_global_tooltip_padding_tablet&quot;:{&quot;unit&quot;:&quot;px&quot;,&quot;top&quot;:&quot;&quot;,&quot;right&quot;:&quot;&quot;,&quot;bottom&quot;:&quot;&quot;,&quot;left&quot;:&quot;&quot;,&quot;isLinked&quot;:true},&quot;element_pack_global_tooltip_padding_mobile&quot;:{&quot;unit&quot;:&quot;px&quot;,&quot;top&quot;:&quot;&quot;,&quot;right&quot;:&quot;&quot;,&quot;bottom&quot;:&quot;&quot;,&quot;left&quot;:&quot;&quot;,&quot;isLinked&quot;:true},&quot;element_pack_global_tooltip_border_radius&quot;:{&quot;unit&quot;:&quot;px&quot;,&quot;top&quot;:&quot;&quot;,&quot;right&quot;:&quot;&quot;,&quot;bottom&quot;:&quot;&quot;,&quot;left&quot;:&quot;&quot;,&quot;isLinked&quot;:true},&quot;element_pack_global_tooltip_border_radius_tablet&quot;:{&quot;unit&quot;:&quot;px&quot;,&quot;top&quot;:&quot;&quot;,&quot;right&quot;:&quot;&quot;,&quot;bottom&quot;:&quot;&quot;,&quot;left&quot;:&quot;&quot;,&quot;isLinked&quot;:true},&quot;element_pack_global_tooltip_border_radius_mobile&quot;:{&quot;unit&quot;:&quot;px&quot;,&quot;top&quot;:&quot;&quot;,&quot;right&quot;:&quot;&quot;,&quot;bottom&quot;:&quot;&quot;,&quot;left&quot;:&quot;&quot;,&quot;isLinked&quot;:true}}\" data-elementor-post-type=\"page\">\n\t\t\t\t\t\t<section class=\"elementor-section elementor-top-section elementor-element elementor-element-4777b61 elementor-section-boxed elementor-section-height-default elementor-section-height-default\" data-id=\"4777b61\" data-element_type=\"section\" data-e-type=\"section\">\n\t\t\t\t\t\t<div class=\"elementor-container elementor-column-gap-default\">\n\t\t\t\t\t<div class=\"elementor-column elementor-col-100 elementor-top-column elementor-element elementor-element-2f19a10\" data-id=\"2f19a10\" data-element_type=\"column\" data-e-type=\"column\">\n\t\t\t<div class=\"elementor-widget-wrap elementor-element-populated\">\n\t\t\t\t\t\t<div class=\"elementor-element elementor-element-bfee6ba single-page-title elementor-widget elementor-widget-heading\" data-id=\"bfee6ba\" data-element_type=\"widget\" data-e-type=\"widget\" data-widget_type=\"heading.default\">\n\t\t\t\t<div class=\"elementor-widget-container\">\n\t\t\t\t\t<h1 class=\"elementor-heading-title elementor-size-default\">Energie<\/h1>\t\t\t\t<\/div>\n\t\t\t\t<\/div>\n\t\t\t\t<div class=\"elementor-element elementor-element-d9d293a elementor-widget elementor-widget-heading\" data-id=\"d9d293a\" data-element_type=\"widget\" data-e-type=\"widget\" data-widget_type=\"heading.default\">\n\t\t\t\t<div class=\"elementor-widget-container\">\n\t\t\t\t\t<h4 class=\"elementor-heading-title elementor-size-default\">Relevante Verwendung der Danisense Stromwandler in der Energiebranche<\/h4>\t\t\t\t<\/div>\n\t\t\t\t<\/div>\n\t\t\t\t<div class=\"elementor-element elementor-element-0c9c7df elementor-widget elementor-widget-image\" data-id=\"0c9c7df\" data-element_type=\"widget\" data-e-type=\"widget\" data-widget_type=\"image.default\">\n\t\t\t\t<div class=\"elementor-widget-container\">\n\t\t\t\t\t\t\t\t\t\t\t\t\t\t\t<img fetchpriority=\"high\" decoding=\"async\" width=\"800\" height=\"364\" src=\"https:\/\/danisense.com\/wp-content\/uploads\/Energy_web-1024x466.jpg\" class=\"attachment-large size-large wp-image-14157\" alt=\"\" srcset=\"https:\/\/danisense.com\/wp-content\/uploads\/Energy_web-1024x466.jpg 1024w, https:\/\/danisense.com\/wp-content\/uploads\/Energy_web-300x136.jpg 300w, https:\/\/danisense.com\/wp-content\/uploads\/Energy_web-768x349.jpg 768w, https:\/\/danisense.com\/wp-content\/uploads\/Energy_web-1536x698.jpg 1536w, https:\/\/danisense.com\/wp-content\/uploads\/Energy_web.jpg 1900w\" sizes=\"(max-width: 800px) 100vw, 800px\" \/>\t\t\t\t\t\t\t\t\t\t\t\t\t\t\t<\/div>\n\t\t\t\t<\/div>\n\t\t\t\t<div class=\"elementor-element elementor-element-17478e2 elementor-widget elementor-widget-text-editor\" data-id=\"17478e2\" data-element_type=\"widget\" data-e-type=\"widget\" data-widget_type=\"text-editor.default\">\n\t\t\t\t<div class=\"elementor-widget-container\">\n\t\t\t\t\t\t\t\t\t<p>Der weltweite Energiesektor befindet sich in einem massiven Wandel, insbesondere durch den schnell wachsenden Sektor der erneuerbaren Energien. Danisense liefert hochpr\u00e4zise und zuverl\u00e4ssige Stromwandler f\u00fcr verschiedene Anwendungen im Energiesektor, z.B. Labortestger\u00e4te f\u00fcr Windkraftanlagen von einigen der gr\u00f6\u00dften Unternehmen der Branche.<\/p>\n<p>Entscheidende Anforderungen im Energiesektor sind sehr genaue Leistungsmessungen und eine sehr gute EMV-Abschirmung. Mit einer sehr hohen absoluten Genauigkeit von &lt;7 ppm und einem Vollaluminium-Geh\u00e4use sind die Stromwandler von Danisense ideal f\u00fcr Anwendungen in diesem Bereich geeignet.<\/p>\n\t\t\t\t\t\t\t\t<\/div>\n\t\t\t\t<\/div>\n\t\t\t\t\t<\/div>\n\t\t<\/div>\n\t\t\t\t\t<\/div>\n\t\t<\/section>\n\t\t\t\t<section class=\"elementor-section elementor-top-section elementor-element elementor-element-4ce6d13 elementor-section-boxed elementor-section-height-default elementor-section-height-default\" data-id=\"4ce6d13\" data-element_type=\"section\" data-e-type=\"section\">\n\t\t\t\t\t\t<div class=\"elementor-container elementor-column-gap-no\">\n\t\t\t\t\t<div class=\"elementor-column elementor-col-100 elementor-top-column elementor-element elementor-element-61a56fd\" data-id=\"61a56fd\" data-element_type=\"column\" data-e-type=\"column\">\n\t\t\t<div class=\"elementor-widget-wrap elementor-element-populated\">\n\t\t\t\t\t\t<div class=\"elementor-element elementor-element-657d889 config-text elementor-widget elementor-widget-heading\" data-id=\"657d889\" data-element_type=\"widget\" data-e-type=\"widget\" data-widget_type=\"heading.default\">\n\t\t\t\t<div class=\"elementor-widget-container\">\n\t\t\t\t\t<h2 class=\"elementor-heading-title elementor-size-default\"><p>Danisense Produkte f\u00fcr die Energiewirtschaft<\/p><\/h2>\t\t\t\t<\/div>\n\t\t\t\t<\/div>\n\t\t\t\t\t<\/div>\n\t\t<\/div>\n\t\t\t\t\t<\/div>\n\t\t<\/section>\n\t\t\t\t<section class=\"elementor-section elementor-top-section elementor-element elementor-element-a96a158 elementor-section-boxed elementor-section-height-default elementor-section-height-default\" data-id=\"a96a158\" data-element_type=\"section\" data-e-type=\"section\">\n\t\t\t\t\t\t<div class=\"elementor-container elementor-column-gap-default\">\n\t\t\t\t\t<div class=\"elementor-column elementor-col-100 elementor-top-column elementor-element elementor-element-be2ee88\" data-id=\"be2ee88\" data-element_type=\"column\" data-e-type=\"column\">\n\t\t\t<div class=\"elementor-widget-wrap elementor-element-populated\">\n\t\t\t\t\t\t<div class=\"elementor-element elementor-element-347ebb4 single_products_gallery bdt-skin-fedara-style-center elementor-widget elementor-widget-bdt-custom-gallery\" data-id=\"347ebb4\" data-element_type=\"widget\" data-e-type=\"widget\" data-settings=\"{&quot;columns&quot;:&quot;3&quot;,&quot;columns_tablet&quot;:&quot;2&quot;,&quot;columns_mobile&quot;:&quot;1&quot;}\" data-widget_type=\"bdt-custom-gallery.bdt-abetis\">\n\t\t\t\t<div class=\"elementor-widget-container\">\n\t\t\t\t\t\t\t<div id=\"bdt-custom-gallery-347ebb4\" class=\"bdt-custom-gallery bdt-skin-abetis bdt-grid bdt-grid-small\" data-settings=\"{&quot;id&quot;:&quot;#bdt-custom-gallery-347ebb4&quot;,&quot;tiltShow&quot;:false}\">\n\t\t\t\t\t\t<div class=\"bdt-gallery-item bdt-width-1-1 bdt-width-1-2@s bdt-width-1-3@m\">\n\t\t\t\t<div class=\"bdt-custom-gallery-item-inner\">\n\n\t\t\t\t\t\t\t\t\t\t\n\t\t\t\t\t\t\t\t\t\t\t\t\t\t\t\t\t<a data-elementor-open-lightbox=\"no\" href=\"\/products\/ds50id\/\" id=\"custome_link\" data-type=\"iframe\" target=\"_blank\">\n\t\t\t\t\t\n\n\t\t\t\t\t<div class=\"bdt-custom-gallery-inner bdt-transition-toggle bdt-position-relative\">\n\t\t\t\t\t\t\n\t\t<div class=\"bdt-gallery-thumbnail\">\n\n\t\t\t<img width=\"300\" height=\"300\" src=\"https:\/\/danisense.com\/wp-content\/uploads\/DS-300x300.jpg\" class=\"attachment-medium size-medium\" alt=\"DS50ID\" decoding=\"async\" srcset=\"https:\/\/danisense.com\/wp-content\/uploads\/DS-300x300.jpg 300w, https:\/\/danisense.com\/wp-content\/uploads\/DS-150x150.jpg 150w, https:\/\/danisense.com\/wp-content\/uploads\/DS-768x767.jpg 768w, https:\/\/danisense.com\/wp-content\/uploads\/DS.jpg 942w\" sizes=\"(max-width: 300px) 100vw, 300px\" \/>\n\t\t<\/div>\n\t\t\t\t\t\t\t<\/div>\n\n\t\t\t\t\t\t\t\t\t\t\t<\/a>\n\t\t\t\t\t\n\t\t\t\t\t\t\t<div class=\"bdt-skin-abetis-desc bdt-padding-small\">\n\t\t\t\t\t<h6 class=\"bdt-gallery-item-title\">\n\t\t\tDS50ID\t\t<\/h6>\n\t\t\t\t\t\n\t\t<\/div>\n\t\t\t\t\t\t<\/div>\n\t\t\t<\/div>\n\t\t\t\t\t<div class=\"bdt-gallery-item bdt-width-1-1 bdt-width-1-2@s bdt-width-1-3@m\">\n\t\t\t\t<div class=\"bdt-custom-gallery-item-inner\">\n\n\t\t\t\t\t\t\t\t\t\t\n\t\t\t\t\t\t\t\t\t\t\t\t\t\t\t\t\t<a data-elementor-open-lightbox=\"no\" href=\"\/products\/ds200id\" id=\"custome_link\" data-type=\"iframe\" target=\"_blank\">\n\t\t\t\t\t\n\n\t\t\t\t\t<div class=\"bdt-custom-gallery-inner bdt-transition-toggle bdt-position-relative\">\n\t\t\t\t\t\t\n\t\t<div class=\"bdt-gallery-thumbnail\">\n\n\t\t\t<img width=\"300\" height=\"300\" src=\"https:\/\/danisense.com\/wp-content\/uploads\/DS-300x300.jpg\" class=\"attachment-medium size-medium\" alt=\"DS200ID\" decoding=\"async\" srcset=\"https:\/\/danisense.com\/wp-content\/uploads\/DS-300x300.jpg 300w, https:\/\/danisense.com\/wp-content\/uploads\/DS-150x150.jpg 150w, https:\/\/danisense.com\/wp-content\/uploads\/DS-768x767.jpg 768w, https:\/\/danisense.com\/wp-content\/uploads\/DS.jpg 942w\" sizes=\"(max-width: 300px) 100vw, 300px\" \/>\n\t\t<\/div>\n\t\t\t\t\t\t\t<\/div>\n\n\t\t\t\t\t\t\t\t\t\t\t<\/a>\n\t\t\t\t\t\n\t\t\t\t\t\t\t<div class=\"bdt-skin-abetis-desc bdt-padding-small\">\n\t\t\t\t\t<h6 class=\"bdt-gallery-item-title\">\n\t\t\tDS200ID\t\t<\/h6>\n\t\t\t\t\t\n\t\t<\/div>\n\t\t\t\t\t\t<\/div>\n\t\t\t<\/div>\n\t\t\t\t\t<div class=\"bdt-gallery-item bdt-width-1-1 bdt-width-1-2@s bdt-width-1-3@m\">\n\t\t\t\t<div class=\"bdt-custom-gallery-item-inner\">\n\n\t\t\t\t\t\t\t\t\t\t\n\t\t\t\t\t\t\t\t\t\t\t\t\t\t\t\t\t<a data-elementor-open-lightbox=\"no\" href=\"\/products\/ds600id\" id=\"custome_link\" data-type=\"iframe\" target=\"_blank\">\n\t\t\t\t\t\n\n\t\t\t\t\t<div class=\"bdt-custom-gallery-inner bdt-transition-toggle bdt-position-relative\">\n\t\t\t\t\t\t\n\t\t<div class=\"bdt-gallery-thumbnail\">\n\n\t\t\t<img loading=\"lazy\" width=\"300\" height=\"300\" src=\"https:\/\/danisense.com\/wp-content\/uploads\/DS-300x300.jpg\" class=\"attachment-medium size-medium\" alt=\"DS600ID\" decoding=\"async\" srcset=\"https:\/\/danisense.com\/wp-content\/uploads\/DS-300x300.jpg 300w, https:\/\/danisense.com\/wp-content\/uploads\/DS-150x150.jpg 150w, https:\/\/danisense.com\/wp-content\/uploads\/DS-768x767.jpg 768w, https:\/\/danisense.com\/wp-content\/uploads\/DS.jpg 942w\" sizes=\"(max-width: 300px) 100vw, 300px\" \/>\n\t\t<\/div>\n\t\t\t\t\t\t\t<\/div>\n\n\t\t\t\t\t\t\t\t\t\t\t<\/a>\n\t\t\t\t\t\n\t\t\t\t\t\t\t<div class=\"bdt-skin-abetis-desc bdt-padding-small\">\n\t\t\t\t\t<h6 class=\"bdt-gallery-item-title\">\n\t\t\tDS600ID\t\t<\/h6>\n\t\t\t\t\t\n\t\t<\/div>\n\t\t\t\t\t\t<\/div>\n\t\t\t<\/div>\n\t\t\t\t\t<div class=\"bdt-gallery-item bdt-width-1-1 bdt-width-1-2@s bdt-width-1-3@m\">\n\t\t\t\t<div class=\"bdt-custom-gallery-item-inner\">\n\n\t\t\t\t\t\t\t\t\t\t\n\t\t\t\t\t\t\t\t\t\t\t\t\t\t\t\t\t<a data-elementor-open-lightbox=\"no\" href=\"\/products\/dr5000im\" id=\"custome_link\" data-type=\"iframe\" target=\"_blank\">\n\t\t\t\t\t\n\n\t\t\t\t\t<div class=\"bdt-custom-gallery-inner bdt-transition-toggle bdt-position-relative\">\n\t\t\t\t\t\t\n\t\t<div class=\"bdt-gallery-thumbnail\">\n\n\t\t\t<img loading=\"lazy\" width=\"300\" height=\"300\" src=\"https:\/\/danisense.com\/wp-content\/uploads\/DR-300x300.jpg\" class=\"attachment-medium size-medium\" alt=\"DR5000IM\" decoding=\"async\" srcset=\"https:\/\/danisense.com\/wp-content\/uploads\/DR-300x300.jpg 300w, https:\/\/danisense.com\/wp-content\/uploads\/DR-150x150.jpg 150w, https:\/\/danisense.com\/wp-content\/uploads\/DR-768x767.jpg 768w, https:\/\/danisense.com\/wp-content\/uploads\/DR.jpg 942w\" sizes=\"(max-width: 300px) 100vw, 300px\" \/>\n\t\t<\/div>\n\t\t\t\t\t\t\t<\/div>\n\n\t\t\t\t\t\t\t\t\t\t\t<\/a>\n\t\t\t\t\t\n\t\t\t\t\t\t\t<div class=\"bdt-skin-abetis-desc bdt-padding-small\">\n\t\t\t\t\t<h6 class=\"bdt-gallery-item-title\">\n\t\t\tDR5000IM\t\t<\/h6>\n\t\t\t\t\t\n\t\t<\/div>\n\t\t\t\t\t\t<\/div>\n\t\t\t<\/div>\n\t\t\t\t\t<div class=\"bdt-gallery-item bdt-width-1-1 bdt-width-1-2@s bdt-width-1-3@m\">\n\t\t\t\t<div class=\"bdt-custom-gallery-item-inner\">\n\n\t\t\t\t\t\t\t\t\t\t\n\t\t\t\t\t\t\t\t\t\t\t\t\t\t\t\t\t<a data-elementor-open-lightbox=\"no\" href=\"\/products\/dr10000im\" id=\"custome_link\" data-type=\"iframe\" target=\"_blank\">\n\t\t\t\t\t\n\n\t\t\t\t\t<div class=\"bdt-custom-gallery-inner bdt-transition-toggle bdt-position-relative\">\n\t\t\t\t\t\t\n\t\t<div class=\"bdt-gallery-thumbnail\">\n\n\t\t\t<img loading=\"lazy\" width=\"300\" height=\"300\" src=\"https:\/\/danisense.com\/wp-content\/uploads\/DR-300x300.jpg\" class=\"attachment-medium size-medium\" alt=\"DR10000IM\" decoding=\"async\" srcset=\"https:\/\/danisense.com\/wp-content\/uploads\/DR-300x300.jpg 300w, https:\/\/danisense.com\/wp-content\/uploads\/DR-150x150.jpg 150w, https:\/\/danisense.com\/wp-content\/uploads\/DR-768x767.jpg 768w, https:\/\/danisense.com\/wp-content\/uploads\/DR.jpg 942w\" sizes=\"(max-width: 300px) 100vw, 300px\" \/>\n\t\t<\/div>\n\t\t\t\t\t\t\t<\/div>\n\n\t\t\t\t\t\t\t\t\t\t\t<\/a>\n\t\t\t\t\t\n\t\t\t\t\t\t\t<div class=\"bdt-skin-abetis-desc bdt-padding-small\">\n\t\t\t\t\t<h6 class=\"bdt-gallery-item-title\">\n\t\t\tDR10000IM\t\t<\/h6>\n\t\t\t\t\t\n\t\t<\/div>\n\t\t\t\t\t\t<\/div>\n\t\t\t<\/div>\n\t\t\t\t\t<div class=\"bdt-gallery-item bdt-width-1-1 bdt-width-1-2@s bdt-width-1-3@m\">\n\t\t\t\t<div class=\"bdt-custom-gallery-item-inner\">\n\n\t\t\t\t\t\t\t\t\t\t\n\t\t\t\t\t\t\t\t\t\t\t\t\t\t\t\t\t<a data-elementor-open-lightbox=\"no\" href=\"\/products\/calibration-service\/\" data-type=\"iframe\" target=\"_blank\">\n\t\t\t\t\t\n\n\t\t\t\t\t<div class=\"bdt-custom-gallery-inner bdt-transition-toggle bdt-position-relative\">\n\t\t\t\t\t\t\n\t\t<div class=\"bdt-gallery-thumbnail\">\n\n\t\t\t<img loading=\"lazy\" width=\"300\" height=\"300\" src=\"https:\/\/danisense.com\/wp-content\/uploads\/Calibration-Service-image-final-300x300.jpg\" class=\"attachment-medium size-medium\" alt=\"Kalibrierungsdienst\" decoding=\"async\" srcset=\"https:\/\/danisense.com\/wp-content\/uploads\/Calibration-Service-image-final-300x300.jpg 300w, https:\/\/danisense.com\/wp-content\/uploads\/Calibration-Service-image-final-150x150.jpg 150w, https:\/\/danisense.com\/wp-content\/uploads\/Calibration-Service-image-final.jpg 744w\" sizes=\"(max-width: 300px) 100vw, 300px\" \/>\n\t\t<\/div>\n\t\t\t\t\t\t\t<\/div>\n\n\t\t\t\t\t\t\t\t\t\t\t<\/a>\n\t\t\t\t\t\n\t\t\t\t\t\t\t<div class=\"bdt-skin-abetis-desc bdt-padding-small\">\n\t\t\t\t\t<h6 class=\"bdt-gallery-item-title\">\n\t\t\tKalibrierungsdienst\t\t<\/h6>\n\t\t\t\t\t\n\t\t<\/div>\n\t\t\t\t\t\t<\/div>\n\t\t\t<\/div>\n\t\t\t\t\t\t<\/div>\n\t\t\t\t\t\t<\/div>\n\t\t\t\t<\/div>\n\t\t\t\t\t<\/div>\n\t\t<\/div>\n\t\t\t\t\t<\/div>\n\t\t<\/section>\n\t\t\t\t<\/div>\n\t\t","protected":false},"excerpt":{"rendered":"<p>Energie Relevante Verwendung der Danisense Stromwandler in der Energiebranche Der weltweite Energiesektor befindet sich in einem massiven Wandel, insbesondere durch den schnell wachsenden Sektor der erneuerbaren Energien. Danisense liefert hochpr\u00e4zise und zuverl\u00e4ssige Stromwandler f\u00fcr verschiedene Anwendungen im Energiesektor, z.B. Labortestger\u00e4te f\u00fcr Windkraftanlagen von einigen der gr\u00f6\u00dften Unternehmen der Branche. Entscheidende Anforderungen im Energiesektor sind sehr [&hellip;]<\/p>\n","protected":false},"author":1,"featured_media":12986,"parent":0,"menu_order":0,"comment_status":"closed","ping_status":"closed","template":"","meta":{"footnotes":""},"class_list":["post-15600","page","type-page","status-publish","has-post-thumbnail","hentry"],"_links":{"self":[{"href":"https:\/\/danisense.com\/de\/wp-json\/wp\/v2\/pages\/15600","targetHints":{"allow":["GET"]}}],"collection":[{"href":"https:\/\/danisense.com\/de\/wp-json\/wp\/v2\/pages"}],"about":[{"href":"https:\/\/danisense.com\/de\/wp-json\/wp\/v2\/types\/page"}],"author":[{"embeddable":true,"href":"https:\/\/danisense.com\/de\/wp-json\/wp\/v2\/users\/1"}],"replies":[{"embeddable":true,"href":"https:\/\/danisense.com\/de\/wp-json\/wp\/v2\/comments?post=15600"}],"version-history":[{"count":0,"href":"https:\/\/danisense.com\/de\/wp-json\/wp\/v2\/pages\/15600\/revisions"}],"wp:featuredmedia":[{"embeddable":true,"href":"https:\/\/danisense.com\/de\/wp-json\/wp\/v2\/media\/12986"}],"wp:attachment":[{"href":"https:\/\/danisense.com\/de\/wp-json\/wp\/v2\/media?parent=15600"}],"curies":[{"name":"wp","href":"https:\/\/api.w.org\/{rel}","templated":true}]}}