{"id":14800,"date":"2022-10-18T08:45:22","date_gmt":"2022-10-18T08:45:22","guid":{"rendered":"https:\/\/danisense.com\/elektrisches-sicherheitssystem\/"},"modified":"2024-10-10T05:35:32","modified_gmt":"2024-10-10T05:35:32","slug":"elektrisches-sicherheitssystem","status":"publish","type":"page","link":"https:\/\/danisense.com\/de\/elektrisches-sicherheitssystem\/","title":{"rendered":"Elektrisches Sicherheitssystem\ufffc"},"content":{"rendered":"\t\t<div data-elementor-type=\"wp-page\" data-elementor-id=\"14800\" class=\"elementor elementor-14800 elementor-7443\" data-elementor-settings=\"{&quot;element_pack_global_tooltip_width&quot;:{&quot;unit&quot;:&quot;px&quot;,&quot;size&quot;:&quot;&quot;,&quot;sizes&quot;:[]},&quot;element_pack_global_tooltip_width_tablet&quot;:{&quot;unit&quot;:&quot;px&quot;,&quot;size&quot;:&quot;&quot;,&quot;sizes&quot;:[]},&quot;element_pack_global_tooltip_width_mobile&quot;:{&quot;unit&quot;:&quot;px&quot;,&quot;size&quot;:&quot;&quot;,&quot;sizes&quot;:[]},&quot;element_pack_global_tooltip_padding&quot;:{&quot;unit&quot;:&quot;px&quot;,&quot;top&quot;:&quot;&quot;,&quot;right&quot;:&quot;&quot;,&quot;bottom&quot;:&quot;&quot;,&quot;left&quot;:&quot;&quot;,&quot;isLinked&quot;:true},&quot;element_pack_global_tooltip_padding_tablet&quot;:{&quot;unit&quot;:&quot;px&quot;,&quot;top&quot;:&quot;&quot;,&quot;right&quot;:&quot;&quot;,&quot;bottom&quot;:&quot;&quot;,&quot;left&quot;:&quot;&quot;,&quot;isLinked&quot;:true},&quot;element_pack_global_tooltip_padding_mobile&quot;:{&quot;unit&quot;:&quot;px&quot;,&quot;top&quot;:&quot;&quot;,&quot;right&quot;:&quot;&quot;,&quot;bottom&quot;:&quot;&quot;,&quot;left&quot;:&quot;&quot;,&quot;isLinked&quot;:true},&quot;element_pack_global_tooltip_border_radius&quot;:{&quot;unit&quot;:&quot;px&quot;,&quot;top&quot;:&quot;&quot;,&quot;right&quot;:&quot;&quot;,&quot;bottom&quot;:&quot;&quot;,&quot;left&quot;:&quot;&quot;,&quot;isLinked&quot;:true},&quot;element_pack_global_tooltip_border_radius_tablet&quot;:{&quot;unit&quot;:&quot;px&quot;,&quot;top&quot;:&quot;&quot;,&quot;right&quot;:&quot;&quot;,&quot;bottom&quot;:&quot;&quot;,&quot;left&quot;:&quot;&quot;,&quot;isLinked&quot;:true},&quot;element_pack_global_tooltip_border_radius_mobile&quot;:{&quot;unit&quot;:&quot;px&quot;,&quot;top&quot;:&quot;&quot;,&quot;right&quot;:&quot;&quot;,&quot;bottom&quot;:&quot;&quot;,&quot;left&quot;:&quot;&quot;,&quot;isLinked&quot;:true}}\" data-elementor-post-type=\"page\">\n\t\t\t\t\t\t<section class=\"elementor-section elementor-top-section elementor-element elementor-element-4777b61 elementor-section-boxed elementor-section-height-default elementor-section-height-default\" data-id=\"4777b61\" data-element_type=\"section\" data-e-type=\"section\">\n\t\t\t\t\t\t<div class=\"elementor-container elementor-column-gap-default\">\n\t\t\t\t\t<div class=\"elementor-column elementor-col-100 elementor-top-column elementor-element elementor-element-2f19a10\" data-id=\"2f19a10\" data-element_type=\"column\" data-e-type=\"column\">\n\t\t\t<div class=\"elementor-widget-wrap elementor-element-populated\">\n\t\t\t\t\t\t<div class=\"elementor-element elementor-element-bfee6ba single-page-title elementor-widget elementor-widget-heading\" data-id=\"bfee6ba\" data-element_type=\"widget\" data-e-type=\"widget\" data-widget_type=\"heading.default\">\n\t\t\t\t<div class=\"elementor-widget-container\">\n\t\t\t\t\t<h1 class=\"elementor-heading-title elementor-size-default\">Elektrisches Sicherheitssystem\n<\/h1>\t\t\t\t<\/div>\n\t\t\t\t<\/div>\n\t\t\t\t<div class=\"elementor-element elementor-element-d9d293a elementor-widget elementor-widget-heading\" data-id=\"d9d293a\" data-element_type=\"widget\" data-e-type=\"widget\" data-widget_type=\"heading.default\">\n\t\t\t\t<div class=\"elementor-widget-container\">\n\t\t\t\t\t<h4 class=\"elementor-heading-title elementor-size-default\">Relevante Verwendung der Danisense Stromwandler in der Industrie f\u00fcr elektrische Sicherheitssysteme<\/h4>\t\t\t\t<\/div>\n\t\t\t\t<\/div>\n\t\t\t\t<div class=\"elementor-element elementor-element-777fcd7 elementor-widget elementor-widget-image\" data-id=\"777fcd7\" data-element_type=\"widget\" data-e-type=\"widget\" data-widget_type=\"image.default\">\n\t\t\t\t<div class=\"elementor-widget-container\">\n\t\t\t\t\t\t\t\t\t\t\t\t\t\t\t<img fetchpriority=\"high\" decoding=\"async\" width=\"800\" height=\"532\" src=\"https:\/\/danisense.com\/wp-content\/uploads\/electrical-safety-system_1900x1200px-1024x681.jpg\" class=\"attachment-large size-large wp-image-14154\" alt=\"\" srcset=\"https:\/\/danisense.com\/wp-content\/uploads\/electrical-safety-system_1900x1200px-1024x681.jpg 1024w, https:\/\/danisense.com\/wp-content\/uploads\/electrical-safety-system_1900x1200px-300x200.jpg 300w, https:\/\/danisense.com\/wp-content\/uploads\/electrical-safety-system_1900x1200px-768x511.jpg 768w, https:\/\/danisense.com\/wp-content\/uploads\/electrical-safety-system_1900x1200px-1536x1022.jpg 1536w, https:\/\/danisense.com\/wp-content\/uploads\/electrical-safety-system_1900x1200px.jpg 1900w\" sizes=\"(max-width: 800px) 100vw, 800px\" \/>\t\t\t\t\t\t\t\t\t\t\t\t\t\t\t<\/div>\n\t\t\t\t<\/div>\n\t\t\t\t<div class=\"elementor-element elementor-element-17478e2 elementor-widget elementor-widget-text-editor\" data-id=\"17478e2\" data-element_type=\"widget\" data-e-type=\"widget\" data-widget_type=\"text-editor.default\">\n\t\t\t\t<div class=\"elementor-widget-container\">\n\t\t\t\t\t\t\t\t\t<p>Mit dem zunehmenden Einsatz von leistungselektronischen Ger\u00e4ten in modernen industriellen und gewerblichen Anlagen, die Gleichstrom und Hochfrequenz-Fehlerstr\u00f6me erzeugen, haben die traditionellen Fehlerstromschutzschalter vom Typ A ihre Grenzen erreicht. Die \u00dcberwachung von AC\/DC-Fehlerstr\u00f6men ist in den heutigen Produktionsanlagen sehr wichtig, da jeder Fehlerstrom f\u00fcr das Personal und die Produktionsanlagen sehr gef\u00e4hrlich und kostspielig sein kann. Dank seines Know-hows in der Null-Fluss-Technologie bietet Danisense eine Reihe hochflexibler und zuverl\u00e4ssiger Fehlerstrom-Monitore (RCM) vom Typ B\/B+ zur Messung von Gleich- und Wechselstrom-Fehlerstr\u00f6men bis zu 100 kHz, mit analogem 4-20-mA- und Relaisausgang. Smart RCM mit PC-Software zur Datenanalyse, die zus\u00e4tzliche \u00dcberwachungsfunktionen bietet, ist ebenfalls erh\u00e4ltlich.<\/p>\n<p><strong>F\u00fcr weitere Informationen \u00fcber das Produktangebot von Danisense, klicken Sie bitte auf die folgenden Links:<\/strong><\/p>\n<ul>\n<li>RCM Typ B\/B+<\/li>\n<li>Smart RCM Typ B\/B+ mit PC-Software f\u00fcr die Datenanalyse<\/li>\n<\/ul>\n\t\t\t\t\t\t\t\t<\/div>\n\t\t\t\t<\/div>\n\t\t\t\t\t<\/div>\n\t\t<\/div>\n\t\t\t\t\t<\/div>\n\t\t<\/section>\n\t\t\t\t<section class=\"elementor-section elementor-top-section elementor-element elementor-element-3694419 elementor-section-boxed elementor-section-height-default elementor-section-height-default\" data-id=\"3694419\" data-element_type=\"section\" data-e-type=\"section\">\n\t\t\t\t\t\t<div class=\"elementor-container elementor-column-gap-no\">\n\t\t\t\t\t<div class=\"elementor-column elementor-col-100 elementor-top-column elementor-element elementor-element-067903b\" data-id=\"067903b\" data-element_type=\"column\" data-e-type=\"column\">\n\t\t\t<div class=\"elementor-widget-wrap elementor-element-populated\">\n\t\t\t\t\t\t<div class=\"elementor-element elementor-element-a288f52 config-text elementor-widget elementor-widget-heading\" data-id=\"a288f52\" data-element_type=\"widget\" data-e-type=\"widget\" data-widget_type=\"heading.default\">\n\t\t\t\t<div class=\"elementor-widget-container\">\n\t\t\t\t\t<h2 class=\"elementor-heading-title elementor-size-default\"><p>Danisense Produkte f\u00fcr das elektrische Sicherheitssystem\n<span style=\"letter-spacing: 0px\"><\/span><\/p><\/h2>\t\t\t\t<\/div>\n\t\t\t\t<\/div>\n\t\t\t\t\t<\/div>\n\t\t<\/div>\n\t\t\t\t\t<\/div>\n\t\t<\/section>\n\t\t\t\t<section class=\"elementor-section elementor-top-section elementor-element elementor-element-8c8f1cd elementor-section-boxed elementor-section-height-default elementor-section-height-default\" data-id=\"8c8f1cd\" data-element_type=\"section\" data-e-type=\"section\">\n\t\t\t\t\t\t<div class=\"elementor-container elementor-column-gap-default\">\n\t\t\t\t\t<div class=\"elementor-column elementor-col-100 elementor-top-column elementor-element elementor-element-c332482\" data-id=\"c332482\" data-element_type=\"column\" data-e-type=\"column\">\n\t\t\t<div class=\"elementor-widget-wrap elementor-element-populated\">\n\t\t\t\t\t\t<div class=\"elementor-element elementor-element-d2590b3 single_products_gallery bdt-skin-fedara-style-center elementor-widget elementor-widget-bdt-custom-gallery\" data-id=\"d2590b3\" data-element_type=\"widget\" data-e-type=\"widget\" data-settings=\"{&quot;columns&quot;:&quot;3&quot;,&quot;columns_tablet&quot;:&quot;2&quot;,&quot;columns_mobile&quot;:&quot;1&quot;}\" data-widget_type=\"bdt-custom-gallery.bdt-abetis\">\n\t\t\t\t<div class=\"elementor-widget-container\">\n\t\t\t\t\t\t\t<div id=\"bdt-custom-gallery-d2590b3\" class=\"bdt-custom-gallery bdt-skin-abetis bdt-grid bdt-grid-small\" data-settings=\"{&quot;id&quot;:&quot;#bdt-custom-gallery-d2590b3&quot;,&quot;tiltShow&quot;:false}\">\n\t\t\t\t\t\t<div class=\"bdt-gallery-item bdt-width-1-1 bdt-width-1-2@s bdt-width-1-3@m\">\n\t\t\t\t<div class=\"bdt-custom-gallery-item-inner\">\n\n\t\t\t\t\t\t\t\t\t\t\n\t\t\t\t\t\t\t\t\t\t\t\t\t\t\t\t\t<a data-elementor-open-lightbox=\"no\" href=\"\/products\/rcmh070ib\/\" id=\"custome_link\" data-type=\"iframe\" target=\"_blank\">\n\t\t\t\t\t\n\n\t\t\t\t\t<div class=\"bdt-custom-gallery-inner bdt-transition-toggle bdt-position-relative\">\n\t\t\t\t\t\t\n\t\t<div class=\"bdt-gallery-thumbnail\">\n\n\t\t\t<img width=\"300\" height=\"300\" src=\"https:\/\/danisense.com\/wp-content\/uploads\/RCM-300x300.jpg\" class=\"attachment-medium size-medium\" alt=\"RCM B\/B+\" decoding=\"async\" srcset=\"https:\/\/danisense.com\/wp-content\/uploads\/RCM-300x300.jpg 300w, https:\/\/danisense.com\/wp-content\/uploads\/RCM-150x150.jpg 150w, https:\/\/danisense.com\/wp-content\/uploads\/RCM-768x767.jpg 768w, https:\/\/danisense.com\/wp-content\/uploads\/RCM.jpg 942w\" sizes=\"(max-width: 300px) 100vw, 300px\" \/>\n\t\t<\/div>\n\t\t\t\t\t\t\t<\/div>\n\n\t\t\t\t\t\t\t\t\t\t\t<\/a>\n\t\t\t\t\t\n\t\t\t\t\t\t\t<div class=\"bdt-skin-abetis-desc bdt-padding-small\">\n\t\t\t\t\t<h6 class=\"bdt-gallery-item-title\">\n\t\t\tRCM B\/B+\t\t<\/h6>\n\t\t\t\t\t\n\t\t<\/div>\n\t\t\t\t\t\t<\/div>\n\t\t\t<\/div>\n\t\t\t\t\t<div class=\"bdt-gallery-item bdt-width-1-1 bdt-width-1-2@s bdt-width-1-3@m\">\n\t\t\t\t<div class=\"bdt-custom-gallery-item-inner\">\n\n\t\t\t\t\t\t\t\t\t\t\n\t\t\t\t\t\t\t\t\t\t\t\t\t\t\t\t\t<a data-elementor-open-lightbox=\"no\" href=\"\/products\/srcmh070ib\/\" id=\"custome_link\" data-type=\"iframe\" target=\"_blank\">\n\t\t\t\t\t\n\n\t\t\t\t\t<div class=\"bdt-custom-gallery-inner bdt-transition-toggle bdt-position-relative\">\n\t\t\t\t\t\t\n\t\t<div class=\"bdt-gallery-thumbnail\">\n\n\t\t\t<img width=\"300\" height=\"300\" src=\"https:\/\/danisense.com\/wp-content\/uploads\/SRCM-300x300.jpg\" class=\"attachment-medium size-medium\" alt=\"SRCM B\/B+\" decoding=\"async\" srcset=\"https:\/\/danisense.com\/wp-content\/uploads\/SRCM-300x300.jpg 300w, https:\/\/danisense.com\/wp-content\/uploads\/SRCM-150x150.jpg 150w, https:\/\/danisense.com\/wp-content\/uploads\/SRCM-768x767.jpg 768w, https:\/\/danisense.com\/wp-content\/uploads\/SRCM.jpg 942w\" sizes=\"(max-width: 300px) 100vw, 300px\" \/>\n\t\t<\/div>\n\t\t\t\t\t\t\t<\/div>\n\n\t\t\t\t\t\t\t\t\t\t\t<\/a>\n\t\t\t\t\t\n\t\t\t\t\t\t\t<div class=\"bdt-skin-abetis-desc bdt-padding-small\">\n\t\t\t\t\t<h6 class=\"bdt-gallery-item-title\">\n\t\t\tSRCM B\/B+\t\t<\/h6>\n\t\t\t\t\t\n\t\t<\/div>\n\t\t\t\t\t\t<\/div>\n\t\t\t<\/div>\n\t\t\t\t\t<div class=\"bdt-gallery-item bdt-width-1-1 bdt-width-1-2@s bdt-width-1-3@m\">\n\t\t\t\t<div class=\"bdt-custom-gallery-item-inner\">\n\n\t\t\t\t\t\t\t\t\t\t\n\t\t\t\t\t\t\t\t\t\t\t\t\t\t\t\t\t<a data-elementor-open-lightbox=\"no\" href=\"\/products\/calibration-service\/\" data-type=\"iframe\" target=\"_blank\">\n\t\t\t\t\t\n\n\t\t\t\t\t<div class=\"bdt-custom-gallery-inner bdt-transition-toggle bdt-position-relative\">\n\t\t\t\t\t\t\n\t\t<div class=\"bdt-gallery-thumbnail\">\n\n\t\t\t<img loading=\"lazy\" width=\"300\" height=\"300\" src=\"https:\/\/danisense.com\/wp-content\/uploads\/Calibration-Service-image-final-300x300.jpg\" class=\"attachment-medium size-medium\" alt=\"Kalibrierungsdienst\" decoding=\"async\" srcset=\"https:\/\/danisense.com\/wp-content\/uploads\/Calibration-Service-image-final-300x300.jpg 300w, https:\/\/danisense.com\/wp-content\/uploads\/Calibration-Service-image-final-150x150.jpg 150w, https:\/\/danisense.com\/wp-content\/uploads\/Calibration-Service-image-final.jpg 744w\" sizes=\"(max-width: 300px) 100vw, 300px\" \/>\n\t\t<\/div>\n\t\t\t\t\t\t\t<\/div>\n\n\t\t\t\t\t\t\t\t\t\t\t<\/a>\n\t\t\t\t\t\n\t\t\t\t\t\t\t<div class=\"bdt-skin-abetis-desc bdt-padding-small\">\n\t\t\t\t\t<h6 class=\"bdt-gallery-item-title\">\n\t\t\tKalibrierungsdienst\t\t<\/h6>\n\t\t\t\t\t\n\t\t<\/div>\n\t\t\t\t\t\t<\/div>\n\t\t\t<\/div>\n\t\t\t\t\t\t<\/div>\n\t\t\t\t\t\t<\/div>\n\t\t\t\t<\/div>\n\t\t\t\t\t<\/div>\n\t\t<\/div>\n\t\t\t\t\t<\/div>\n\t\t<\/section>\n\t\t\t\t<\/div>\n\t\t","protected":false},"excerpt":{"rendered":"<p>Elektrisches Sicherheitssystem Relevante Verwendung der Danisense Stromwandler in der Industrie f\u00fcr elektrische Sicherheitssysteme Mit dem zunehmenden Einsatz von leistungselektronischen Ger\u00e4ten in modernen industriellen und gewerblichen Anlagen, die Gleichstrom und Hochfrequenz-Fehlerstr\u00f6me erzeugen, haben die traditionellen Fehlerstromschutzschalter vom Typ A ihre Grenzen erreicht. Die \u00dcberwachung von AC\/DC-Fehlerstr\u00f6men ist in den heutigen Produktionsanlagen sehr wichtig, da jeder Fehlerstrom [&hellip;]<\/p>\n","protected":false},"author":1,"featured_media":12986,"parent":0,"menu_order":0,"comment_status":"closed","ping_status":"closed","template":"","meta":{"footnotes":""},"class_list":["post-14800","page","type-page","status-publish","has-post-thumbnail","hentry"],"_links":{"self":[{"href":"https:\/\/danisense.com\/de\/wp-json\/wp\/v2\/pages\/14800","targetHints":{"allow":["GET"]}}],"collection":[{"href":"https:\/\/danisense.com\/de\/wp-json\/wp\/v2\/pages"}],"about":[{"href":"https:\/\/danisense.com\/de\/wp-json\/wp\/v2\/types\/page"}],"author":[{"embeddable":true,"href":"https:\/\/danisense.com\/de\/wp-json\/wp\/v2\/users\/1"}],"replies":[{"embeddable":true,"href":"https:\/\/danisense.com\/de\/wp-json\/wp\/v2\/comments?post=14800"}],"version-history":[{"count":0,"href":"https:\/\/danisense.com\/de\/wp-json\/wp\/v2\/pages\/14800\/revisions"}],"wp:featuredmedia":[{"embeddable":true,"href":"https:\/\/danisense.com\/de\/wp-json\/wp\/v2\/media\/12986"}],"wp:attachment":[{"href":"https:\/\/danisense.com\/de\/wp-json\/wp\/v2\/media?parent=14800"}],"curies":[{"name":"wp","href":"https:\/\/api.w.org\/{rel}","templated":true}]}}