{"id":14794,"date":"2022-10-18T08:31:41","date_gmt":"2022-10-18T08:31:41","guid":{"rendered":"https:\/\/danisense.com\/automobilindustrie\/"},"modified":"2024-10-10T05:37:09","modified_gmt":"2024-10-10T05:37:09","slug":"automobilindustrie","status":"publish","type":"page","link":"https:\/\/danisense.com\/de\/automobilindustrie\/","title":{"rendered":"Automobilindustrie"},"content":{"rendered":"\t\t<div data-elementor-type=\"wp-page\" data-elementor-id=\"14794\" class=\"elementor elementor-14794 elementor-7431\" data-elementor-settings=\"{&quot;element_pack_global_tooltip_width&quot;:{&quot;unit&quot;:&quot;px&quot;,&quot;size&quot;:&quot;&quot;,&quot;sizes&quot;:[]},&quot;element_pack_global_tooltip_width_tablet&quot;:{&quot;unit&quot;:&quot;px&quot;,&quot;size&quot;:&quot;&quot;,&quot;sizes&quot;:[]},&quot;element_pack_global_tooltip_width_mobile&quot;:{&quot;unit&quot;:&quot;px&quot;,&quot;size&quot;:&quot;&quot;,&quot;sizes&quot;:[]},&quot;element_pack_global_tooltip_padding&quot;:{&quot;unit&quot;:&quot;px&quot;,&quot;top&quot;:&quot;&quot;,&quot;right&quot;:&quot;&quot;,&quot;bottom&quot;:&quot;&quot;,&quot;left&quot;:&quot;&quot;,&quot;isLinked&quot;:true},&quot;element_pack_global_tooltip_padding_tablet&quot;:{&quot;unit&quot;:&quot;px&quot;,&quot;top&quot;:&quot;&quot;,&quot;right&quot;:&quot;&quot;,&quot;bottom&quot;:&quot;&quot;,&quot;left&quot;:&quot;&quot;,&quot;isLinked&quot;:true},&quot;element_pack_global_tooltip_padding_mobile&quot;:{&quot;unit&quot;:&quot;px&quot;,&quot;top&quot;:&quot;&quot;,&quot;right&quot;:&quot;&quot;,&quot;bottom&quot;:&quot;&quot;,&quot;left&quot;:&quot;&quot;,&quot;isLinked&quot;:true},&quot;element_pack_global_tooltip_border_radius&quot;:{&quot;unit&quot;:&quot;px&quot;,&quot;top&quot;:&quot;&quot;,&quot;right&quot;:&quot;&quot;,&quot;bottom&quot;:&quot;&quot;,&quot;left&quot;:&quot;&quot;,&quot;isLinked&quot;:true},&quot;element_pack_global_tooltip_border_radius_tablet&quot;:{&quot;unit&quot;:&quot;px&quot;,&quot;top&quot;:&quot;&quot;,&quot;right&quot;:&quot;&quot;,&quot;bottom&quot;:&quot;&quot;,&quot;left&quot;:&quot;&quot;,&quot;isLinked&quot;:true},&quot;element_pack_global_tooltip_border_radius_mobile&quot;:{&quot;unit&quot;:&quot;px&quot;,&quot;top&quot;:&quot;&quot;,&quot;right&quot;:&quot;&quot;,&quot;bottom&quot;:&quot;&quot;,&quot;left&quot;:&quot;&quot;,&quot;isLinked&quot;:true}}\" data-elementor-post-type=\"page\">\n\t\t\t\t\t\t<section class=\"elementor-section elementor-top-section elementor-element elementor-element-4777b61 elementor-section-boxed elementor-section-height-default elementor-section-height-default\" data-id=\"4777b61\" data-element_type=\"section\" data-e-type=\"section\">\n\t\t\t\t\t\t<div class=\"elementor-container elementor-column-gap-default\">\n\t\t\t\t\t<div class=\"elementor-column elementor-col-100 elementor-top-column elementor-element elementor-element-2f19a10\" data-id=\"2f19a10\" data-element_type=\"column\" data-e-type=\"column\">\n\t\t\t<div class=\"elementor-widget-wrap elementor-element-populated\">\n\t\t\t\t\t\t<div class=\"elementor-element elementor-element-bfee6ba single-page-title elementor-widget elementor-widget-heading\" data-id=\"bfee6ba\" data-element_type=\"widget\" data-e-type=\"widget\" data-widget_type=\"heading.default\">\n\t\t\t\t<div class=\"elementor-widget-container\">\n\t\t\t\t\t<h1 class=\"elementor-heading-title elementor-size-default\">Automobilindustrie<\/h1>\t\t\t\t<\/div>\n\t\t\t\t<\/div>\n\t\t\t\t<div class=\"elementor-element elementor-element-d9d293a elementor-widget elementor-widget-heading\" data-id=\"d9d293a\" data-element_type=\"widget\" data-e-type=\"widget\" data-widget_type=\"heading.default\">\n\t\t\t\t<div class=\"elementor-widget-container\">\n\t\t\t\t\t<h4 class=\"elementor-heading-title elementor-size-default\">Relevante Verwendung der Danisense Stromwandler in der Automobilindustrie<\/h4>\t\t\t\t<\/div>\n\t\t\t\t<\/div>\n\t\t\t\t<div class=\"elementor-element elementor-element-48ffbfb elementor-widget elementor-widget-image\" data-id=\"48ffbfb\" data-element_type=\"widget\" data-e-type=\"widget\" data-widget_type=\"image.default\">\n\t\t\t\t<div class=\"elementor-widget-container\">\n\t\t\t\t\t\t\t\t\t\t\t\t\t\t\t<img fetchpriority=\"high\" decoding=\"async\" width=\"800\" height=\"588\" src=\"https:\/\/danisense.com\/wp-content\/uploads\/test_bench-1024x752.webp\" class=\"attachment-large size-large wp-image-14097\" alt=\"\" srcset=\"https:\/\/danisense.com\/wp-content\/uploads\/test_bench-1024x752.webp 1024w, https:\/\/danisense.com\/wp-content\/uploads\/test_bench-300x220.webp 300w, https:\/\/danisense.com\/wp-content\/uploads\/test_bench-768x564.webp 768w, https:\/\/danisense.com\/wp-content\/uploads\/test_bench.webp 1440w\" sizes=\"(max-width: 800px) 100vw, 800px\" \/>\t\t\t\t\t\t\t\t\t\t\t\t\t\t\t<\/div>\n\t\t\t\t<\/div>\n\t\t\t\t<div class=\"elementor-element elementor-element-17478e2 elementor-widget elementor-widget-text-editor\" data-id=\"17478e2\" data-element_type=\"widget\" data-e-type=\"widget\" data-widget_type=\"text-editor.default\">\n\t\t\t\t<div class=\"elementor-widget-container\">\n\t\t\t\t\t\t\t\t\t<p>In der Automobilindustrie sind hohe Leistung, Zuverl\u00e4ssigkeit und Genauigkeit die Schl\u00fcsselkriterien f\u00fcr elektronische Komponenten und Systeme. Durch die Kombination von komplexer magnetischer Leistung mit fortschrittlicher Elektronik bietet Danisense hocheffiziente und pr\u00e4zise DC- und AC-Strommesswandler f\u00fcr Automobilanwendungen. Basierend auf unserer Fluxgate-Technologie liefern wir sehr pr\u00e4zise Messungen bis auf 1 ppm genau.<\/p>\n<p>F\u00fcr weitere Informationen \u00fcber die Produktpalette von Danisense f\u00fcr Automobil- und EV-Anwendungen klicken Sie bitte auf eines der untenstehenden Produkte:<\/p>\n\t\t\t\t\t\t\t\t<\/div>\n\t\t\t\t<\/div>\n\t\t\t\t\t<\/div>\n\t\t<\/div>\n\t\t\t\t\t<\/div>\n\t\t<\/section>\n\t\t\t\t<section class=\"elementor-section elementor-top-section elementor-element elementor-element-79a68ab elementor-section-boxed elementor-section-height-default elementor-section-height-default\" data-id=\"79a68ab\" data-element_type=\"section\" data-e-type=\"section\">\n\t\t\t\t\t\t<div class=\"elementor-container elementor-column-gap-no\">\n\t\t\t\t\t<div class=\"elementor-column elementor-col-100 elementor-top-column elementor-element elementor-element-9d0098f\" data-id=\"9d0098f\" data-element_type=\"column\" data-e-type=\"column\">\n\t\t\t<div class=\"elementor-widget-wrap elementor-element-populated\">\n\t\t\t\t\t\t<div class=\"elementor-element elementor-element-7c7d573 config-text elementor-widget elementor-widget-heading\" data-id=\"7c7d573\" data-element_type=\"widget\" data-e-type=\"widget\" data-widget_type=\"heading.default\">\n\t\t\t\t<div class=\"elementor-widget-container\">\n\t\t\t\t\t<h2 class=\"elementor-heading-title elementor-size-default\"><p>Danisense Produkte f\u00fcr die Automobilindustrie<span style=\"letter-spacing: 0px\"><\/span><\/p><\/h2>\t\t\t\t<\/div>\n\t\t\t\t<\/div>\n\t\t\t\t\t<\/div>\n\t\t<\/div>\n\t\t\t\t\t<\/div>\n\t\t<\/section>\n\t\t\t\t<section class=\"elementor-section elementor-top-section elementor-element elementor-element-9c0f08b elementor-section-boxed elementor-section-height-default elementor-section-height-default\" data-id=\"9c0f08b\" data-element_type=\"section\" data-e-type=\"section\">\n\t\t\t\t\t\t<div class=\"elementor-container elementor-column-gap-default\">\n\t\t\t\t\t<div class=\"elementor-column elementor-col-100 elementor-top-column elementor-element elementor-element-fc988ce\" data-id=\"fc988ce\" data-element_type=\"column\" data-e-type=\"column\">\n\t\t\t<div class=\"elementor-widget-wrap elementor-element-populated\">\n\t\t\t\t\t\t<div class=\"elementor-element elementor-element-20468c9 single_products_gallery bdt-skin-fedara-style-center elementor-widget elementor-widget-bdt-custom-gallery\" data-id=\"20468c9\" data-element_type=\"widget\" data-e-type=\"widget\" data-settings=\"{&quot;columns&quot;:&quot;3&quot;,&quot;columns_tablet&quot;:&quot;2&quot;,&quot;columns_mobile&quot;:&quot;1&quot;}\" data-widget_type=\"bdt-custom-gallery.bdt-abetis\">\n\t\t\t\t<div class=\"elementor-widget-container\">\n\t\t\t\t\t\t\t<div id=\"bdt-custom-gallery-20468c9\" class=\"bdt-custom-gallery bdt-skin-abetis bdt-grid bdt-grid-small\" data-settings=\"{&quot;id&quot;:&quot;#bdt-custom-gallery-20468c9&quot;,&quot;tiltShow&quot;:false}\">\n\t\t\t\t\t\t<div class=\"bdt-gallery-item bdt-width-1-1 bdt-width-1-2@s bdt-width-1-3@m\">\n\t\t\t\t<div class=\"bdt-custom-gallery-item-inner\">\n\n\t\t\t\t\t\t\t\t\t\t\n\t\t\t\t\t\t\t\t\t\t\t\t\t\t\t\t\t<a data-elementor-open-lightbox=\"no\" href=\"\/products\/ds50id\/\" data-type=\"iframe\">\n\t\t\t\t\t\n\n\t\t\t\t\t<div class=\"bdt-custom-gallery-inner bdt-transition-toggle bdt-position-relative\">\n\t\t\t\t\t\t\n\t\t<div class=\"bdt-gallery-thumbnail\">\n\n\t\t\t<img width=\"768\" height=\"767\" src=\"https:\/\/danisense.com\/wp-content\/uploads\/DS-768x767.jpg\" class=\"attachment-medium_large size-medium_large\" alt=\"DS50ID\" decoding=\"async\" srcset=\"https:\/\/danisense.com\/wp-content\/uploads\/DS-768x767.jpg 768w, https:\/\/danisense.com\/wp-content\/uploads\/DS-300x300.jpg 300w, https:\/\/danisense.com\/wp-content\/uploads\/DS-150x150.jpg 150w, https:\/\/danisense.com\/wp-content\/uploads\/DS.jpg 942w\" sizes=\"(max-width: 768px) 100vw, 768px\" \/>\n\t\t<\/div>\n\t\t\t\t\t\t\t<\/div>\n\n\t\t\t\t\t\t\t\t\t\t\t<\/a>\n\t\t\t\t\t\n\t\t\t\t\t\t\t<div class=\"bdt-skin-abetis-desc bdt-padding-small\">\n\t\t\t\t\t<h6 class=\"bdt-gallery-item-title\">\n\t\t\tDS50ID\t\t<\/h6>\n\t\t\t\t\t\n\t\t<\/div>\n\t\t\t\t\t\t<\/div>\n\t\t\t<\/div>\n\t\t\t\t\t<div class=\"bdt-gallery-item bdt-width-1-1 bdt-width-1-2@s bdt-width-1-3@m\">\n\t\t\t\t<div class=\"bdt-custom-gallery-item-inner\">\n\n\t\t\t\t\t\t\t\t\t\t\n\t\t\t\t\t\t\t\t\t\t\t\t\t\t\t\t\t<a data-elementor-open-lightbox=\"no\" href=\"\/products\/ds200id\/\" data-type=\"iframe\">\n\t\t\t\t\t\n\n\t\t\t\t\t<div class=\"bdt-custom-gallery-inner bdt-transition-toggle bdt-position-relative\">\n\t\t\t\t\t\t\n\t\t<div class=\"bdt-gallery-thumbnail\">\n\n\t\t\t<img width=\"768\" height=\"767\" src=\"https:\/\/danisense.com\/wp-content\/uploads\/DS-768x767.jpg\" class=\"attachment-medium_large size-medium_large\" alt=\"DS200ID\" decoding=\"async\" srcset=\"https:\/\/danisense.com\/wp-content\/uploads\/DS-768x767.jpg 768w, https:\/\/danisense.com\/wp-content\/uploads\/DS-300x300.jpg 300w, https:\/\/danisense.com\/wp-content\/uploads\/DS-150x150.jpg 150w, https:\/\/danisense.com\/wp-content\/uploads\/DS.jpg 942w\" sizes=\"(max-width: 768px) 100vw, 768px\" \/>\n\t\t<\/div>\n\t\t\t\t\t\t\t<\/div>\n\n\t\t\t\t\t\t\t\t\t\t\t<\/a>\n\t\t\t\t\t\n\t\t\t\t\t\t\t<div class=\"bdt-skin-abetis-desc bdt-padding-small\">\n\t\t\t\t\t<h6 class=\"bdt-gallery-item-title\">\n\t\t\tDS200ID\t\t<\/h6>\n\t\t\t\t\t\n\t\t<\/div>\n\t\t\t\t\t\t<\/div>\n\t\t\t<\/div>\n\t\t\t\t\t<div class=\"bdt-gallery-item bdt-width-1-1 bdt-width-1-2@s bdt-width-1-3@m\">\n\t\t\t\t<div class=\"bdt-custom-gallery-item-inner\">\n\n\t\t\t\t\t\t\t\t\t\t\n\t\t\t\t\t\t\t\t\t\t\t\t\t\t\t\t\t<a data-elementor-open-lightbox=\"no\" href=\"\/products\/ds600id\/\" data-type=\"iframe\">\n\t\t\t\t\t\n\n\t\t\t\t\t<div class=\"bdt-custom-gallery-inner bdt-transition-toggle bdt-position-relative\">\n\t\t\t\t\t\t\n\t\t<div class=\"bdt-gallery-thumbnail\">\n\n\t\t\t<img loading=\"lazy\" width=\"768\" height=\"767\" src=\"https:\/\/danisense.com\/wp-content\/uploads\/DS-768x767.jpg\" class=\"attachment-medium_large size-medium_large\" alt=\"DS600ID\" decoding=\"async\" srcset=\"https:\/\/danisense.com\/wp-content\/uploads\/DS-768x767.jpg 768w, https:\/\/danisense.com\/wp-content\/uploads\/DS-300x300.jpg 300w, https:\/\/danisense.com\/wp-content\/uploads\/DS-150x150.jpg 150w, https:\/\/danisense.com\/wp-content\/uploads\/DS.jpg 942w\" sizes=\"(max-width: 768px) 100vw, 768px\" \/>\n\t\t<\/div>\n\t\t\t\t\t\t\t<\/div>\n\n\t\t\t\t\t\t\t\t\t\t\t<\/a>\n\t\t\t\t\t\n\t\t\t\t\t\t\t<div class=\"bdt-skin-abetis-desc bdt-padding-small\">\n\t\t\t\t\t<h6 class=\"bdt-gallery-item-title\">\n\t\t\tDS600ID\t\t<\/h6>\n\t\t\t\t\t\n\t\t<\/div>\n\t\t\t\t\t\t<\/div>\n\t\t\t<\/div>\n\t\t\t\t\t<div class=\"bdt-gallery-item bdt-width-1-1 bdt-width-1-2@s bdt-width-1-3@m\">\n\t\t\t\t<div class=\"bdt-custom-gallery-item-inner\">\n\n\t\t\t\t\t\t\t\t\t\t\n\t\t\t\t\t\t\t\t\t\t\t\t\t\t\t\t\t<a data-elementor-open-lightbox=\"no\" href=\"\/products\/dn1000id\/\" data-type=\"iframe\">\n\t\t\t\t\t\n\n\t\t\t\t\t<div class=\"bdt-custom-gallery-inner bdt-transition-toggle bdt-position-relative\">\n\t\t\t\t\t\t\n\t\t<div class=\"bdt-gallery-thumbnail\">\n\n\t\t\t<img loading=\"lazy\" width=\"768\" height=\"767\" src=\"https:\/\/danisense.com\/wp-content\/uploads\/DN-768x767.jpg\" class=\"attachment-medium_large size-medium_large\" alt=\"DN1000ID\" decoding=\"async\" srcset=\"https:\/\/danisense.com\/wp-content\/uploads\/DN-768x767.jpg 768w, https:\/\/danisense.com\/wp-content\/uploads\/DN-300x300.jpg 300w, https:\/\/danisense.com\/wp-content\/uploads\/DN-150x150.jpg 150w, https:\/\/danisense.com\/wp-content\/uploads\/DN.jpg 942w\" sizes=\"(max-width: 768px) 100vw, 768px\" \/>\n\t\t<\/div>\n\t\t\t\t\t\t\t<\/div>\n\n\t\t\t\t\t\t\t\t\t\t\t<\/a>\n\t\t\t\t\t\n\t\t\t\t\t\t\t<div class=\"bdt-skin-abetis-desc bdt-padding-small\">\n\t\t\t\t\t<h6 class=\"bdt-gallery-item-title\">\n\t\t\tDN1000ID\t\t<\/h6>\n\t\t\t\t\t\n\t\t<\/div>\n\t\t\t\t\t\t<\/div>\n\t\t\t<\/div>\n\t\t\t\t\t<div class=\"bdt-gallery-item bdt-width-1-1 bdt-width-1-2@s bdt-width-1-3@m\">\n\t\t\t\t<div class=\"bdt-custom-gallery-item-inner\">\n\n\t\t\t\t\t\t\t\t\t\t\n\t\t\t\t\t\t\t\t\t\t\t\t\t\t\t\t\t<a data-elementor-open-lightbox=\"no\" href=\"\/products\/dm1200id\/\" data-type=\"iframe\">\n\t\t\t\t\t\n\n\t\t\t\t\t<div class=\"bdt-custom-gallery-inner bdt-transition-toggle bdt-position-relative\">\n\t\t\t\t\t\t\n\t\t<div class=\"bdt-gallery-thumbnail\">\n\n\t\t\t<img loading=\"lazy\" width=\"768\" height=\"767\" src=\"https:\/\/danisense.com\/wp-content\/uploads\/DM-768x767.jpg\" class=\"attachment-medium_large size-medium_large\" alt=\"DM1200ID\" decoding=\"async\" srcset=\"https:\/\/danisense.com\/wp-content\/uploads\/DM-768x767.jpg 768w, https:\/\/danisense.com\/wp-content\/uploads\/DM-300x300.jpg 300w, https:\/\/danisense.com\/wp-content\/uploads\/DM-150x150.jpg 150w, https:\/\/danisense.com\/wp-content\/uploads\/DM.jpg 942w\" sizes=\"(max-width: 768px) 100vw, 768px\" \/>\n\t\t<\/div>\n\t\t\t\t\t\t\t<\/div>\n\n\t\t\t\t\t\t\t\t\t\t\t<\/a>\n\t\t\t\t\t\n\t\t\t\t\t\t\t<div class=\"bdt-skin-abetis-desc bdt-padding-small\">\n\t\t\t\t\t<h6 class=\"bdt-gallery-item-title\">\n\t\t\tDM1200ID\t\t<\/h6>\n\t\t\t\t\t\n\t\t<\/div>\n\t\t\t\t\t\t<\/div>\n\t\t\t<\/div>\n\t\t\t\t\t<div class=\"bdt-gallery-item bdt-width-1-1 bdt-width-1-2@s bdt-width-1-3@m\">\n\t\t\t\t<div class=\"bdt-custom-gallery-item-inner\">\n\n\t\t\t\t\t\t\t\t\t\t\n\t\t\t\t\t\t\t\t\t\t\t\t\t\t\t\t\t<a data-elementor-open-lightbox=\"no\" href=\"\/products\/dl2000id\/\" data-type=\"iframe\">\n\t\t\t\t\t\n\n\t\t\t\t\t<div class=\"bdt-custom-gallery-inner bdt-transition-toggle bdt-position-relative\">\n\t\t\t\t\t\t\n\t\t<div class=\"bdt-gallery-thumbnail\">\n\n\t\t\t<img loading=\"lazy\" width=\"768\" height=\"767\" src=\"https:\/\/danisense.com\/wp-content\/uploads\/DL-768x767.jpg\" class=\"attachment-medium_large size-medium_large\" alt=\"DL2000ID\" decoding=\"async\" srcset=\"https:\/\/danisense.com\/wp-content\/uploads\/DL-768x767.jpg 768w, https:\/\/danisense.com\/wp-content\/uploads\/DL-300x300.jpg 300w, https:\/\/danisense.com\/wp-content\/uploads\/DL-150x150.jpg 150w, https:\/\/danisense.com\/wp-content\/uploads\/DL.jpg 942w\" sizes=\"(max-width: 768px) 100vw, 768px\" \/>\n\t\t<\/div>\n\t\t\t\t\t\t\t<\/div>\n\n\t\t\t\t\t\t\t\t\t\t\t<\/a>\n\t\t\t\t\t\n\t\t\t\t\t\t\t<div class=\"bdt-skin-abetis-desc bdt-padding-small\">\n\t\t\t\t\t<h6 class=\"bdt-gallery-item-title\">\n\t\t\tDL2000ID\t\t<\/h6>\n\t\t\t\t\t\n\t\t<\/div>\n\t\t\t\t\t\t<\/div>\n\t\t\t<\/div>\n\t\t\t\t\t<div class=\"bdt-gallery-item bdt-width-1-1 bdt-width-1-2@s bdt-width-1-3@m\">\n\t\t\t\t<div class=\"bdt-custom-gallery-item-inner\">\n\n\t\t\t\t\t\t\t\t\t\t\n\t\t\t\t\t\t\t\t\t\t\t\t\t\t\t\t\t<a data-elementor-open-lightbox=\"no\" href=\"\/products\/calibration-service\/\" data-type=\"iframe\">\n\t\t\t\t\t\n\n\t\t\t\t\t<div class=\"bdt-custom-gallery-inner bdt-transition-toggle bdt-position-relative\">\n\t\t\t\t\t\t\n\t\t<div class=\"bdt-gallery-thumbnail\">\n\n\t\t\t<img loading=\"lazy\" width=\"744\" height=\"746\" src=\"https:\/\/danisense.com\/wp-content\/uploads\/Calibration-Service-image-final.jpg\" class=\"attachment-medium_large size-medium_large\" alt=\"Kalibrierungsdienst\" decoding=\"async\" srcset=\"https:\/\/danisense.com\/wp-content\/uploads\/Calibration-Service-image-final.jpg 744w, https:\/\/danisense.com\/wp-content\/uploads\/Calibration-Service-image-final-300x300.jpg 300w, https:\/\/danisense.com\/wp-content\/uploads\/Calibration-Service-image-final-150x150.jpg 150w\" sizes=\"(max-width: 744px) 100vw, 744px\" \/>\n\t\t<\/div>\n\t\t\t\t\t\t\t<\/div>\n\n\t\t\t\t\t\t\t\t\t\t\t<\/a>\n\t\t\t\t\t\n\t\t\t\t\t\t\t<div class=\"bdt-skin-abetis-desc bdt-padding-small\">\n\t\t\t\t\t<h6 class=\"bdt-gallery-item-title\">\n\t\t\tKalibrierungsdienst\t\t<\/h6>\n\t\t\t\t\t\n\t\t<\/div>\n\t\t\t\t\t\t<\/div>\n\t\t\t<\/div>\n\t\t\t\t\t\t<\/div>\n\t\t\t\t\t\t<\/div>\n\t\t\t\t<\/div>\n\t\t\t\t\t<\/div>\n\t\t<\/div>\n\t\t\t\t\t<\/div>\n\t\t<\/section>\n\t\t\t\t<\/div>\n\t\t","protected":false},"excerpt":{"rendered":"<p>Automobilindustrie Relevante Verwendung der Danisense Stromwandler in der Automobilindustrie In der Automobilindustrie sind hohe Leistung, Zuverl\u00e4ssigkeit und Genauigkeit die Schl\u00fcsselkriterien f\u00fcr elektronische Komponenten und Systeme. Durch die Kombination von komplexer magnetischer Leistung mit fortschrittlicher Elektronik bietet Danisense hocheffiziente und pr\u00e4zise DC- und AC-Strommesswandler f\u00fcr Automobilanwendungen. Basierend auf unserer Fluxgate-Technologie liefern wir sehr pr\u00e4zise Messungen bis [&hellip;]<\/p>\n","protected":false},"author":1,"featured_media":14097,"parent":0,"menu_order":0,"comment_status":"closed","ping_status":"closed","template":"","meta":{"footnotes":""},"class_list":["post-14794","page","type-page","status-publish","has-post-thumbnail","hentry"],"_links":{"self":[{"href":"https:\/\/danisense.com\/de\/wp-json\/wp\/v2\/pages\/14794","targetHints":{"allow":["GET"]}}],"collection":[{"href":"https:\/\/danisense.com\/de\/wp-json\/wp\/v2\/pages"}],"about":[{"href":"https:\/\/danisense.com\/de\/wp-json\/wp\/v2\/types\/page"}],"author":[{"embeddable":true,"href":"https:\/\/danisense.com\/de\/wp-json\/wp\/v2\/users\/1"}],"replies":[{"embeddable":true,"href":"https:\/\/danisense.com\/de\/wp-json\/wp\/v2\/comments?post=14794"}],"version-history":[{"count":0,"href":"https:\/\/danisense.com\/de\/wp-json\/wp\/v2\/pages\/14794\/revisions"}],"wp:featuredmedia":[{"embeddable":true,"href":"https:\/\/danisense.com\/de\/wp-json\/wp\/v2\/media\/14097"}],"wp:attachment":[{"href":"https:\/\/danisense.com\/de\/wp-json\/wp\/v2\/media?parent=14794"}],"curies":[{"name":"wp","href":"https:\/\/api.w.org\/{rel}","templated":true}]}}