{"id":14791,"date":"2022-06-01T12:40:28","date_gmt":"2022-06-01T12:40:28","guid":{"rendered":"https:\/\/danisense.com\/produkte\/kabel\/"},"modified":"2024-08-14T06:05:07","modified_gmt":"2024-08-14T06:05:07","slug":"kabel","status":"publish","type":"page","link":"https:\/\/danisense.com\/de\/produkte\/kabel\/","title":{"rendered":"Kabel"},"content":{"rendered":"\t\t<div data-elementor-type=\"wp-page\" data-elementor-id=\"14791\" class=\"elementor elementor-14791 elementor-5263\" data-elementor-settings=\"{&quot;element_pack_global_tooltip_width&quot;:{&quot;unit&quot;:&quot;px&quot;,&quot;size&quot;:&quot;&quot;,&quot;sizes&quot;:[]},&quot;element_pack_global_tooltip_width_tablet&quot;:{&quot;unit&quot;:&quot;px&quot;,&quot;size&quot;:&quot;&quot;,&quot;sizes&quot;:[]},&quot;element_pack_global_tooltip_width_mobile&quot;:{&quot;unit&quot;:&quot;px&quot;,&quot;size&quot;:&quot;&quot;,&quot;sizes&quot;:[]},&quot;element_pack_global_tooltip_padding&quot;:{&quot;unit&quot;:&quot;px&quot;,&quot;top&quot;:&quot;&quot;,&quot;right&quot;:&quot;&quot;,&quot;bottom&quot;:&quot;&quot;,&quot;left&quot;:&quot;&quot;,&quot;isLinked&quot;:true},&quot;element_pack_global_tooltip_padding_tablet&quot;:{&quot;unit&quot;:&quot;px&quot;,&quot;top&quot;:&quot;&quot;,&quot;right&quot;:&quot;&quot;,&quot;bottom&quot;:&quot;&quot;,&quot;left&quot;:&quot;&quot;,&quot;isLinked&quot;:true},&quot;element_pack_global_tooltip_padding_mobile&quot;:{&quot;unit&quot;:&quot;px&quot;,&quot;top&quot;:&quot;&quot;,&quot;right&quot;:&quot;&quot;,&quot;bottom&quot;:&quot;&quot;,&quot;left&quot;:&quot;&quot;,&quot;isLinked&quot;:true},&quot;element_pack_global_tooltip_border_radius&quot;:{&quot;unit&quot;:&quot;px&quot;,&quot;top&quot;:&quot;&quot;,&quot;right&quot;:&quot;&quot;,&quot;bottom&quot;:&quot;&quot;,&quot;left&quot;:&quot;&quot;,&quot;isLinked&quot;:true},&quot;element_pack_global_tooltip_border_radius_tablet&quot;:{&quot;unit&quot;:&quot;px&quot;,&quot;top&quot;:&quot;&quot;,&quot;right&quot;:&quot;&quot;,&quot;bottom&quot;:&quot;&quot;,&quot;left&quot;:&quot;&quot;,&quot;isLinked&quot;:true},&quot;element_pack_global_tooltip_border_radius_mobile&quot;:{&quot;unit&quot;:&quot;px&quot;,&quot;top&quot;:&quot;&quot;,&quot;right&quot;:&quot;&quot;,&quot;bottom&quot;:&quot;&quot;,&quot;left&quot;:&quot;&quot;,&quot;isLinked&quot;:true}}\" data-elementor-post-type=\"page\">\n\t\t\t\t\t\t<section class=\"elementor-section elementor-top-section elementor-element elementor-element-576f5ba elementor-section-boxed elementor-section-height-default elementor-section-height-default\" data-id=\"576f5ba\" data-element_type=\"section\" data-e-type=\"section\">\n\t\t\t\t\t\t<div class=\"elementor-container elementor-column-gap-default\">\n\t\t\t\t\t<div class=\"elementor-column elementor-col-100 elementor-top-column elementor-element elementor-element-0d83b64\" data-id=\"0d83b64\" data-element_type=\"column\" data-e-type=\"column\">\n\t\t\t<div class=\"elementor-widget-wrap elementor-element-populated\">\n\t\t\t\t\t\t<div class=\"elementor-element elementor-element-9877ecb single-page-title elementor-widget elementor-widget-heading\" data-id=\"9877ecb\" data-element_type=\"widget\" data-e-type=\"widget\" data-widget_type=\"heading.default\">\n\t\t\t\t<div class=\"elementor-widget-container\">\n\t\t\t\t\t<h1 class=\"elementor-heading-title elementor-size-default\">Kabel<\/h1>\t\t\t\t<\/div>\n\t\t\t\t<\/div>\n\t\t\t\t<div class=\"elementor-element elementor-element-b29ed59 elementor-widget elementor-widget-heading\" data-id=\"b29ed59\" data-element_type=\"widget\" data-e-type=\"widget\" data-widget_type=\"heading.default\">\n\t\t\t\t<div class=\"elementor-widget-container\">\n\t\t\t\t\t<h2 class=\"elementor-heading-title elementor-size-default\">Kontaktieren Sie uns, wenn Sie ein Kabel ben\u00f6tigen, das nicht in der Liste unten aufgef\u00fchrt ist.<\/h2>\t\t\t\t<\/div>\n\t\t\t\t<\/div>\n\t\t\t\t\t<\/div>\n\t\t<\/div>\n\t\t\t\t\t<\/div>\n\t\t<\/section>\n\t\t\t\t<section class=\"elementor-section elementor-top-section elementor-element elementor-element-e3cc33f elementor-section-boxed elementor-section-height-default elementor-section-height-default\" data-id=\"e3cc33f\" data-element_type=\"section\" data-e-type=\"section\">\n\t\t\t\t\t\t<div class=\"elementor-container elementor-column-gap-default\">\n\t\t\t\t\t<div class=\"elementor-column elementor-col-100 elementor-top-column elementor-element elementor-element-20cdf25\" data-id=\"20cdf25\" data-element_type=\"column\" data-e-type=\"column\">\n\t\t\t<div class=\"elementor-widget-wrap elementor-element-populated\">\n\t\t\t\t\t\t<div class=\"elementor-element elementor-element-3e7d53f elementor-widget elementor-widget-text-editor\" data-id=\"3e7d53f\" data-element_type=\"widget\" data-e-type=\"widget\" data-widget_type=\"text-editor.default\">\n\t\t\t\t<div class=\"elementor-widget-container\">\n\t\t\t\t\t\t\t\t\t\n<table id=\"tablepress-105\" class=\"tablepress tablepress-id-105 custom-table-cable\">\n<tbody class=\"row-striping row-hover\">\n<tr class=\"row-1\">\n\t<td class=\"column-1\">Produkt<\/td><td class=\"column-2\">L\u00e4nge(m)<\/td><td class=\"column-3\">Anschluss 1<\/td><td class=\"column-4\">Anschluss 2<\/td><td class=\"column-5\">Kommentar<\/td>\n<\/tr>\n<tr class=\"row-2\">\n\t<td class=\"column-1\"><div class=\"tooltip-custom\"><a href=\"\/products\/dsub2-20\/datasheet\" class=\"play_header\" target=\"_blank\" rel=\"noopener noreferrer\">DSUB2<\/a><div class=\"tooltipimg\"><img decoding=\"async\" src=\"https:\/\/danisense.com\/wp-content\/uploads\/channels4_profile.jpg\" alt=\"Danisense current transducer\" width=\"150\" height=\"150\" class=\"aligncenter size-thumbnail wp-image-4894\" \/><\/div><\/div><\/td><td class=\"column-2\">2<\/td><td class=\"column-3\">Stromwandler<\/td><td class=\"column-4\">DSSIU-1, DSSIU-4-1U or <br>DSSIU-6-1U<\/td><td class=\"column-5\"><\/td>\n<\/tr>\n<tr class=\"row-3\">\n\t<td class=\"column-1\"><div class=\"tooltip-custom\"><a href=\"\/products\/dsub2-20\/datasheet\" class=\"play_header\" target=\"_blank\" rel=\"noopener noreferrer\">DSUB3<\/a><div class=\"tooltipimg\"><picture><source srcset=\"\/wp-content\/uploads\/Cable-3m.webp \"  type=\"image\/webp\"><img src=\"\/wp-content\/uploads\/Cable-3m.jpg\" height=\"150\" width=\"150\" class=\"aligncenter size-thumbnail wp-image-4894 sp-no-webp\" alt=\"Danisense current transducer\" decoding=\"async\"  > <\/picture><\/div><\/div><\/td><td class=\"column-2\">3<\/td><td class=\"column-3\">Stromwandler<\/td><td class=\"column-4\">DSSIU-1, DSSIU-4-1U or <br>DSSIU-6-1U<\/td><td class=\"column-5\"><\/td>\n<\/tr>\n<tr class=\"row-4\">\n\t<td class=\"column-1\"><div class=\"tooltip-custom\"><a href=\"\/products\/dsub2-20\/datasheet\" class=\"play_header\" target=\"_blank\" rel=\"noopener noreferrer\">DSUB5<\/a><div class=\"tooltipimg\"><img decoding=\"async\" src=\"https:\/\/danisense.com\/wp-content\/uploads\/Cable_5m_14_optimized.jpg\" alt=\"Danisense current transducer\" width=\"150\" height=\"150\" class=\"aligncenter size-thumbnail wp-image-4894\" \/><\/div><\/div><\/td><td class=\"column-2\">5<\/td><td class=\"column-3\">Stromwandler<\/td><td class=\"column-4\">DSSIU-1, DSSIU-4-1U or <br>DSSIU-6-1U<\/td><td class=\"column-5\"><\/td>\n<\/tr>\n<tr class=\"row-5\">\n\t<td class=\"column-1\"><div class=\"tooltip-custom\"><a href=\"\/products\/dsub2-20\/datasheet\" class=\"play_header\" target=\"_blank\" rel=\"noopener noreferrer\">DSUB10<\/a><div class=\"tooltipimg\"><img loading=\"lazy\" decoding=\"async\" src=\"https:\/\/danisense.com\/wp-content\/uploads\/Cable_10m_13_optimized.jpg\" alt=\"Danisense current transducer\" width=\"150\" height=\"150\" class=\"aligncenter size-thumbnail wp-image-4894\" \/><\/div><\/div><\/td><td class=\"column-2\">10<\/td><td class=\"column-3\">Stromwandler<\/td><td class=\"column-4\">DSSIU-1, DSSIU-4-1U or <br>DSSIU-6-1U<\/td><td class=\"column-5\"><\/td>\n<\/tr>\n<tr class=\"row-6\">\n\t<td class=\"column-1\"><div class=\"tooltip-custom\"><a href=\"\/products\/dsub2-20\/datasheet\" class=\"play_header\" target=\"_blank\" rel=\"noopener noreferrer\">DSUB15<\/a><div class=\"tooltipimg\"><img loading=\"lazy\" decoding=\"async\" src=\"https:\/\/danisense.com\/wp-content\/uploads\/Cable_15m_12_optimized.jpg\" alt=\"Danisense current transducer\" width=\"150\" height=\"150\" class=\"aligncenter size-thumbnail wp-image-4894\" \/><\/div><\/div><\/td><td class=\"column-2\">15<\/td><td class=\"column-3\">Stromwandler<\/td><td class=\"column-4\">DSSIU-1, DSSIU-4-1U or <br>DSSIU-6-1U<\/td><td class=\"column-5\">Nicht mit DL2000 in voller Spezifikation zu verwenden &#8211; rufen Sie uns an oder schreiben Sie uns mit Ihren spezifischen Anforderungen<\/td>\n<\/tr>\n<tr class=\"row-7\">\n\t<td class=\"column-1\"><div class=\"tooltip-custom\"><a href=\"\/products\/dsub2-20\/datasheet\" class=\"play_header\" target=\"_blank\" rel=\"noopener noreferrer\">DSUB20<\/a><div class=\"tooltipimg\"><img loading=\"lazy\" decoding=\"async\" src=\"https:\/\/danisense.com\/wp-content\/uploads\/Cable_20m_11_optimized.jpg\" alt=\"Danisense current transducer\" width=\"150\" height=\"150\" class=\"aligncenter size-thumbnail wp-image-4894\" \/><\/div><\/div><\/td><td class=\"column-2\">20<\/td><td class=\"column-3\">Stromwandler<\/td><td class=\"column-4\">DSSIU-1, DSSIU-4-1U or <br>DSSIU-6-1U<\/td><td class=\"column-5\">Nicht mit DL2000 in voller Spezifikation zu verwenden &#8211; rufen Sie uns an oder schreiben Sie uns mit Ihren spezifischen Anforderungen<\/td>\n<\/tr>\n<tr class=\"row-8\">\n\t<td class=\"column-1\"><div class=\"tooltip-custom\"><a href=\"\/wp-content\/uploads\/DS-UB-Power-cable-3m.pdf\" class=\"play_header\" target=\"_blank\" rel=\"noopener noreferrer\">DS-UB Power<\/a><div class=\"tooltipimg\"><picture><source srcset=\"\/wp-content\/uploads\/DSUB-Power_4-scaled.webp \"  type=\"image\/webp\"><img src=\"\/wp-content\/uploads\/DSUB-Power_4-scaled.jpg\" height=\"150\" width=\"150\" class=\"aligncenter size-thumbnail wp-image-4894 sp-no-webp\" alt=\"Danisense current transducer\" loading=\"lazy\" decoding=\"async\"  > <\/picture><\/div><\/div><\/td><td class=\"column-2\">3<\/td><td class=\"column-3\">Spannungsausgang Wandler<\/td><td class=\"column-4\">Eigene Stromversorgung<\/td><td class=\"column-5\">Verf\u00fcgt \u00fcber 4 Bananenstecker f\u00fcr die Labornetzversorgung<\/td>\n<\/tr>\n<tr class=\"row-9\">\n\t<td class=\"column-1\"><div class=\"tooltip-custom\"><a href=\"\/wp-content\/uploads\/DS-ID-Power-cable-3m.pdf\" class=\"play_header\" target=\"_blank\" rel=\"noopener noreferrer\">DS-ID Power<\/a><div class=\"tooltipimg\"><picture><source srcset=\"\/wp-content\/uploads\/DSUB-Power_6-scaled.webp \"  type=\"image\/webp\"><img src=\"\/wp-content\/uploads\/DSUB-Power_6-scaled.jpg\" height=\"150\" width=\"150\" class=\"aligncenter size-thumbnail wp-image-4894 sp-no-webp\" alt=\"Danisense current transducer\" loading=\"lazy\" decoding=\"async\"  > <\/picture><\/div><\/div><\/td><td class=\"column-2\">3<\/td><td class=\"column-3\">Stromausgang Wandler<\/td><td class=\"column-4\">Eigene Stromversorgung<\/td><td class=\"column-5\">Verf\u00fcgt \u00fcber 6 Bananenstecker f\u00fcr die Laborstromversorgung<\/td>\n<\/tr>\n<tr class=\"row-10\">\n\t<td class=\"column-1\"><div class=\"tooltip-custom\"><a href=\"\/wp-content\/uploads\/XLRm-Banana-voltage-cable.pdf\" class=\"play_header\" target=\"_blank\" rel=\"noopener noreferrer\">XLRm<\/a><div class=\"tooltipimg\"><img loading=\"lazy\" decoding=\"async\" src=\"\/wp-content\/uploads\/XLRm-Banana-voltage-cable-2m-17.jpg\" alt=\"Danisense current transducer\" width=\"150\" height=\"150\" class=\"aligncenter size-thumbnail wp-image-4894\" \/><\/div><\/div><\/td><td class=\"column-2\">2<\/td><td class=\"column-3\">XLRm<\/td><td class=\"column-4\">3 Banana<\/td><td class=\"column-5\">Spannung<\/td>\n<\/tr>\n<tr class=\"row-11\">\n\t<td class=\"column-1\"><div class=\"tooltip-custom\"><a href=\"\/wp-content\/uploads\/XLRm-Banana-current-cable.pdf\" class=\"play_header\" target=\"_blank\" rel=\"noopener noreferrer\">XLRm<\/a><div class=\"tooltipimg\"><picture><source srcset=\"\/wp-content\/uploads\/XLRm-Banana-current-cable-2m-16.webp \"  type=\"image\/webp\"><img src=\"\/wp-content\/uploads\/XLRm-Banana-current-cable-2m-16.jpg\" height=\"150\" width=\"150\" class=\"aligncenter size-thumbnail wp-image-4894 sp-no-webp\" alt=\"Danisense current transducer\" loading=\"lazy\" decoding=\"async\"  > <\/picture><\/div><\/div><\/td><td class=\"column-2\">2<\/td><td class=\"column-3\">XLRm<\/td><td class=\"column-4\">2 Banana<\/td><td class=\"column-5\">Aktuell<\/td>\n<\/tr>\n<\/tbody>\n<\/table>\n<!-- #tablepress-105 from cache -->\t\t\t\t\t\t\t\t<\/div>\n\t\t\t\t<\/div>\n\t\t\t\t\t<\/div>\n\t\t<\/div>\n\t\t\t\t\t<\/div>\n\t\t<\/section>\n\t\t\t\t<\/div>\n\t\t","protected":false},"excerpt":{"rendered":"<p>Kabel Kontaktieren Sie uns, wenn Sie ein Kabel ben\u00f6tigen, das nicht in der Liste unten aufgef\u00fchrt ist.<\/p>\n","protected":false},"author":1,"featured_media":12986,"parent":14763,"menu_order":0,"comment_status":"closed","ping_status":"closed","template":"","meta":{"footnotes":""},"class_list":["post-14791","page","type-page","status-publish","has-post-thumbnail","hentry"],"_links":{"self":[{"href":"https:\/\/danisense.com\/de\/wp-json\/wp\/v2\/pages\/14791","targetHints":{"allow":["GET"]}}],"collection":[{"href":"https:\/\/danisense.com\/de\/wp-json\/wp\/v2\/pages"}],"about":[{"href":"https:\/\/danisense.com\/de\/wp-json\/wp\/v2\/types\/page"}],"author":[{"embeddable":true,"href":"https:\/\/danisense.com\/de\/wp-json\/wp\/v2\/users\/1"}],"replies":[{"embeddable":true,"href":"https:\/\/danisense.com\/de\/wp-json\/wp\/v2\/comments?post=14791"}],"version-history":[{"count":0,"href":"https:\/\/danisense.com\/de\/wp-json\/wp\/v2\/pages\/14791\/revisions"}],"up":[{"embeddable":true,"href":"https:\/\/danisense.com\/de\/wp-json\/wp\/v2\/pages\/14763"}],"wp:featuredmedia":[{"embeddable":true,"href":"https:\/\/danisense.com\/de\/wp-json\/wp\/v2\/media\/12986"}],"wp:attachment":[{"href":"https:\/\/danisense.com\/de\/wp-json\/wp\/v2\/media?parent=14791"}],"curies":[{"name":"wp","href":"https:\/\/api.w.org\/{rel}","templated":true}]}}