{"id":14785,"date":"2022-03-25T06:38:06","date_gmt":"2022-03-25T06:38:06","guid":{"rendered":"https:\/\/danisense.com\/produkte\/stromwandler-ueber-3000a\/"},"modified":"2024-08-30T04:33:28","modified_gmt":"2024-08-30T04:33:28","slug":"stromwandler-ueber-3000a","status":"publish","type":"page","link":"https:\/\/danisense.com\/de\/produkte\/stromwandler-ueber-3000a\/","title":{"rendered":"Stromwandler \u00fcber 3000A"},"content":{"rendered":"\t\t<div data-elementor-type=\"wp-page\" data-elementor-id=\"14785\" class=\"elementor elementor-14785 elementor-4674\" data-elementor-settings=\"{&quot;element_pack_global_tooltip_width&quot;:{&quot;unit&quot;:&quot;px&quot;,&quot;size&quot;:&quot;&quot;,&quot;sizes&quot;:[]},&quot;element_pack_global_tooltip_width_tablet&quot;:{&quot;unit&quot;:&quot;px&quot;,&quot;size&quot;:&quot;&quot;,&quot;sizes&quot;:[]},&quot;element_pack_global_tooltip_width_mobile&quot;:{&quot;unit&quot;:&quot;px&quot;,&quot;size&quot;:&quot;&quot;,&quot;sizes&quot;:[]},&quot;element_pack_global_tooltip_padding&quot;:{&quot;unit&quot;:&quot;px&quot;,&quot;top&quot;:&quot;&quot;,&quot;right&quot;:&quot;&quot;,&quot;bottom&quot;:&quot;&quot;,&quot;left&quot;:&quot;&quot;,&quot;isLinked&quot;:true},&quot;element_pack_global_tooltip_padding_tablet&quot;:{&quot;unit&quot;:&quot;px&quot;,&quot;top&quot;:&quot;&quot;,&quot;right&quot;:&quot;&quot;,&quot;bottom&quot;:&quot;&quot;,&quot;left&quot;:&quot;&quot;,&quot;isLinked&quot;:true},&quot;element_pack_global_tooltip_padding_mobile&quot;:{&quot;unit&quot;:&quot;px&quot;,&quot;top&quot;:&quot;&quot;,&quot;right&quot;:&quot;&quot;,&quot;bottom&quot;:&quot;&quot;,&quot;left&quot;:&quot;&quot;,&quot;isLinked&quot;:true},&quot;element_pack_global_tooltip_border_radius&quot;:{&quot;unit&quot;:&quot;px&quot;,&quot;top&quot;:&quot;&quot;,&quot;right&quot;:&quot;&quot;,&quot;bottom&quot;:&quot;&quot;,&quot;left&quot;:&quot;&quot;,&quot;isLinked&quot;:true},&quot;element_pack_global_tooltip_border_radius_tablet&quot;:{&quot;unit&quot;:&quot;px&quot;,&quot;top&quot;:&quot;&quot;,&quot;right&quot;:&quot;&quot;,&quot;bottom&quot;:&quot;&quot;,&quot;left&quot;:&quot;&quot;,&quot;isLinked&quot;:true},&quot;element_pack_global_tooltip_border_radius_mobile&quot;:{&quot;unit&quot;:&quot;px&quot;,&quot;top&quot;:&quot;&quot;,&quot;right&quot;:&quot;&quot;,&quot;bottom&quot;:&quot;&quot;,&quot;left&quot;:&quot;&quot;,&quot;isLinked&quot;:true}}\" data-elementor-post-type=\"page\">\n\t\t\t\t\t\t<section class=\"elementor-section elementor-top-section elementor-element elementor-element-e3e1b49 elementor-section-boxed elementor-section-height-default elementor-section-height-default\" data-id=\"e3e1b49\" data-element_type=\"section\" data-e-type=\"section\">\n\t\t\t\t\t\t<div class=\"elementor-container elementor-column-gap-default\">\n\t\t\t\t\t<div class=\"elementor-column elementor-col-100 elementor-top-column elementor-element elementor-element-17386e4\" data-id=\"17386e4\" data-element_type=\"column\" data-e-type=\"column\">\n\t\t\t<div class=\"elementor-widget-wrap elementor-element-populated\">\n\t\t\t\t\t\t<div class=\"elementor-element elementor-element-d5bde37 single-page-title elementor-widget elementor-widget-heading\" data-id=\"d5bde37\" data-element_type=\"widget\" data-e-type=\"widget\" data-widget_type=\"heading.default\">\n\t\t\t\t<div class=\"elementor-widget-container\">\n\t\t\t\t\t<h1 class=\"elementor-heading-title elementor-size-default\">Stromwandler \u00fcber <span style=\"font-size: 2.5rem;white-space: normal\">3000A<\/span><br><\/h1>\t\t\t\t<\/div>\n\t\t\t\t<\/div>\n\t\t\t\t<div class=\"elementor-element elementor-element-063301f elementor-widget elementor-widget-heading\" data-id=\"063301f\" data-element_type=\"widget\" data-e-type=\"widget\" data-widget_type=\"heading.default\">\n\t\t\t\t<div class=\"elementor-widget-container\">\n\t\t\t\t\t<h2 class=\"elementor-heading-title elementor-size-default\">Klicken Sie auf den Produktnamen, zu dem Sie das Datenblatt anzeigen m\u00f6chten<\/h2>\t\t\t\t<\/div>\n\t\t\t\t<\/div>\n\t\t\t\t<div class=\"elementor-element elementor-element-9888d7c elementor-widget elementor-widget-text-editor\" data-id=\"9888d7c\" data-element_type=\"widget\" data-e-type=\"widget\" data-widget_type=\"text-editor.default\">\n\t\t\t\t<div class=\"elementor-widget-container\">\n\t\t\t\t\t\t\t\t\t<p>Beachten Sie unser <a id=\"\" title=\"\" href=\"https:\/\/danisense.com\/wp-content\/uploads\/DS-Product-Manual-v1-2.pdf\" target=\"_blank\" rel=\"noopener\">Benutzerhandbuch <\/a>oder lesen Sie mehr \u00fcber den Danisense <a href=\"https:\/\/danisense.com\/de\/stromwandler\/\">Stromwandler<\/a><\/p>\n\t\t\t\t\t\t\t\t<\/div>\n\t\t\t\t<\/div>\n\t\t\t\t\t<\/div>\n\t\t<\/div>\n\t\t\t\t\t<\/div>\n\t\t<\/section>\n\t\t\t\t<section class=\"elementor-section elementor-top-section elementor-element elementor-element-8ebde37 elementor-section-boxed elementor-section-height-default elementor-section-height-default\" data-id=\"8ebde37\" data-element_type=\"section\" data-e-type=\"section\">\n\t\t\t\t\t\t<div class=\"elementor-container elementor-column-gap-default\">\n\t\t\t\t\t<div class=\"elementor-column elementor-col-100 elementor-top-column elementor-element elementor-element-b52e4e4\" data-id=\"b52e4e4\" data-element_type=\"column\" data-e-type=\"column\">\n\t\t\t<div class=\"elementor-widget-wrap elementor-element-populated\">\n\t\t\t\t\t\t<div class=\"elementor-element elementor-element-48d6a45 elementor-widget elementor-widget-shortcode\" data-id=\"48d6a45\" data-element_type=\"widget\" data-e-type=\"widget\" data-widget_type=\"shortcode.default\">\n\t\t\t\t<div class=\"elementor-widget-container\">\n\t\t\t\t\t\t\t<div class=\"elementor-shortcode\">\n<table id=\"tablepress-91\" class=\"tablepress tablepress-id-91 custom-table-category third-matrix-display tbody-has-connected-cells\">\n<tbody>\n<tr class=\"row-1\">\n\t<td class=\"column-1\">Images<\/td><td class=\"column-2\">Produkt<\/td><td class=\"column-3\">Messbereich<\/td><td class=\"column-4\">BxHx (mm)<\/td><td class=\"column-5\">Innendurchmesser(mm)<\/td><td class=\"column-6\">Ratio<\/td><td class=\"column-7\">Ausgang \/ Anschluss<\/td><td class=\"column-8\">Kommentar<\/td><td class=\"column-9\">3D model<\/td>\n<\/tr>\n<tr class=\"row-2\">\n\t<td class=\"column-1\"><\/td><td colspan=\"8\" class=\"column-2\"><center><b>Stromausgang<\/b><\/center><\/td>\n<\/tr>\n<tr class=\"row-3\">\n\t<td class=\"column-1\"><img decoding=\"async\" src=\"https:\/\/danisense.com\/wp-content\/uploads\/DR10000-62_optimized-150x150.jpg\" alt=\"Danisense DR Series current transducer\" \/><\/td><td class=\"column-2\"><div class=\"tooltip-custom\"><a href=\"\/products\/dr5000im\/\">DR5000IM<\/a><div class=\"tooltipimg\"><img decoding=\"async\" src=\"https:\/\/danisense.com\/wp-content\/uploads\/DR10000-62_optimized-150x150.jpg\" alt=\"Danisense DR Series current transducer\" width=\"150\" height=\"150\" class=\"aligncenter size-thumbnail wp-image-4866\" srcset=\"https:\/\/danisense.com\/wp-content\/uploads\/DR10000-62_optimized-150x150.jpg 150w, https:\/\/danisense.com\/wp-content\/uploads\/DR10000-62_optimized-300x300.jpg 300w, https:\/\/danisense.com\/wp-content\/uploads\/DR10000-62_optimized-1024x1024.jpg 1024w, https:\/\/danisense.com\/wp-content\/uploads\/DR10000-62_optimized-768x768.jpg 768w, https:\/\/danisense.com\/wp-content\/uploads\/DR10000-62_optimized.jpg 1080w\" sizes=\"(max-width: 150px) 100vw, 150px\" \/><\/div><\/div><\/td><td class=\"column-3\">8000A<\/td><td class=\"column-4\">420x325x122<\/td><td class=\"column-5\">150<\/td><td class=\"column-6\">1\/2500<\/td><td class=\"column-7\">4mm Banana<\/td><td class=\"column-8\"><\/td><td class=\"column-9\"><a href=\"\/wp-content\/uploads\/2021\/11\/DR5000IM.zip\" class=\"button-custom\">Step<\/a><\/td>\n<\/tr>\n<tr class=\"row-4\">\n\t<td class=\"column-1\"><img decoding=\"async\" src=\"https:\/\/danisense.com\/wp-content\/uploads\/DR10000-62_optimized-150x150.jpg\" alt=\"Danisense DR Series current transducer\" \/><\/td><td class=\"column-2\"><div class=\"tooltip-custom\"><a href=\"\/products\/dr10000im\/\">DR10000IM<\/a><div class=\"tooltipimg\"><img decoding=\"async\" src=\"https:\/\/danisense.com\/wp-content\/uploads\/DR10000-62_optimized-150x150.jpg\" alt=\"Danisense DR Series current transducer\" width=\"150\" height=\"150\" class=\"aligncenter size-thumbnail wp-image-4866\" srcset=\"https:\/\/danisense.com\/wp-content\/uploads\/DR10000-62_optimized-150x150.jpg 150w, https:\/\/danisense.com\/wp-content\/uploads\/DR10000-62_optimized-300x300.jpg 300w, https:\/\/danisense.com\/wp-content\/uploads\/DR10000-62_optimized-1024x1024.jpg 1024w, https:\/\/danisense.com\/wp-content\/uploads\/DR10000-62_optimized-768x768.jpg 768w, https:\/\/danisense.com\/wp-content\/uploads\/DR10000-62_optimized.jpg 1080w\" sizes=\"(max-width: 150px) 100vw, 150px\" \/><\/div><\/div><\/td><td class=\"column-3\">11000A<\/td><td class=\"column-4\">420x325x132<\/td><td class=\"column-5\">140<\/td><td class=\"column-6\">1\/2500<\/td><td class=\"column-7\">4mm Banana<\/td><td class=\"column-8\"><\/td><td class=\"column-9\"><a href=\"\/wp-content\/uploads\/2021\/11\/DR10000IM.zip\" class=\"button-custom\">Step<\/a><\/td>\n<\/tr>\n<tr class=\"row-5\">\n\t<td class=\"column-1\"><\/td><td colspan=\"8\" class=\"column-2\"><center><b>Spannung Ausgang<\/b><\/center><\/td>\n<\/tr>\n<tr class=\"row-6\">\n\t<td class=\"column-1\"><img decoding=\"async\" src=\"https:\/\/danisense.com\/wp-content\/uploads\/DR10000-62_optimized-150x150.jpg\" alt=\"Danisense DR Series current transducer\" \/><\/td><td class=\"column-2\"><div class=\"tooltip-custom\"><a href=\"\/products\/dr5000ux-10v-5000a\">DR5000UX-10V\/5000A<\/a><div class=\"tooltipimg\"><img decoding=\"async\" src=\"https:\/\/danisense.com\/wp-content\/uploads\/DR10000-62_optimized-150x150.jpg\" alt=\"Danisense DR Series current transducer\" width=\"150\" height=\"150\" class=\"aligncenter size-thumbnail wp-image-4866\" srcset=\"https:\/\/danisense.com\/wp-content\/uploads\/DR10000-62_optimized-150x150.jpg 150w, https:\/\/danisense.com\/wp-content\/uploads\/DR10000-62_optimized-300x300.jpg 300w, https:\/\/danisense.com\/wp-content\/uploads\/DR10000-62_optimized-1024x1024.jpg 1024w, https:\/\/danisense.com\/wp-content\/uploads\/DR10000-62_optimized-768x768.jpg 768w, https:\/\/danisense.com\/wp-content\/uploads\/DR10000-62_optimized.jpg 1080w\" sizes=\"(max-width: 150px) 100vw, 150px\" \/><\/div><\/div><\/td><td class=\"column-3\">5500<\/td><td class=\"column-4\">420x325x122<\/td><td class=\"column-5\">150<\/td><td class=\"column-6\">1V\/500A<\/td><td class=\"column-7\">3 pin XLR Mini<\/td><td class=\"column-8\">Inklusive 2m XLR-Mini-Kabel<\/td><td class=\"column-9\"><a href=\"\/wp-content\/uploads\/2021\/11\/DR5000UX.zip\" class=\"button-custom\">Step<\/a><\/td>\n<\/tr>\n<tr class=\"row-7\">\n\t<td class=\"column-1\"><img decoding=\"async\" src=\"https:\/\/danisense.com\/wp-content\/uploads\/DR10000-62_optimized-150x150.jpg\" alt=\"Danisense DR Series current transducer\"  \/><\/td><td class=\"column-2\"><div class=\"tooltip-custom\"><a href=\"\/products\/dr5000ux-10v-7500a\">DR5000UX-10V\/7500A<\/a><div class=\"tooltipimg\"><img decoding=\"async\" src=\"https:\/\/danisense.com\/wp-content\/uploads\/DR10000-62_optimized-150x150.jpg\" alt=\"Danisense DR Series current transducer\" width=\"150\" height=\"150\" class=\"aligncenter size-thumbnail wp-image-4866\" srcset=\"https:\/\/danisense.com\/wp-content\/uploads\/DR10000-62_optimized-150x150.jpg 150w, https:\/\/danisense.com\/wp-content\/uploads\/DR10000-62_optimized-300x300.jpg 300w, https:\/\/danisense.com\/wp-content\/uploads\/DR10000-62_optimized-1024x1024.jpg 1024w, https:\/\/danisense.com\/wp-content\/uploads\/DR10000-62_optimized-768x768.jpg 768w, https:\/\/danisense.com\/wp-content\/uploads\/DR10000-62_optimized.jpg 1080w\" sizes=\"(max-width: 150px) 100vw, 150px\" \/><\/div><\/div><\/td><td class=\"column-3\">8000A<\/td><td class=\"column-4\">420x325x122<\/td><td class=\"column-5\">150<\/td><td class=\"column-6\">1V\/750A<\/td><td class=\"column-7\">3 pin XLR Mini<\/td><td class=\"column-8\">Inklusive 2m XLR-Mini-Kabel<\/td><td class=\"column-9\"><a href=\"\/wp-content\/uploads\/2021\/11\/DR5000UX-1.zip\" class=\"button-custom\">Step<\/a><\/td>\n<\/tr>\n<tr class=\"row-8\">\n\t<td class=\"column-1\"><img decoding=\"async\" src=\"https:\/\/danisense.com\/wp-content\/uploads\/DR10000-62_optimized-150x150.jpg\" alt=\"Danisense DR Series current transducer\" \/><\/td><td class=\"column-2\"><div class=\"tooltip-custom\"><a href=\"\/products\/dr10000ux-10v\/\">DR10000UX-10V<\/a><div class=\"tooltipimg\"><img decoding=\"async\" src=\"https:\/\/danisense.com\/wp-content\/uploads\/DR10000-62_optimized-150x150.jpg\" alt=\"Danisense DR Series current transducer\" width=\"150\" height=\"150\" class=\"aligncenter size-thumbnail wp-image-4866\" srcset=\"https:\/\/danisense.com\/wp-content\/uploads\/DR10000-62_optimized-150x150.jpg 150w, https:\/\/danisense.com\/wp-content\/uploads\/DR10000-62_optimized-300x300.jpg 300w, https:\/\/danisense.com\/wp-content\/uploads\/DR10000-62_optimized-1024x1024.jpg 1024w, https:\/\/danisense.com\/wp-content\/uploads\/DR10000-62_optimized-768x768.jpg 768w, https:\/\/danisense.com\/wp-content\/uploads\/DR10000-62_optimized.jpg 1080w\" sizes=\"(max-width: 150px) 100vw, 150px\" \/><\/div><\/div><\/td><td class=\"column-3\">11000A<\/td><td class=\"column-4\">420x325x122<\/td><td class=\"column-5\">140<\/td><td class=\"column-6\">1V\/1kA<\/td><td class=\"column-7\">3 pin XLR Mini<\/td><td class=\"column-8\">Inklusive 2m XLR-Mini-Kabel<\/td><td class=\"column-9\"><a href=\"\/wp-content\/uploads\/2021\/11\/DR10000UX.zip\" class=\"button-custom\">Step<\/a><\/td>\n<\/tr>\n<\/tbody>\n<\/table>\n<!-- #tablepress-91 from cache --><\/div>\n\t\t\t\t\t\t<\/div>\n\t\t\t\t<\/div>\n\t\t\t\t\t<\/div>\n\t\t<\/div>\n\t\t\t\t\t<\/div>\n\t\t<\/section>\n\t\t\t\t<\/div>\n\t\t","protected":false},"excerpt":{"rendered":"<p>Stromwandler \u00fcber 3000A Klicken Sie auf den Produktnamen, zu dem Sie das Datenblatt anzeigen m\u00f6chten Beachten Sie unser Benutzerhandbuch oder lesen Sie mehr \u00fcber den Danisense Stromwandler<\/p>\n","protected":false},"author":1,"featured_media":12986,"parent":14763,"menu_order":0,"comment_status":"closed","ping_status":"closed","template":"","meta":{"footnotes":""},"class_list":["post-14785","page","type-page","status-publish","has-post-thumbnail","hentry"],"_links":{"self":[{"href":"https:\/\/danisense.com\/de\/wp-json\/wp\/v2\/pages\/14785","targetHints":{"allow":["GET"]}}],"collection":[{"href":"https:\/\/danisense.com\/de\/wp-json\/wp\/v2\/pages"}],"about":[{"href":"https:\/\/danisense.com\/de\/wp-json\/wp\/v2\/types\/page"}],"author":[{"embeddable":true,"href":"https:\/\/danisense.com\/de\/wp-json\/wp\/v2\/users\/1"}],"replies":[{"embeddable":true,"href":"https:\/\/danisense.com\/de\/wp-json\/wp\/v2\/comments?post=14785"}],"version-history":[{"count":0,"href":"https:\/\/danisense.com\/de\/wp-json\/wp\/v2\/pages\/14785\/revisions"}],"up":[{"embeddable":true,"href":"https:\/\/danisense.com\/de\/wp-json\/wp\/v2\/pages\/14763"}],"wp:featuredmedia":[{"embeddable":true,"href":"https:\/\/danisense.com\/de\/wp-json\/wp\/v2\/media\/12986"}],"wp:attachment":[{"href":"https:\/\/danisense.com\/de\/wp-json\/wp\/v2\/media?parent=14785"}],"curies":[{"name":"wp","href":"https:\/\/api.w.org\/{rel}","templated":true}]}}