{"id":14783,"date":"2021-12-03T12:28:06","date_gmt":"2021-12-03T12:28:06","guid":{"rendered":"https:\/\/danisense.com\/stromwandler\/"},"modified":"2024-10-11T04:16:57","modified_gmt":"2024-10-11T04:16:57","slug":"stromwandler","status":"publish","type":"page","link":"https:\/\/danisense.com\/de\/stromwandler\/","title":{"rendered":"Stromwandler"},"content":{"rendered":"\t\t<div data-elementor-type=\"wp-page\" data-elementor-id=\"14783\" class=\"elementor elementor-14783 elementor-3363\" data-elementor-settings=\"{&quot;element_pack_global_tooltip_width&quot;:{&quot;unit&quot;:&quot;px&quot;,&quot;size&quot;:&quot;&quot;,&quot;sizes&quot;:[]},&quot;element_pack_global_tooltip_width_tablet&quot;:{&quot;unit&quot;:&quot;px&quot;,&quot;size&quot;:&quot;&quot;,&quot;sizes&quot;:[]},&quot;element_pack_global_tooltip_width_mobile&quot;:{&quot;unit&quot;:&quot;px&quot;,&quot;size&quot;:&quot;&quot;,&quot;sizes&quot;:[]},&quot;element_pack_global_tooltip_padding&quot;:{&quot;unit&quot;:&quot;px&quot;,&quot;top&quot;:&quot;&quot;,&quot;right&quot;:&quot;&quot;,&quot;bottom&quot;:&quot;&quot;,&quot;left&quot;:&quot;&quot;,&quot;isLinked&quot;:true},&quot;element_pack_global_tooltip_padding_tablet&quot;:{&quot;unit&quot;:&quot;px&quot;,&quot;top&quot;:&quot;&quot;,&quot;right&quot;:&quot;&quot;,&quot;bottom&quot;:&quot;&quot;,&quot;left&quot;:&quot;&quot;,&quot;isLinked&quot;:true},&quot;element_pack_global_tooltip_padding_mobile&quot;:{&quot;unit&quot;:&quot;px&quot;,&quot;top&quot;:&quot;&quot;,&quot;right&quot;:&quot;&quot;,&quot;bottom&quot;:&quot;&quot;,&quot;left&quot;:&quot;&quot;,&quot;isLinked&quot;:true},&quot;element_pack_global_tooltip_border_radius&quot;:{&quot;unit&quot;:&quot;px&quot;,&quot;top&quot;:&quot;&quot;,&quot;right&quot;:&quot;&quot;,&quot;bottom&quot;:&quot;&quot;,&quot;left&quot;:&quot;&quot;,&quot;isLinked&quot;:true},&quot;element_pack_global_tooltip_border_radius_tablet&quot;:{&quot;unit&quot;:&quot;px&quot;,&quot;top&quot;:&quot;&quot;,&quot;right&quot;:&quot;&quot;,&quot;bottom&quot;:&quot;&quot;,&quot;left&quot;:&quot;&quot;,&quot;isLinked&quot;:true},&quot;element_pack_global_tooltip_border_radius_mobile&quot;:{&quot;unit&quot;:&quot;px&quot;,&quot;top&quot;:&quot;&quot;,&quot;right&quot;:&quot;&quot;,&quot;bottom&quot;:&quot;&quot;,&quot;left&quot;:&quot;&quot;,&quot;isLinked&quot;:true}}\" data-elementor-post-type=\"page\">\n\t\t\t\t\t\t<section class=\"elementor-section elementor-top-section elementor-element elementor-element-3a5690b elementor-section-full_width elementor-section-content-bottom elementor-section-height-default elementor-section-height-default\" data-id=\"3a5690b\" data-element_type=\"section\" data-e-type=\"section\">\n\t\t\t\t\t\t<div class=\"elementor-container elementor-column-gap-default\">\n\t\t\t\t\t<div class=\"elementor-column elementor-col-100 elementor-top-column elementor-element elementor-element-d1ff3f4\" data-id=\"d1ff3f4\" data-element_type=\"column\" data-e-type=\"column\">\n\t\t\t<div class=\"elementor-widget-wrap elementor-element-populated\">\n\t\t\t\t\t\t<section class=\"elementor-section elementor-inner-section elementor-element elementor-element-da80b66 elementor-section-height-min-height elementor-section-content-middle elementor-section-boxed elementor-section-height-default\" data-id=\"da80b66\" data-element_type=\"section\" data-e-type=\"section\" data-settings=\"{&quot;background_background&quot;:&quot;classic&quot;}\">\n\t\t\t\t\t\t<div class=\"elementor-container elementor-column-gap-default\">\n\t\t\t\t\t<div class=\"elementor-column elementor-col-50 elementor-inner-column elementor-element elementor-element-e8a2cbc\" data-id=\"e8a2cbc\" data-element_type=\"column\" data-e-type=\"column\">\n\t\t\t<div class=\"elementor-widget-wrap elementor-element-populated\">\n\t\t\t\t\t\t<div class=\"elementor-element elementor-element-997eb55 elementor-widget__width-auto elementor-widget elementor-widget-heading\" data-id=\"997eb55\" data-element_type=\"widget\" data-e-type=\"widget\" data-widget_type=\"heading.default\">\n\t\t\t\t<div class=\"elementor-widget-container\">\n\t\t\t\t\t<h2 class=\"elementor-heading-title elementor-size-default\">Stromwandler<\/h2>\t\t\t\t<\/div>\n\t\t\t\t<\/div>\n\t\t\t\t<div class=\"elementor-element elementor-element-7fa2d01 elementor-widget elementor-widget-heading\" data-id=\"7fa2d01\" data-element_type=\"widget\" data-e-type=\"widget\" data-widget_type=\"heading.default\">\n\t\t\t\t<div class=\"elementor-widget-container\">\n\t\t\t\t\t<h1 class=\"elementor-heading-title elementor-size-default\">Was ist ein Stromwandler?<\/h1>\t\t\t\t<\/div>\n\t\t\t\t<\/div>\n\t\t\t\t\t<\/div>\n\t\t<\/div>\n\t\t\t\t<div class=\"elementor-column elementor-col-50 elementor-inner-column elementor-element elementor-element-40c0454\" data-id=\"40c0454\" data-element_type=\"column\" data-e-type=\"column\">\n\t\t\t<div class=\"elementor-widget-wrap\">\n\t\t\t\t\t\t\t<\/div>\n\t\t<\/div>\n\t\t\t\t\t<\/div>\n\t\t<\/section>\n\t\t\t\t<div class=\"elementor-element elementor-element-bc6bbb0 elementor-widget__width-auto elementor-absolute elementor-widget elementor-widget-image\" data-id=\"bc6bbb0\" data-element_type=\"widget\" data-e-type=\"widget\" data-settings=\"{&quot;_position&quot;:&quot;absolute&quot;}\" data-widget_type=\"image.default\">\n\t\t\t\t<div class=\"elementor-widget-container\">\n\t\t\t\t\t\t\t\t\t\t\t\t\t\t\t<img fetchpriority=\"high\" decoding=\"async\" width=\"800\" height=\"800\" src=\"https:\/\/danisense.com\/wp-content\/uploads\/Rectangle-377.svg\" class=\"attachment-large size-large wp-image-14657\" alt=\"Banner\" srcset=\"https:\/\/danisense.com\/wp-content\/uploads\/\/Rectangle-377.svg 150w, https:\/\/danisense.com\/wp-content\/uploads\/\/Rectangle-377.svg 300w, https:\/\/danisense.com\/wp-content\/uploads\/\/Rectangle-377.svg 1024w\" sizes=\"(max-width: 800px) 100vw, 800px\" \/>\t\t\t\t\t\t\t\t\t\t\t\t\t\t\t<\/div>\n\t\t\t\t<\/div>\n\t\t\t\t\t<\/div>\n\t\t<\/div>\n\t\t\t\t\t<\/div>\n\t\t<\/section>\n\t\t\t\t<section class=\"elementor-section elementor-top-section elementor-element elementor-element-54b8e55 elementor-section-boxed elementor-section-height-default elementor-section-height-default\" data-id=\"54b8e55\" data-element_type=\"section\" data-e-type=\"section\">\n\t\t\t\t\t\t<div class=\"elementor-container elementor-column-gap-default\">\n\t\t\t\t\t<div class=\"elementor-column elementor-col-100 elementor-top-column elementor-element elementor-element-fca6ed7\" data-id=\"fca6ed7\" data-element_type=\"column\" data-e-type=\"column\">\n\t\t\t<div class=\"elementor-widget-wrap elementor-element-populated\">\n\t\t\t\t\t\t<div class=\"elementor-element elementor-element-6a43bf8 single-page-title elementor-widget elementor-widget-heading\" data-id=\"6a43bf8\" data-element_type=\"widget\" data-e-type=\"widget\" data-widget_type=\"heading.default\">\n\t\t\t\t<div class=\"elementor-widget-container\">\n\t\t\t\t\t<h1 class=\"elementor-heading-title elementor-size-default\">Was ist ein Stromwandler?<\/h1>\t\t\t\t<\/div>\n\t\t\t\t<\/div>\n\t\t\t\t\t<\/div>\n\t\t<\/div>\n\t\t\t\t\t<\/div>\n\t\t<\/section>\n\t\t\t\t<section class=\"elementor-section elementor-top-section elementor-element elementor-element-6f92466 elementor-section-boxed elementor-section-height-default elementor-section-height-default\" data-id=\"6f92466\" data-element_type=\"section\" data-e-type=\"section\">\n\t\t\t\t\t\t<div class=\"elementor-container elementor-column-gap-default\">\n\t\t\t\t\t<div class=\"elementor-column elementor-col-100 elementor-top-column elementor-element elementor-element-1b7b6df\" data-id=\"1b7b6df\" data-element_type=\"column\" data-e-type=\"column\">\n\t\t\t<div class=\"elementor-widget-wrap elementor-element-populated\">\n\t\t\t\t\t\t<div class=\"elementor-element elementor-element-e2912c1 elementor-widget elementor-widget-image\" data-id=\"e2912c1\" data-element_type=\"widget\" data-e-type=\"widget\" data-widget_type=\"image.default\">\n\t\t\t\t<div class=\"elementor-widget-container\">\n\t\t\t\t\t\t\t\t\t\t\t\t\t\t\t<img decoding=\"async\" width=\"300\" height=\"300\" src=\"https:\/\/danisense.com\/wp-content\/uploads\/DN1000ID-300x300.png\" class=\"attachment-medium size-medium wp-image-14031\" alt=\"\" srcset=\"https:\/\/danisense.com\/wp-content\/uploads\/DN1000ID-300x300.png 300w, https:\/\/danisense.com\/wp-content\/uploads\/DN1000ID-150x150.png 150w, https:\/\/danisense.com\/wp-content\/uploads\/DN1000ID-768x768.png 768w, https:\/\/danisense.com\/wp-content\/uploads\/DN1000ID.png 942w\" sizes=\"(max-width: 300px) 100vw, 300px\" \/>\t\t\t\t\t\t\t\t\t\t\t\t\t\t\t<\/div>\n\t\t\t\t<\/div>\n\t\t\t\t\t<\/div>\n\t\t<\/div>\n\t\t\t\t\t<\/div>\n\t\t<\/section>\n\t\t\t\t<section class=\"elementor-section elementor-top-section elementor-element elementor-element-2597225 elementor-section-boxed elementor-section-height-default elementor-section-height-default\" data-id=\"2597225\" data-element_type=\"section\" data-e-type=\"section\">\n\t\t\t\t\t\t<div class=\"elementor-container elementor-column-gap-default\">\n\t\t\t\t\t<div class=\"elementor-column elementor-col-100 elementor-top-column elementor-element elementor-element-6ac2fcd\" data-id=\"6ac2fcd\" data-element_type=\"column\" data-e-type=\"column\">\n\t\t\t<div class=\"elementor-widget-wrap elementor-element-populated\">\n\t\t\t\t\t\t<div class=\"elementor-element elementor-element-5855382 elementor-widget elementor-widget-text-editor\" data-id=\"5855382\" data-element_type=\"widget\" data-e-type=\"widget\" data-widget_type=\"text-editor.default\">\n\t\t\t\t<div class=\"elementor-widget-container\">\n\t\t\t\t\t\t\t\t\t<h2>Grundlagen der Stromwandler<\/h2>\n<p>Was w\u00fcrden wir ohne Strom machen? Nichts! Diese Energie ist \u00fcberall vorhanden und die laufende Energiewende und die Dekarbonisierung unserer Industrie f\u00fchren zu einer noch st\u00e4rkeren Elektrifizierung all unserer t\u00e4glichen Aktivit\u00e4ten, wie z.B. der Elektromobilit\u00e4t. Wie bei allen physikalischen Gr\u00f6\u00dfen gilt: Wenn Sie sie nicht messen, k\u00f6nnen Sie sie nicht verwalten! In der Tat ist die Messung in allen Prozessen entscheidend, um das System zu \u00fcberwachen, zu messen und zu steuern, und daf\u00fcr wird ein Stromwandler ben\u00f6tigt.<\/p>\n<h3 data-pm-slice=\"1 1 []\">Prim\u00e4r- und Sekund\u00e4rstrom<\/h3>\n<p>Im Grunde genommen ist ein Stromwandler ein Ger\u00e4t, das das Stromsignal, das wir messen wollen, den so genannten &#8220;prim\u00e4ren&#8221; Strom, in ein anderes Signal, den so genannten &#8220;sekund\u00e4ren&#8221; Strom oder die so genannte Spannung, umwandelt, das von elektronischen Steuerplatinen oder Instrumenten verwendet werden kann. Da der Prim\u00e4rstrom unterschiedlich sein kann (AC oder DC, wenige mA bis kA, isoliert oder nicht&#8230;), gibt es eine gro\u00dfe Vielfalt an Stromwandlern, die verschiedene Technologien verwenden, die im Folgenden beschrieben werden.<\/p>\n\t\t\t\t\t\t\t\t<\/div>\n\t\t\t\t<\/div>\n\t\t\t\t\t<\/div>\n\t\t<\/div>\n\t\t\t\t\t<\/div>\n\t\t<\/section>\n\t\t\t\t<section class=\"elementor-section elementor-top-section elementor-element elementor-element-9206073 elementor-section-boxed elementor-section-height-default elementor-section-height-default\" data-id=\"9206073\" data-element_type=\"section\" data-e-type=\"section\">\n\t\t\t\t\t\t<div class=\"elementor-container elementor-column-gap-default\">\n\t\t\t\t\t<div class=\"elementor-column elementor-col-100 elementor-top-column elementor-element elementor-element-cacbbd1\" data-id=\"cacbbd1\" data-element_type=\"column\" data-e-type=\"column\">\n\t\t\t<div class=\"elementor-widget-wrap elementor-element-populated\">\n\t\t\t\t\t\t<div class=\"elementor-element elementor-element-2ab0ed1 elementor-widget elementor-widget-image\" data-id=\"2ab0ed1\" data-element_type=\"widget\" data-e-type=\"widget\" data-widget_type=\"image.default\">\n\t\t\t\t<div class=\"elementor-widget-container\">\n\t\t\t\t\t\t\t\t\t\t\t\t\t\t\t<img decoding=\"async\" width=\"800\" height=\"255\" src=\"https:\/\/danisense.com\/wp-content\/uploads\/family-1024x326.jpg\" class=\"attachment-large size-large wp-image-14200\" alt=\"\" srcset=\"https:\/\/danisense.com\/wp-content\/uploads\/family-1024x326.jpg 1024w, https:\/\/danisense.com\/wp-content\/uploads\/family-300x95.jpg 300w, https:\/\/danisense.com\/wp-content\/uploads\/family-768x244.jpg 768w, https:\/\/danisense.com\/wp-content\/uploads\/family-1536x488.jpg 1536w, https:\/\/danisense.com\/wp-content\/uploads\/family.jpg 1900w\" sizes=\"(max-width: 800px) 100vw, 800px\" \/>\t\t\t\t\t\t\t\t\t\t\t\t\t\t\t<\/div>\n\t\t\t\t<\/div>\n\t\t\t\t\t<\/div>\n\t\t<\/div>\n\t\t\t\t\t<\/div>\n\t\t<\/section>\n\t\t\t\t<section class=\"elementor-section elementor-top-section elementor-element elementor-element-dd397ed elementor-section-boxed elementor-section-height-default elementor-section-height-default\" data-id=\"dd397ed\" data-element_type=\"section\" data-e-type=\"section\">\n\t\t\t\t\t\t<div class=\"elementor-container elementor-column-gap-default\">\n\t\t\t\t\t<div class=\"elementor-column elementor-col-100 elementor-top-column elementor-element elementor-element-24f26e4\" data-id=\"24f26e4\" data-element_type=\"column\" data-e-type=\"column\">\n\t\t\t<div class=\"elementor-widget-wrap elementor-element-populated\">\n\t\t\t\t\t\t<div class=\"elementor-element elementor-element-8b74540 elementor-widget elementor-widget-text-editor\" data-id=\"8b74540\" data-element_type=\"widget\" data-e-type=\"widget\" data-widget_type=\"text-editor.default\">\n\t\t\t\t<div class=\"elementor-widget-container\">\n\t\t\t\t\t\t\t\t\t<h2>Flux Gate Stromwandler<\/h2>\n<p>Im Allgemeinen besteht das Fluxgate-Prinzip darin, eine angeregte Spule aus magnetischem Material als Sonde zu verwenden. Dank eines S\u00e4ttigungs-\/Des\u00e4ttigungszyklus und einer Signalverarbeitung ist diese Spule in der Lage, das Magnetfeld proportional zu messen. Daraus ergeben sich mehrere M\u00f6glichkeiten, einen Stromwandler zu entwerfen. Sie kann einfach eine Hall-Effekt-Sonde im Luftspalt ersetzen oder die Spule k\u00f6nnte die Form eines Risses haben.<\/p>\n<h3>Hohe Genauigkeit<\/h3>\n<p>Bei dieser zweiten Option kann der Stromwandler eine wirklich hohe Genauigkeit (wenige ppm) und eine starke EMV-Robustheit erreichen. F\u00fcr weitere Einzelheiten lesen Sie bitte den ausf\u00fchrlichen Artikel \u00fcber das <a href=\"https:\/\/danisense.com\/de\/flux-tor\/\">Fluxgate-Prinzip<\/a>.  <\/p>\n\t\t\t\t\t\t\t\t<\/div>\n\t\t\t\t<\/div>\n\t\t\t\t\t<\/div>\n\t\t<\/div>\n\t\t\t\t\t<\/div>\n\t\t<\/section>\n\t\t\t\t<section class=\"elementor-section elementor-top-section elementor-element elementor-element-4d49f01 elementor-section-boxed elementor-section-height-default elementor-section-height-default\" data-id=\"4d49f01\" data-element_type=\"section\" data-e-type=\"section\">\n\t\t\t\t\t\t<div class=\"elementor-container elementor-column-gap-default\">\n\t\t\t\t\t<div class=\"elementor-column elementor-col-100 elementor-top-column elementor-element elementor-element-8d70fad\" data-id=\"8d70fad\" data-element_type=\"column\" data-e-type=\"column\">\n\t\t\t<div class=\"elementor-widget-wrap elementor-element-populated\">\n\t\t\t\t\t\t<div class=\"elementor-element elementor-element-1eeba36 elementor-widget elementor-widget-image\" data-id=\"1eeba36\" data-element_type=\"widget\" data-e-type=\"widget\" data-widget_type=\"image.default\">\n\t\t\t\t<div class=\"elementor-widget-container\">\n\t\t\t\t\t\t\t\t\t\t\t\t\t\t\t<img loading=\"lazy\" decoding=\"async\" width=\"300\" height=\"233\" src=\"https:\/\/danisense.com\/wp-content\/uploads\/Vector-300x233.jpg\" class=\"attachment-medium size-medium wp-image-13908\" alt=\"\" srcset=\"https:\/\/danisense.com\/wp-content\/uploads\/Vector-300x233.jpg 300w, https:\/\/danisense.com\/wp-content\/uploads\/Vector-768x596.jpg 768w, https:\/\/danisense.com\/wp-content\/uploads\/Vector.jpg 789w\" sizes=\"(max-width: 300px) 100vw, 300px\" \/>\t\t\t\t\t\t\t\t\t\t\t\t\t\t\t<\/div>\n\t\t\t\t<\/div>\n\t\t\t\t\t<\/div>\n\t\t<\/div>\n\t\t\t\t\t<\/div>\n\t\t<\/section>\n\t\t\t\t<section class=\"elementor-section elementor-top-section elementor-element elementor-element-81b2eac elementor-section-boxed elementor-section-height-default elementor-section-height-default\" data-id=\"81b2eac\" data-element_type=\"section\" data-e-type=\"section\">\n\t\t\t\t\t\t<div class=\"elementor-container elementor-column-gap-default\">\n\t\t\t\t\t<div class=\"elementor-column elementor-col-100 elementor-top-column elementor-element elementor-element-c39238d\" data-id=\"c39238d\" data-element_type=\"column\" data-e-type=\"column\">\n\t\t\t<div class=\"elementor-widget-wrap elementor-element-populated\">\n\t\t\t\t\t\t<div class=\"elementor-element elementor-element-52ab1bd elementor-widget elementor-widget-text-editor\" data-id=\"52ab1bd\" data-element_type=\"widget\" data-e-type=\"widget\" data-widget_type=\"text-editor.default\">\n\t\t\t\t<div class=\"elementor-widget-container\">\n\t\t\t\t\t\t\t\t\t<h2>Wie funktioniert ein Stromwandler?<\/h2>\n<p><span style=\"font-weight: 400;\">Die direkte Messung des elektrischen Stroms ist eine ziemlich schwierige Aufgabe. Dies wird oft vereinfacht, indem man die Nebeneffekte des durchflie\u00dfenden Stroms misst, z.B. durch Messung des Spannungsabfalls, der \u00fcber einen Shunt-Widerstand entsteht (Ohmsches Gesetz) oder durch Messung des Magnetfelds, das den Prim\u00e4rleiter umgibt (Amperesches Gesetz).  <\/span><\/p>\n<p><span style=\"font-weight: 400;\">Die Strommessung mit einem ohmschen Shunt ist recht einfach, setzt aber voraus, dass der Benutzer den Prim\u00e4rstromkreis unterbricht, um den Shunt einzuf\u00fcgen, f\u00fcr eine angemessene K\u00fchlung des Shunts sorgt oder zumindest den Shunt f\u00fcr den erforderlichen Strombereich richtig dimensioniert. Dies hat den Nachteil, dass das Strommesssignal nicht von potenziell gef\u00e4hrlichen Prim\u00e4rspannungspegeln isoliert ist.<\/span><\/p>\n<p><span style=\"font-weight: 400;\">Die Strommessung mit Hilfe des erzeugten Magnetfelds hat den Vorteil, dass es sich um eine ber\u00fchrungslose, d.h. isolierte Strommessung handelt, so dass der Prim\u00e4rstromkreis nicht durch das Einf\u00fcgen eines verlustbehafteten Bauteils wie des Shunts unterbrochen werden muss. Das Magnetfeld, das von einem durch einen Prim\u00e4rleiter flie\u00dfenden Strom erzeugt wird, ist proportional zum angelegten Strom und tr\u00e4gt daher die Information \u00fcber die Stromamplitude.  <\/span><\/p>\n<p><span style=\"font-weight: 400;\">Die Art und Weise, wie das gemessene Magnetfeld in Informationen \u00fcber die Stromamplitude umgewandelt wird, h\u00e4ngt vom Messprinzip ab (Link zu &#8220;Was sind die verschiedenen Arten von Stromwandlern&#8221;). Der gemeinsame Vorteil ist jedoch, dass die Strommessung vollst\u00e4ndig vom prim\u00e4ren Stromkreis isoliert ist, was die wichtige Aufgabe der Kontrolle und des Schutzes komplexer elektrischer Systeme oft erleichtert.<\/span><\/p>\n\t\t\t\t\t\t\t\t<\/div>\n\t\t\t\t<\/div>\n\t\t\t\t\t<\/div>\n\t\t<\/div>\n\t\t\t\t\t<\/div>\n\t\t<\/section>\n\t\t\t\t<section class=\"elementor-section elementor-top-section elementor-element elementor-element-2055b3c elementor-section-boxed elementor-section-height-default elementor-section-height-default\" data-id=\"2055b3c\" data-element_type=\"section\" data-e-type=\"section\">\n\t\t\t\t\t\t<div class=\"elementor-container elementor-column-gap-default\">\n\t\t\t\t\t<div class=\"elementor-column elementor-col-100 elementor-top-column elementor-element elementor-element-7a6f29b\" data-id=\"7a6f29b\" data-element_type=\"column\" data-e-type=\"column\">\n\t\t\t<div class=\"elementor-widget-wrap elementor-element-populated\">\n\t\t\t\t\t\t<div class=\"elementor-element elementor-element-801ebbc elementor-widget elementor-widget-text-editor\" data-id=\"801ebbc\" data-element_type=\"widget\" data-e-type=\"widget\" data-widget_type=\"text-editor.default\">\n\t\t\t\t<div class=\"elementor-widget-container\">\n\t\t\t\t\t\t\t\t\t<h2>Dc Stromwandler<\/h2>\n<p><span style=\"font-weight: 400;\">Nicht jedes Strommessprinzip, das auf dem Ampere&#8217;schen Gesetz basiert, kann Gleichstr\u00f6me messen. Der induktive Stromwandler und die Rogowski-Spule zum Beispiel beruhen auf der magnetischen Induktion von Strom und Spannung in der Spule durch ein magnetisches Wechselfeld und sind nicht in der Lage, Gleichstr\u00f6me zu messen.<\/span><\/p>\n<h3>Magnetische Sonden<\/h3>\n<p><span style=\"font-weight: 400;\">Magnetische Sonden, die in der Lage sind, magnetische Gleichfelder zu messen, wie z.B. Hall-Effekt-, Flux-Gate- und magnetoresistive Sonden, k\u00f6nnen zum Bau von Gleichstromwandlern (oft DCCTs genannt) verwendet werden.  <\/span><\/p>\n<h3 data-pm-slice=\"1 1 []\">Stromwandler mit offenem und geschlossenem Regelkreis<\/h3>\n<p><span style=\"font-weight: 400;\">Sowohl Open-Loop- als auch Closed-Loop-Implementierungen sind m\u00f6glich, aber die Anwendung eines starken DC-Magnetfeldes in einem Open-Loop-CT kann den Magnetkern so vormagnetisieren, dass die Messleistung f\u00fcr Wechselstr\u00f6me unter Ber\u00fccksichtigung der nichtlinearen B-H-Kurve des Common erheblich beeintr\u00e4chtigt wird.<\/span><\/p>\n<h2 data-pm-slice=\"1 1 []\">Ac Stromwandler<\/h2>\n<p>Wechselstromwandler, auch Wechselstromtransformatoren genannt und typischerweise mit &#8220;CTs&#8221; abgek\u00fcrzt, werden h\u00e4ufig als Messwandler f\u00fcr die Strommessung im Stromnetz eingesetzt, z.B. in Generatoren oder Umspannwerken. Ihre Aufgabe ist es, den gemessenen Strom auf niedrigere Messwerte zu reduzieren und die wichtige Isolierung von den Hochspannungsleitungen zu gew\u00e4hrleisten.<\/p>\n<p>In seiner Grundform besteht der Wechselstromtransformator aus einem Magnetkern, der oft ringf\u00f6rmig ist und mit einem Draht, der Sekund\u00e4rwicklung, umwickelt ist. Bei der \u00d6ffnung des Ringkerns flie\u00dft der Prim\u00e4rstrom durch. Das Funktionsprinzip eines Wechselstromwandlers ist das Faradaysche Induktionsgesetz, das besagt, dass eine \u00c4nderung des magnetischen Flusses eine Spannung in der Induktionsspule induziert. Das bedeutet, dass Wechselstrom-Messwandler nur Wechselstromsignale messen k\u00f6nnen. Der Wechselstromwandler ist oft ein passives Ger\u00e4t, das mit einem Shunt verwendet wird, um den Sekund\u00e4rstrom im Ausgangssignal zu erfassen.<\/p>\n<h2 data-pm-slice=\"1 1 []\">Stromwandler &#8211; Arbeitsprinzip<\/h2>\n<p>Das Funktionsprinzip eines Wechselstromwandlers ist das Faradaysche Induktionsgesetz, das besagt, dass eine \u00c4nderung des magnetischen Flusses eine Spannung in der Induktionsspule induziert. Das bedeutet, dass Wechselstrom-Messwandler nur Wechselstromsignale messen k\u00f6nnen.<\/p>\n<p>Der Wechselstromwandler ist oft ein passives Ger\u00e4t, das mit einem Shunt verwendet wird, um den Sekund\u00e4rstrom im Ausgangssignal zu erfassen.<\/p>\n\t\t\t\t\t\t\t\t<\/div>\n\t\t\t\t<\/div>\n\t\t\t\t\t<\/div>\n\t\t<\/div>\n\t\t\t\t\t<\/div>\n\t\t<\/section>\n\t\t\t\t<section class=\"elementor-section elementor-top-section elementor-element elementor-element-74acd82 elementor-section-boxed elementor-section-height-default elementor-section-height-default\" data-id=\"74acd82\" data-element_type=\"section\" data-e-type=\"section\">\n\t\t\t\t\t\t<div class=\"elementor-container elementor-column-gap-default\">\n\t\t\t\t\t<div class=\"elementor-column elementor-col-100 elementor-top-column elementor-element elementor-element-6527c52\" data-id=\"6527c52\" data-element_type=\"column\" data-e-type=\"column\">\n\t\t\t<div class=\"elementor-widget-wrap elementor-element-populated\">\n\t\t\t\t\t\t<div class=\"elementor-element elementor-element-b862718 elementor-align-center elementor-widget elementor-widget-button\" data-id=\"b862718\" data-element_type=\"widget\" data-e-type=\"widget\" data-widget_type=\"button.default\">\n\t\t\t\t<div class=\"elementor-widget-container\">\n\t\t\t\t\t\t\t\t\t<div class=\"elementor-button-wrapper\">\n\t\t\t\t\t<a class=\"elementor-button elementor-button-link elementor-size-sm\" href=\"https:\/\/danisense.com\/de\/produkte\/\">\n\t\t\t\t\t\t<span class=\"elementor-button-content-wrapper\">\n\t\t\t\t\t\t\t\t\t<span class=\"elementor-button-text\">Bringen Sie mich zur Stromwandlermatrix<\/span>\n\t\t\t\t\t<\/span>\n\t\t\t\t\t<\/a>\n\t\t\t\t<\/div>\n\t\t\t\t\t\t\t\t<\/div>\n\t\t\t\t<\/div>\n\t\t\t\t\t<\/div>\n\t\t<\/div>\n\t\t\t\t\t<\/div>\n\t\t<\/section>\n\t\t\t\t<\/div>\n\t\t","protected":false},"excerpt":{"rendered":"<p>Stromwandler Was ist ein Stromwandler? Was ist ein Stromwandler? Grundlagen der Stromwandler Was w\u00fcrden wir ohne Strom machen? Nichts! Diese Energie ist \u00fcberall vorhanden und die laufende Energiewende und die Dekarbonisierung unserer Industrie f\u00fchren zu einer noch st\u00e4rkeren Elektrifizierung all unserer t\u00e4glichen Aktivit\u00e4ten, wie z.B. der Elektromobilit\u00e4t. Wie bei allen physikalischen Gr\u00f6\u00dfen gilt: Wenn Sie [&hellip;]<\/p>\n","protected":false},"author":1,"featured_media":12986,"parent":0,"menu_order":0,"comment_status":"closed","ping_status":"closed","template":"elementor_header_footer","meta":{"footnotes":""},"class_list":["post-14783","page","type-page","status-publish","has-post-thumbnail","hentry"],"_links":{"self":[{"href":"https:\/\/danisense.com\/de\/wp-json\/wp\/v2\/pages\/14783","targetHints":{"allow":["GET"]}}],"collection":[{"href":"https:\/\/danisense.com\/de\/wp-json\/wp\/v2\/pages"}],"about":[{"href":"https:\/\/danisense.com\/de\/wp-json\/wp\/v2\/types\/page"}],"author":[{"embeddable":true,"href":"https:\/\/danisense.com\/de\/wp-json\/wp\/v2\/users\/1"}],"replies":[{"embeddable":true,"href":"https:\/\/danisense.com\/de\/wp-json\/wp\/v2\/comments?post=14783"}],"version-history":[{"count":0,"href":"https:\/\/danisense.com\/de\/wp-json\/wp\/v2\/pages\/14783\/revisions"}],"wp:featuredmedia":[{"embeddable":true,"href":"https:\/\/danisense.com\/de\/wp-json\/wp\/v2\/media\/12986"}],"wp:attachment":[{"href":"https:\/\/danisense.com\/de\/wp-json\/wp\/v2\/media?parent=14783"}],"curies":[{"name":"wp","href":"https:\/\/api.w.org\/{rel}","templated":true}]}}