{"id":14766,"date":"2021-11-22T10:05:49","date_gmt":"2021-11-22T10:05:49","guid":{"rendered":"https:\/\/danisense.com\/produkte\/oem-geschaeft\/"},"modified":"2024-10-09T07:06:49","modified_gmt":"2024-10-09T07:06:49","slug":"oem-geschaeft","status":"publish","type":"page","link":"https:\/\/danisense.com\/de\/produkte\/oem-geschaeft\/","title":{"rendered":"OEM-Gesch\u00e4ft"},"content":{"rendered":"\t\t<div data-elementor-type=\"wp-page\" data-elementor-id=\"14766\" class=\"elementor elementor-14766 elementor-1793\" data-elementor-settings=\"{&quot;element_pack_global_tooltip_width&quot;:{&quot;unit&quot;:&quot;px&quot;,&quot;size&quot;:&quot;&quot;,&quot;sizes&quot;:[]},&quot;element_pack_global_tooltip_width_tablet&quot;:{&quot;unit&quot;:&quot;px&quot;,&quot;size&quot;:&quot;&quot;,&quot;sizes&quot;:[]},&quot;element_pack_global_tooltip_width_mobile&quot;:{&quot;unit&quot;:&quot;px&quot;,&quot;size&quot;:&quot;&quot;,&quot;sizes&quot;:[]},&quot;element_pack_global_tooltip_padding&quot;:{&quot;unit&quot;:&quot;px&quot;,&quot;top&quot;:&quot;&quot;,&quot;right&quot;:&quot;&quot;,&quot;bottom&quot;:&quot;&quot;,&quot;left&quot;:&quot;&quot;,&quot;isLinked&quot;:true},&quot;element_pack_global_tooltip_padding_tablet&quot;:{&quot;unit&quot;:&quot;px&quot;,&quot;top&quot;:&quot;&quot;,&quot;right&quot;:&quot;&quot;,&quot;bottom&quot;:&quot;&quot;,&quot;left&quot;:&quot;&quot;,&quot;isLinked&quot;:true},&quot;element_pack_global_tooltip_padding_mobile&quot;:{&quot;unit&quot;:&quot;px&quot;,&quot;top&quot;:&quot;&quot;,&quot;right&quot;:&quot;&quot;,&quot;bottom&quot;:&quot;&quot;,&quot;left&quot;:&quot;&quot;,&quot;isLinked&quot;:true},&quot;element_pack_global_tooltip_border_radius&quot;:{&quot;unit&quot;:&quot;px&quot;,&quot;top&quot;:&quot;&quot;,&quot;right&quot;:&quot;&quot;,&quot;bottom&quot;:&quot;&quot;,&quot;left&quot;:&quot;&quot;,&quot;isLinked&quot;:true},&quot;element_pack_global_tooltip_border_radius_tablet&quot;:{&quot;unit&quot;:&quot;px&quot;,&quot;top&quot;:&quot;&quot;,&quot;right&quot;:&quot;&quot;,&quot;bottom&quot;:&quot;&quot;,&quot;left&quot;:&quot;&quot;,&quot;isLinked&quot;:true},&quot;element_pack_global_tooltip_border_radius_mobile&quot;:{&quot;unit&quot;:&quot;px&quot;,&quot;top&quot;:&quot;&quot;,&quot;right&quot;:&quot;&quot;,&quot;bottom&quot;:&quot;&quot;,&quot;left&quot;:&quot;&quot;,&quot;isLinked&quot;:true}}\" data-elementor-post-type=\"page\">\n\t\t\t\t\t\t<section class=\"elementor-section elementor-top-section elementor-element elementor-element-d42824f elementor-section-full_width elementor-section-content-bottom elementor-section-height-default elementor-section-height-default\" data-id=\"d42824f\" data-element_type=\"section\" data-e-type=\"section\">\n\t\t\t\t\t\t<div class=\"elementor-container elementor-column-gap-default\">\n\t\t\t\t\t<div class=\"elementor-column elementor-col-100 elementor-top-column elementor-element elementor-element-a118776\" data-id=\"a118776\" data-element_type=\"column\" data-e-type=\"column\">\n\t\t\t<div class=\"elementor-widget-wrap elementor-element-populated\">\n\t\t\t\t\t\t<section class=\"elementor-section elementor-inner-section elementor-element elementor-element-b935f99 elementor-section-height-min-height elementor-section-content-middle elementor-section-boxed elementor-section-height-default\" data-id=\"b935f99\" data-element_type=\"section\" data-e-type=\"section\" data-settings=\"{&quot;background_background&quot;:&quot;classic&quot;}\">\n\t\t\t\t\t\t<div class=\"elementor-container elementor-column-gap-default\">\n\t\t\t\t\t<div class=\"elementor-column elementor-col-50 elementor-inner-column elementor-element elementor-element-b1d7b35\" data-id=\"b1d7b35\" data-element_type=\"column\" data-e-type=\"column\">\n\t\t\t<div class=\"elementor-widget-wrap elementor-element-populated\">\n\t\t\t\t\t\t<div class=\"elementor-element elementor-element-3118fc7 elementor-widget elementor-widget-heading\" data-id=\"3118fc7\" data-element_type=\"widget\" data-e-type=\"widget\" data-widget_type=\"heading.default\">\n\t\t\t\t<div class=\"elementor-widget-container\">\n\t\t\t\t\t<h1 class=\"elementor-heading-title elementor-size-default\">OEM-Gesch\u00e4ft<\/h1>\t\t\t\t<\/div>\n\t\t\t\t<\/div>\n\t\t\t\t<div class=\"elementor-element elementor-element-f32d03c elementor-widget elementor-widget-heading\" data-id=\"f32d03c\" data-element_type=\"widget\" data-e-type=\"widget\" data-widget_type=\"heading.default\">\n\t\t\t\t<div class=\"elementor-widget-container\">\n\t\t\t\t\t<h1 class=\"elementor-heading-title elementor-size-default\">Danisense bietet die Entwicklung ma\u00dfgeschneiderter Produkte an, die den extremsten Anforderungen unserer Kunden entsprechen.<\/h1>\t\t\t\t<\/div>\n\t\t\t\t<\/div>\n\t\t\t\t\t<\/div>\n\t\t<\/div>\n\t\t\t\t<div class=\"elementor-column elementor-col-50 elementor-inner-column elementor-element elementor-element-11e3d78\" data-id=\"11e3d78\" data-element_type=\"column\" data-e-type=\"column\">\n\t\t\t<div class=\"elementor-widget-wrap elementor-element-populated\">\n\t\t\t\t\t\t<div class=\"elementor-element elementor-element-3b2b5db elementor-widget__width-auto elementor-widget elementor-widget-image\" data-id=\"3b2b5db\" data-element_type=\"widget\" data-e-type=\"widget\" data-widget_type=\"image.default\">\n\t\t\t\t<div class=\"elementor-widget-container\">\n\t\t\t\t\t\t\t\t\t\t\t\t\t\t\t<img fetchpriority=\"high\" decoding=\"async\" width=\"800\" height=\"800\" src=\"https:\/\/danisense.com\/wp-content\/uploads\/DX_2-1-1024x1024.png\" class=\"attachment-large size-large wp-image-15915\" alt=\"Danisense DX-series current transducer\" srcset=\"https:\/\/danisense.com\/wp-content\/uploads\/DX_2-1-1024x1024.png 1024w, https:\/\/danisense.com\/wp-content\/uploads\/DX_2-1-300x300.png 300w, https:\/\/danisense.com\/wp-content\/uploads\/DX_2-1-150x150.png 150w, https:\/\/danisense.com\/wp-content\/uploads\/DX_2-1-768x768.png 768w, https:\/\/danisense.com\/wp-content\/uploads\/DX_2-1.png 1080w\" sizes=\"(max-width: 800px) 100vw, 800px\" \/>\t\t\t\t\t\t\t\t\t\t\t\t\t\t\t<\/div>\n\t\t\t\t<\/div>\n\t\t\t\t\t<\/div>\n\t\t<\/div>\n\t\t\t\t\t<\/div>\n\t\t<\/section>\n\t\t\t\t\t<\/div>\n\t\t<\/div>\n\t\t\t\t\t<\/div>\n\t\t<\/section>\n\t\t\t\t<section class=\"elementor-section elementor-top-section elementor-element elementor-element-17e383d elementor-section-boxed elementor-section-height-default elementor-section-height-default\" data-id=\"17e383d\" data-element_type=\"section\" data-e-type=\"section\">\n\t\t\t\t\t\t<div class=\"elementor-container elementor-column-gap-default\">\n\t\t\t\t\t<div class=\"elementor-column elementor-col-100 elementor-top-column elementor-element elementor-element-47e789e\" data-id=\"47e789e\" data-element_type=\"column\" data-e-type=\"column\">\n\t\t\t<div class=\"elementor-widget-wrap elementor-element-populated\">\n\t\t\t\t\t\t<div class=\"elementor-element elementor-element-a12d9be single-page-title elementor-widget elementor-widget-heading\" data-id=\"a12d9be\" data-element_type=\"widget\" data-e-type=\"widget\" data-widget_type=\"heading.default\">\n\t\t\t\t<div class=\"elementor-widget-container\">\n\t\t\t\t\t<h1 class=\"elementor-heading-title elementor-size-default\">OEM-Gesch\u00e4ft<\/h1>\t\t\t\t<\/div>\n\t\t\t\t<\/div>\n\t\t\t\t<div class=\"elementor-element elementor-element-4abffb6 elementor-widget elementor-widget-text-editor\" data-id=\"4abffb6\" data-element_type=\"widget\" data-e-type=\"widget\" data-widget_type=\"text-editor.default\">\n\t\t\t\t<div class=\"elementor-widget-container\">\n\t\t\t\t\t\t\t\t\t<p class=\"p1\"><span class=\"s1\">Danisense bietet die Entwicklung ma\u00dfgeschneiderter Produkte an, die den extremsten Anforderungen unserer Kunden entsprechen.<\/span><\/p>\n<p class=\"p1\"><span class=\"s1\">\u00dcberlegen Sie sich Ihre Antworten auf die folgenden Fragen:<\/span><\/p>\n<p class=\"p2\"><span class=\"s2\">&#8211;<\/span><span class=\"s3\">       <\/span><span class=\"s1\"><br \/>\n  <i>M\u00f6chte ich eine Strommessl\u00f6sung, die zuverl\u00e4ssig und effizient ist und nicht in mein System eingreift?<\/i><br \/>\n<\/span><\/p>\n<p class=\"p2\"><span class=\"s2\">&#8211;<\/span><span class=\"s3\">       <\/span><span class=\"s1\"><br \/>\n  <i>Ist es f\u00fcr mich eine Herausforderung, hohe Str\u00f6me mit einer sehr hohen Genauigkeit von mindestens 0,01% zu messen?<\/i><br \/>\n<\/span><\/p>\n<p class=\"p2\"><span class=\"s2\">&#8211;<\/span><span class=\"s3\">       <\/span><span class=\"s1\"><br \/>\n  <i>Muss ich gegen externe Magnetfelder immun sein?<\/i><br \/>\n<\/span><\/p>\n<p class=\"p2\"><span class=\"s2\">&#8211;<\/span><span class=\"s3\">       <\/span><span class=\"s1\"><br \/>\n  <i>W\u00e4re ich daran interessiert, Zugang zu ma\u00dfgeschneiderten Produkten zu haben, die f\u00fcr meinen Zweck geeignet sind?<\/i><br \/>\n<\/span><\/p>\n<p class=\"p2\"><span class=\"s1\"><i> <\/i><\/span><\/p>\n<p class=\"p1\"><span class=\"s1\">Wenn Sie mindestens eine der oben genannten Fragen mit &#8220;Ja&#8221; beantworten k\u00f6nnen, dann nehmen Sie bitte Kontakt mit Danisense auf, um einen Dialog \u00fcber Ihren Bedarf zu f\u00fchren.<\/span><\/p>\n<p class=\"p1\"><span class=\"s1\">Wir sind sicher, dass wir gemeinsam mit Ihnen eine gute L\u00f6sung finden k\u00f6nnen, die Ihnen hilft, Ihre Ziele zu erreichen.<\/span><\/p>\n<p class=\"p3\"><span class=\"s1\">Schreiben Sie an <a href=\"mailto:info@danisense.com?subject=OEM%20request\"><br \/>\n  <span class=\"s4\">info@danisense.com<\/span><br \/>\n<\/a> und fordern Sie uns mit Ihren Ideen heraus. Wir werden schnell antworten.<\/span><\/p>\n\t\t\t\t\t\t\t\t<\/div>\n\t\t\t\t<\/div>\n\t\t\t\t\t<\/div>\n\t\t<\/div>\n\t\t\t\t\t<\/div>\n\t\t<\/section>\n\t\t\t\t<\/div>\n\t\t","protected":false},"excerpt":{"rendered":"<p>OEM-Gesch\u00e4ft Danisense bietet die Entwicklung ma\u00dfgeschneiderter Produkte an, die den extremsten Anforderungen unserer Kunden entsprechen. OEM-Gesch\u00e4ft Danisense bietet die Entwicklung ma\u00dfgeschneiderter Produkte an, die den extremsten Anforderungen unserer Kunden entsprechen. \u00dcberlegen Sie sich Ihre Antworten auf die folgenden Fragen: &#8211; M\u00f6chte ich eine Strommessl\u00f6sung, die zuverl\u00e4ssig und effizient ist und nicht in mein System eingreift? [&hellip;]<\/p>\n","protected":false},"author":1,"featured_media":12986,"parent":14763,"menu_order":0,"comment_status":"closed","ping_status":"closed","template":"elementor_header_footer","meta":{"footnotes":""},"class_list":["post-14766","page","type-page","status-publish","has-post-thumbnail","hentry"],"_links":{"self":[{"href":"https:\/\/danisense.com\/de\/wp-json\/wp\/v2\/pages\/14766","targetHints":{"allow":["GET"]}}],"collection":[{"href":"https:\/\/danisense.com\/de\/wp-json\/wp\/v2\/pages"}],"about":[{"href":"https:\/\/danisense.com\/de\/wp-json\/wp\/v2\/types\/page"}],"author":[{"embeddable":true,"href":"https:\/\/danisense.com\/de\/wp-json\/wp\/v2\/users\/1"}],"replies":[{"embeddable":true,"href":"https:\/\/danisense.com\/de\/wp-json\/wp\/v2\/comments?post=14766"}],"version-history":[{"count":0,"href":"https:\/\/danisense.com\/de\/wp-json\/wp\/v2\/pages\/14766\/revisions"}],"up":[{"embeddable":true,"href":"https:\/\/danisense.com\/de\/wp-json\/wp\/v2\/pages\/14763"}],"wp:featuredmedia":[{"embeddable":true,"href":"https:\/\/danisense.com\/de\/wp-json\/wp\/v2\/media\/12986"}],"wp:attachment":[{"href":"https:\/\/danisense.com\/de\/wp-json\/wp\/v2\/media?parent=14766"}],"curies":[{"name":"wp","href":"https:\/\/api.w.org\/{rel}","templated":true}]}}