{"id":14750,"date":"2021-04-28T10:21:18","date_gmt":"2021-04-28T10:21:18","guid":{"rendered":"https:\/\/danisense.com\/datenschutzbestimmungen\/"},"modified":"2026-02-20T11:17:31","modified_gmt":"2026-02-20T11:17:31","slug":"datenschutzbestimmungen","status":"publish","type":"page","link":"https:\/\/danisense.com\/de\/datenschutzbestimmungen\/","title":{"rendered":"Datenschutzbestimmungen"},"content":{"rendered":"\t\t<div data-elementor-type=\"wp-page\" data-elementor-id=\"14750\" class=\"elementor elementor-14750 elementor-3\" data-elementor-settings=\"{&quot;element_pack_global_tooltip_width&quot;:{&quot;unit&quot;:&quot;px&quot;,&quot;size&quot;:&quot;&quot;,&quot;sizes&quot;:[]},&quot;element_pack_global_tooltip_width_tablet&quot;:{&quot;unit&quot;:&quot;px&quot;,&quot;size&quot;:&quot;&quot;,&quot;sizes&quot;:[]},&quot;element_pack_global_tooltip_width_mobile&quot;:{&quot;unit&quot;:&quot;px&quot;,&quot;size&quot;:&quot;&quot;,&quot;sizes&quot;:[]},&quot;element_pack_global_tooltip_padding&quot;:{&quot;unit&quot;:&quot;px&quot;,&quot;top&quot;:&quot;&quot;,&quot;right&quot;:&quot;&quot;,&quot;bottom&quot;:&quot;&quot;,&quot;left&quot;:&quot;&quot;,&quot;isLinked&quot;:true},&quot;element_pack_global_tooltip_padding_tablet&quot;:{&quot;unit&quot;:&quot;px&quot;,&quot;top&quot;:&quot;&quot;,&quot;right&quot;:&quot;&quot;,&quot;bottom&quot;:&quot;&quot;,&quot;left&quot;:&quot;&quot;,&quot;isLinked&quot;:true},&quot;element_pack_global_tooltip_padding_mobile&quot;:{&quot;unit&quot;:&quot;px&quot;,&quot;top&quot;:&quot;&quot;,&quot;right&quot;:&quot;&quot;,&quot;bottom&quot;:&quot;&quot;,&quot;left&quot;:&quot;&quot;,&quot;isLinked&quot;:true},&quot;element_pack_global_tooltip_border_radius&quot;:{&quot;unit&quot;:&quot;px&quot;,&quot;top&quot;:&quot;&quot;,&quot;right&quot;:&quot;&quot;,&quot;bottom&quot;:&quot;&quot;,&quot;left&quot;:&quot;&quot;,&quot;isLinked&quot;:true},&quot;element_pack_global_tooltip_border_radius_tablet&quot;:{&quot;unit&quot;:&quot;px&quot;,&quot;top&quot;:&quot;&quot;,&quot;right&quot;:&quot;&quot;,&quot;bottom&quot;:&quot;&quot;,&quot;left&quot;:&quot;&quot;,&quot;isLinked&quot;:true},&quot;element_pack_global_tooltip_border_radius_mobile&quot;:{&quot;unit&quot;:&quot;px&quot;,&quot;top&quot;:&quot;&quot;,&quot;right&quot;:&quot;&quot;,&quot;bottom&quot;:&quot;&quot;,&quot;left&quot;:&quot;&quot;,&quot;isLinked&quot;:true}}\" data-elementor-post-type=\"page\">\n\t\t\t\t<div class=\"elementor-element elementor-element-6b92224 e-flex e-con-boxed e-con e-parent\" data-id=\"6b92224\" data-element_type=\"container\" data-e-type=\"container\" data-settings=\"{&quot;background_background&quot;:&quot;classic&quot;}\">\n\t\t\t\t\t<div class=\"e-con-inner\">\n\t\t\t\t<div class=\"elementor-element elementor-element-aad907b elementor-widget elementor-widget-heading\" data-id=\"aad907b\" data-element_type=\"widget\" data-e-type=\"widget\" data-widget_type=\"heading.default\">\n\t\t\t\t<div class=\"elementor-widget-container\">\n\t\t\t\t\t<h1 class=\"elementor-heading-title elementor-size-default\">CONSENT<\/h1>\t\t\t\t<\/div>\n\t\t\t\t<\/div>\n\t\t\t\t<div class=\"elementor-element elementor-element-7375ca6 elementor-widget elementor-widget-heading\" data-id=\"7375ca6\" data-element_type=\"widget\" data-e-type=\"widget\" data-widget_type=\"heading.default\">\n\t\t\t\t<div class=\"elementor-widget-container\">\n\t\t\t\t\t<h2 class=\"elementor-heading-title elementor-size-default\">Datenschutzrichtlinie f\u00fcr<br> Danisense ApS<\/h2>\t\t\t\t<\/div>\n\t\t\t\t<\/div>\n\t\t\t\t\t<\/div>\n\t\t\t\t<\/div>\n\t\t\t\t<section class=\"elementor-section elementor-top-section elementor-element elementor-element-5869c7a7 elementor-section-boxed elementor-section-height-default elementor-section-height-default\" data-id=\"5869c7a7\" data-element_type=\"section\" data-e-type=\"section\">\n\t\t\t\t\t\t<div class=\"elementor-container elementor-column-gap-default\">\n\t\t\t\t\t<div class=\"elementor-column elementor-col-100 elementor-top-column elementor-element elementor-element-6d6fd403\" data-id=\"6d6fd403\" data-element_type=\"column\" data-e-type=\"column\">\n\t\t\t<div class=\"elementor-widget-wrap elementor-element-populated\">\n\t\t\t\t\t\t<div class=\"elementor-element elementor-element-7ff2e3e8 elementor-widget elementor-widget-text-editor\" data-id=\"7ff2e3e8\" data-element_type=\"widget\" data-e-type=\"widget\" data-widget_type=\"text-editor.default\">\n\t\t\t\t<div class=\"elementor-widget-container\">\n\t\t\t\t\t\t\t\t\t<p>Auf www.danisense.com ist der Schutz der Privatsph\u00e4re unserer Besucher eine unserer wichtigsten Priorit\u00e4ten. Diese Datenschutzrichtlinie enth\u00e4lt die Arten von Informationen, die von www.danisense.com gesammelt und aufgezeichnet werden, und wie wir sie verwenden. <\/p><p>Wenn Sie weitere Fragen haben oder mehr Informationen \u00fcber unsere Datenschutzrichtlinie ben\u00f6tigen, z\u00f6gern Sie nicht, uns zu kontaktieren.<\/p><p>Diese Datenschutzrichtlinie gilt nur f\u00fcr unsere Online-Aktivit\u00e4ten und f\u00fcr die Besucher unserer Website in Bezug auf die Informationen, die sie auf www.danisense.com teilen und\/oder sammeln. Diese Richtlinie gilt nicht f\u00fcr Informationen, die offline oder \u00fcber andere Kan\u00e4le als diese Website gesammelt werden. <\/p><h2>Einverst\u00e4ndnis<\/h2><p>Durch die Nutzung unserer Website erkl\u00e4ren Sie sich mit unserer Datenschutzrichtlinie einverstanden und stimmen deren Bedingungen zu.<\/p><h2>Informationen, die wir sammeln<\/h2><p>Die pers\u00f6nlichen Daten, um die Sie gebeten werden, und die Gr\u00fcnde, warum Sie um diese Daten gebeten werden, werden Ihnen an dem Punkt mitgeteilt, an dem wir Sie bitten, Ihre pers\u00f6nlichen Daten anzugeben.<\/p><p>Wenn Sie sich direkt an uns wenden, k\u00f6nnen wir zus\u00e4tzliche Informationen \u00fcber Sie erhalten, wie z.B. Ihren Namen, Ihre E-Mail-Adresse, Ihre Telefonnummer, den Inhalt der Nachricht und\/oder Anh\u00e4nge, die Sie uns senden, sowie andere Informationen, die Sie uns zur Verf\u00fcgung stellen m\u00f6chten.<\/p><p>Wenn Sie sich f\u00fcr ein Konto registrieren, fragen wir Sie m\u00f6glicherweise nach Ihren Kontaktinformationen, einschlie\u00dflich Angaben wie Name, Firmenname, Adresse, E-Mail-Adresse und Telefonnummer.<\/p><h2>Wie wir Ihre Informationen verwenden<\/h2><p>Wir verwenden die von uns gesammelten Informationen auf verschiedene Weise, unter anderem um:<\/p><ul><li>Unsere Website bereitstellen, betreiben und pflegen<\/li><li>Verbessern, personalisieren und erweitern Sie unsere Website<\/li><li>Verstehen und analysieren, wie Sie unsere Website nutzen<\/li><li>Entwickeln Sie neue Produkte, Dienstleistungen, Merkmale und Funktionen<\/li><li>mit Ihnen zu kommunizieren, entweder direkt oder \u00fcber einen unserer Partner, u.a. f\u00fcr den Kundendienst, um Ihnen Updates und andere Informationen in Bezug auf die Website zukommen zu lassen, sowie f\u00fcr Marketing- und Werbezwecke<\/li><li>Senden Sie E-Mails<\/li><li>Betrug aufdecken und verhindern<\/li><\/ul><h2>Log-Dateien<\/h2><p>www.danisense.com arbeitet standardm\u00e4\u00dfig mit Protokolldateien. Diese Dateien protokollieren, wenn Besucher Websites besuchen. Alle Hosting-Unternehmen tun dies und es ist Teil der Analyse der Hosting-Dienste. Zu den in den Protokolldateien gesammelten Informationen geh\u00f6ren Internetprotokolladressen (IP-Adressen), Browsertyp, Internet Service Provider (ISP), Datums- und Zeitstempel, Verweis- und Ausgangsseiten und m\u00f6glicherweise die Anzahl der Klicks. Diese sind nicht mit Informationen verkn\u00fcpft, die pers\u00f6nlich identifizierbar sind. Der Zweck dieser Daten ist die Analyse von Trends, die Verwaltung der Website, die Verfolgung der Bewegungen der Nutzer auf der Website und die Erfassung demografischer Daten.     <\/p><h2>Cookies und Web Beacons<\/h2><p>Wie jede andere Website auch, verwendet www.danisense.com &#8216;Cookies&#8217;. Diese Cookies werden verwendet, um Informationen zu speichern, einschlie\u00dflich der Pr\u00e4ferenzen der Besucher und der Seiten auf der Website, die der Besucher aufgerufen oder besucht hat. Die Informationen werden verwendet, um die Erfahrung des Benutzers zu optimieren, indem wir den Inhalt unserer Webseite auf der Grundlage des Browsertyps und\/oder anderer Informationen des Besuchers anpassen.  <\/p><h2>Werbepartner Datenschutzrichtlinien<\/h2><p>Sie k\u00f6nnen diese Liste konsultieren, um die Datenschutzbestimmungen f\u00fcr jeden der Werbepartner von www.danisense.com zu finden.<\/p><p>Werbeserver oder Werbenetzwerke von Drittanbietern verwenden Technologien wie Cookies, JavaScript oder Web Beacons, die in ihren jeweiligen Anzeigen und Links auf www.danisense.com verwendet werden und direkt an den Browser des Nutzers gesendet werden. Sie erhalten automatisch Ihre IP-Adresse, wenn dies geschieht. Diese Technologien werden verwendet, um die Effektivit\u00e4t ihrer Werbekampagnen zu messen und\/oder um die Werbeinhalte zu personalisieren, die Sie auf den von Ihnen besuchten Websites sehen.  <\/p><p>Beachten Sie, dass www.danisense.com keinen Zugriff auf oder Kontrolle \u00fcber diese Cookies hat, die von Drittanbietern verwendet werden.<\/p><h2>Datenschutzrichtlinien von Drittanbietern<\/h2><p>Die Datenschutzrichtlinie von www.danisense.com gilt nicht f\u00fcr andere Werbetreibende oder Websites. Wir raten Ihnen daher, die jeweiligen Datenschutzrichtlinien dieser Drittanbieter-Anzeigenserver zu konsultieren, um weitere Informationen zu erhalten. Darin k\u00f6nnen die Praktiken des Unternehmens und Anweisungen dar\u00fcber enthalten sein, wie Sie sich von bestimmten Optionen abmelden k\u00f6nnen.  <\/p><p>Sie k\u00f6nnen Cookies \u00fcber Ihre individuellen Browseroptionen deaktivieren. Ausf\u00fchrlichere Informationen zur Cookie-Verwaltung mit bestimmten Webbrowsern finden Sie auf den jeweiligen Websites der Browser. <\/p><p>Wir verwenden Marketing-Cookies von den folgenden Partnern:<\/p><ul><li>Google<\/li><li>WordPress (Elementor)<\/li><li>YouTube<\/li><\/ul><h2>CCPA-Datenschutzrechte (Verkaufen Sie meine pers\u00f6nlichen Daten nicht)<\/h2><p>Nach dem CCPA haben kalifornische Verbraucher neben anderen Rechten das Recht auf:<\/p><p>Verlangen Sie, dass ein Unternehmen, das personenbezogene Daten eines Verbrauchers sammelt, die Kategorien und spezifischen Teile der personenbezogenen Daten offenlegt, die ein Unternehmen \u00fcber Verbraucher gesammelt hat.<\/p><p>Verlangen, dass ein Unternehmen alle pers\u00f6nlichen Daten \u00fcber den Verbraucher l\u00f6scht, die ein Unternehmen gesammelt hat.<\/p><p>Verlangen Sie, dass ein Unternehmen, das die pers\u00f6nlichen Daten eines Verbrauchers verkauft, die pers\u00f6nlichen Daten des Verbrauchers nicht verkauft.<\/p><p>Wenn Sie eine Anfrage stellen, haben wir einen Monat Zeit, Ihnen zu antworten. Wenn Sie eines dieser Rechte aus\u00fcben m\u00f6chten, kontaktieren Sie uns bitte. <\/p><h2>GDPR-Datenschutzrechte<\/h2><p>Wir m\u00f6chten sicherstellen, dass Sie \u00fcber alle Ihre Datenschutzrechte informiert sind. Jeder Nutzer hat das Recht auf Folgendes: <\/p><p>Das Recht auf Zugang &#8211; Sie haben das Recht, Kopien Ihrer pers\u00f6nlichen Daten anzufordern. F\u00fcr diesen Service k\u00f6nnen wir Ihnen eine geringe Geb\u00fchr berechnen. <\/p><p>Das Recht auf Berichtigung &#8211; Sie haben das Recht, von uns die Berichtigung von Informationen zu verlangen, die Sie f\u00fcr falsch halten. Sie haben auch das Recht, uns aufzufordern, die Informationen, die Sie f\u00fcr unvollst\u00e4ndig halten, zu vervollst\u00e4ndigen. <\/p><p>Das Recht auf L\u00f6schung &#8211; Sie haben das Recht, unter bestimmten Bedingungen zu verlangen, dass wir Ihre personenbezogenen Daten l\u00f6schen.<\/p><p>Das Recht auf Einschr\u00e4nkung der Verarbeitung &#8211; Sie haben das Recht zu verlangen, dass wir die Verarbeitung Ihrer personenbezogenen Daten unter bestimmten Bedingungen einschr\u00e4nken.<\/p><p>Das Recht, der Verarbeitung zu widersprechen &#8211; Sie haben das Recht, der Verarbeitung Ihrer personenbezogenen Daten durch uns unter bestimmten Bedingungen zu widersprechen.<\/p><p>Das Recht auf Daten\u00fcbertragbarkeit &#8211; Sie haben das Recht, unter bestimmten Bedingungen zu verlangen, dass wir die von uns erfassten Daten an eine andere Organisation oder direkt an Sie weitergeben.<\/p><p>Wenn Sie eine Anfrage stellen, haben wir einen Monat Zeit, Ihnen zu antworten. Wenn Sie eines dieser Rechte aus\u00fcben m\u00f6chten, kontaktieren Sie uns bitte. <\/p>\t\t\t\t\t\t\t\t<\/div>\n\t\t\t\t<\/div>\n\t\t\t\t\t<\/div>\n\t\t<\/div>\n\t\t\t\t\t<\/div>\n\t\t<\/section>\n\t\t\t\t<\/div>\n\t\t","protected":false},"excerpt":{"rendered":"<p>CONSENT Datenschutzrichtlinie f\u00fcr Danisense ApS Auf www.danisense.com ist der Schutz der Privatsph\u00e4re unserer Besucher eine unserer wichtigsten Priorit\u00e4ten. Diese Datenschutzrichtlinie enth\u00e4lt die Arten von Informationen, die von www.danisense.com gesammelt und aufgezeichnet werden, und wie wir sie verwenden. Wenn Sie weitere Fragen haben oder mehr Informationen \u00fcber unsere Datenschutzrichtlinie ben\u00f6tigen, z\u00f6gern Sie nicht, uns zu kontaktieren. [&hellip;]<\/p>\n","protected":false},"author":1,"featured_media":0,"parent":0,"menu_order":0,"comment_status":"closed","ping_status":"open","template":"elementor_header_footer","meta":{"footnotes":""},"class_list":["post-14750","page","type-page","status-publish","hentry"],"_links":{"self":[{"href":"https:\/\/danisense.com\/de\/wp-json\/wp\/v2\/pages\/14750","targetHints":{"allow":["GET"]}}],"collection":[{"href":"https:\/\/danisense.com\/de\/wp-json\/wp\/v2\/pages"}],"about":[{"href":"https:\/\/danisense.com\/de\/wp-json\/wp\/v2\/types\/page"}],"author":[{"embeddable":true,"href":"https:\/\/danisense.com\/de\/wp-json\/wp\/v2\/users\/1"}],"replies":[{"embeddable":true,"href":"https:\/\/danisense.com\/de\/wp-json\/wp\/v2\/comments?post=14750"}],"version-history":[{"count":0,"href":"https:\/\/danisense.com\/de\/wp-json\/wp\/v2\/pages\/14750\/revisions"}],"wp:attachment":[{"href":"https:\/\/danisense.com\/de\/wp-json\/wp\/v2\/media?parent=14750"}],"curies":[{"name":"wp","href":"https:\/\/api.w.org\/{rel}","templated":true}]}}