{"id":14744,"date":"2021-11-15T12:11:42","date_gmt":"2021-11-15T12:11:42","guid":{"rendered":"https:\/\/danisense.com\/ueber-uns\/csr\/"},"modified":"2026-02-20T11:11:06","modified_gmt":"2026-02-20T11:11:06","slug":"csr","status":"publish","type":"page","link":"https:\/\/danisense.com\/de\/ueber-uns\/csr\/","title":{"rendered":"CSR"},"content":{"rendered":"\t\t<div data-elementor-type=\"wp-page\" data-elementor-id=\"14744\" class=\"elementor elementor-14744 elementor-352\" data-elementor-settings=\"{&quot;element_pack_global_tooltip_width&quot;:{&quot;unit&quot;:&quot;px&quot;,&quot;size&quot;:&quot;&quot;,&quot;sizes&quot;:[]},&quot;element_pack_global_tooltip_width_tablet&quot;:{&quot;unit&quot;:&quot;px&quot;,&quot;size&quot;:&quot;&quot;,&quot;sizes&quot;:[]},&quot;element_pack_global_tooltip_width_mobile&quot;:{&quot;unit&quot;:&quot;px&quot;,&quot;size&quot;:&quot;&quot;,&quot;sizes&quot;:[]},&quot;element_pack_global_tooltip_padding&quot;:{&quot;unit&quot;:&quot;px&quot;,&quot;top&quot;:&quot;&quot;,&quot;right&quot;:&quot;&quot;,&quot;bottom&quot;:&quot;&quot;,&quot;left&quot;:&quot;&quot;,&quot;isLinked&quot;:true},&quot;element_pack_global_tooltip_padding_tablet&quot;:{&quot;unit&quot;:&quot;px&quot;,&quot;top&quot;:&quot;&quot;,&quot;right&quot;:&quot;&quot;,&quot;bottom&quot;:&quot;&quot;,&quot;left&quot;:&quot;&quot;,&quot;isLinked&quot;:true},&quot;element_pack_global_tooltip_padding_mobile&quot;:{&quot;unit&quot;:&quot;px&quot;,&quot;top&quot;:&quot;&quot;,&quot;right&quot;:&quot;&quot;,&quot;bottom&quot;:&quot;&quot;,&quot;left&quot;:&quot;&quot;,&quot;isLinked&quot;:true},&quot;element_pack_global_tooltip_border_radius&quot;:{&quot;unit&quot;:&quot;px&quot;,&quot;top&quot;:&quot;&quot;,&quot;right&quot;:&quot;&quot;,&quot;bottom&quot;:&quot;&quot;,&quot;left&quot;:&quot;&quot;,&quot;isLinked&quot;:true},&quot;element_pack_global_tooltip_border_radius_tablet&quot;:{&quot;unit&quot;:&quot;px&quot;,&quot;top&quot;:&quot;&quot;,&quot;right&quot;:&quot;&quot;,&quot;bottom&quot;:&quot;&quot;,&quot;left&quot;:&quot;&quot;,&quot;isLinked&quot;:true},&quot;element_pack_global_tooltip_border_radius_mobile&quot;:{&quot;unit&quot;:&quot;px&quot;,&quot;top&quot;:&quot;&quot;,&quot;right&quot;:&quot;&quot;,&quot;bottom&quot;:&quot;&quot;,&quot;left&quot;:&quot;&quot;,&quot;isLinked&quot;:true}}\" data-elementor-post-type=\"page\">\n\t\t\t\t<div class=\"elementor-element elementor-element-b0db52e e-flex e-con-boxed e-con e-parent\" data-id=\"b0db52e\" data-element_type=\"container\" data-e-type=\"container\" data-settings=\"{&quot;background_background&quot;:&quot;classic&quot;}\">\n\t\t\t\t\t<div class=\"e-con-inner\">\n\t\t\t\t<div class=\"elementor-element elementor-element-a3fb4c3 elementor-widget elementor-widget-heading\" data-id=\"a3fb4c3\" data-element_type=\"widget\" data-e-type=\"widget\" data-widget_type=\"heading.default\">\n\t\t\t\t<div class=\"elementor-widget-container\">\n\t\t\t\t\t<h1 class=\"elementor-heading-title elementor-size-default\">CSR<\/h1>\t\t\t\t<\/div>\n\t\t\t\t<\/div>\n\t\t\t\t<div class=\"elementor-element elementor-element-70024dd elementor-widget__width-initial elementor-widget elementor-widget-heading\" data-id=\"70024dd\" data-element_type=\"widget\" data-e-type=\"widget\" data-widget_type=\"heading.default\">\n\t\t\t\t<div class=\"elementor-widget-container\">\n\t\t\t\t\t<h2 class=\"elementor-heading-title elementor-size-default\">Soziale Unternehmensverantwortung bei Danisense<\/h2>\t\t\t\t<\/div>\n\t\t\t\t<\/div>\n\t\t\t\t\t<\/div>\n\t\t\t\t<\/div>\n\t\t<div class=\"elementor-element elementor-element-12078a4 e-flex e-con-boxed e-con e-parent\" data-id=\"12078a4\" data-element_type=\"container\" data-e-type=\"container\">\n\t\t\t\t\t<div class=\"e-con-inner\">\n\t\t<article class=\"elementor-element elementor-element-cceffee e-con-full e-flex e-con e-child\" data-id=\"cceffee\" data-element_type=\"container\" data-e-type=\"container\">\n\t\t<div class=\"elementor-element elementor-element-83fe5a4 e-con-full e-flex e-con e-child\" data-id=\"83fe5a4\" data-element_type=\"container\" data-e-type=\"container\">\n\t\t\t\t<div class=\"elementor-element elementor-element-c107f20 elementor-widget elementor-widget-heading\" data-id=\"c107f20\" data-element_type=\"widget\" data-e-type=\"widget\" data-widget_type=\"heading.default\">\n\t\t\t\t<div class=\"elementor-widget-container\">\n\t\t\t\t\t<h2 class=\"elementor-heading-title elementor-size-default\">Derzeit haben wir drei gro\u00dfe \u00dcberschriften f\u00fcr unsere CSR-Ziele<\/h2>\t\t\t\t<\/div>\n\t\t\t\t<\/div>\n\t\t\t\t<div class=\"elementor-element elementor-element-de5fe5b elementor-widget elementor-widget-text-editor\" data-id=\"de5fe5b\" data-element_type=\"widget\" data-e-type=\"widget\" data-widget_type=\"text-editor.default\">\n\t\t\t\t<div class=\"elementor-widget-container\">\n\t\t\t\t\t\t\t\t\t<p>1) Reduzieren Sie unseren eigenen Kohlenstoff-Fu\u00dfabdruck (das Ziel war -70%, aber wir haben -73% erreicht)<\/p><p>2) Sorgen Sie w\u00e4hrend der COVID-19-Krise f\u00fcr eine gesunde Arbeitsumgebung f\u00fcr die Mitarbeiter.<\/p><p>3) Umweltfreundliche Verpackung<\/p>\t\t\t\t\t\t\t\t<\/div>\n\t\t\t\t<\/div>\n\t\t\t\t<\/div>\n\t\t\t\t<div class=\"elementor-element elementor-element-67e935e elementor-widget__width-initial elementor-widget elementor-widget-image\" data-id=\"67e935e\" data-element_type=\"widget\" data-e-type=\"widget\" data-widget_type=\"image.default\">\n\t\t\t\t<div class=\"elementor-widget-container\">\n\t\t\t\t\t\t\t\t\t\t\t\t\t\t\t<img fetchpriority=\"high\" decoding=\"async\" width=\"800\" height=\"534\" src=\"https:\/\/danisense.com\/wp-content\/uploads\/Danisense-9628-1024x683-copy.jpg\" class=\"attachment-large size-large wp-image-20405\" alt=\"\" srcset=\"https:\/\/danisense.com\/wp-content\/uploads\/Danisense-9628-1024x683-copy.jpg 1024w, https:\/\/danisense.com\/wp-content\/uploads\/Danisense-9628-1024x683-copy-300x200.jpg 300w, https:\/\/danisense.com\/wp-content\/uploads\/Danisense-9628-1024x683-copy-768x512.jpg 768w, https:\/\/danisense.com\/wp-content\/uploads\/Danisense-9628-1024x683-copy-600x400.jpg 600w\" sizes=\"(max-width: 800px) 100vw, 800px\" \/>\t\t\t\t\t\t\t\t\t\t\t\t\t\t\t<\/div>\n\t\t\t\t<\/div>\n\t\t\t\t<\/article>\n\t\t\t\t<div class=\"elementor-element elementor-element-facc195 elementor-widget-divider--view-line elementor-widget elementor-widget-divider\" data-id=\"facc195\" data-element_type=\"widget\" data-e-type=\"widget\" data-widget_type=\"divider.default\">\n\t\t\t\t<div class=\"elementor-widget-container\">\n\t\t\t\t\t\t\t<div class=\"elementor-divider\">\n\t\t\t<span class=\"elementor-divider-separator\">\n\t\t\t\t\t\t<\/span>\n\t\t<\/div>\n\t\t\t\t\t\t<\/div>\n\t\t\t\t<\/div>\n\t\t<article class=\"elementor-element elementor-element-6e1688f e-con-full e-flex e-con e-child\" data-id=\"6e1688f\" data-element_type=\"container\" data-e-type=\"container\">\n\t\t<div class=\"elementor-element elementor-element-0b4d9fe e-con-full e-flex e-con e-child\" data-id=\"0b4d9fe\" data-element_type=\"container\" data-e-type=\"container\">\n\t\t\t\t<div class=\"elementor-element elementor-element-8261e24 elementor-widget elementor-widget-heading\" data-id=\"8261e24\" data-element_type=\"widget\" data-e-type=\"widget\" data-widget_type=\"heading.default\">\n\t\t\t\t<div class=\"elementor-widget-container\">\n\t\t\t\t\t<h2 class=\"elementor-heading-title elementor-size-default\">1) Unsere Investition in eine 44 kWp-Solaranlage auf unserem Dach ist ein wichtiger Beitrag zur Verringerung unseres CO2-Fu\u00dfabdrucks.<\/h2>\t\t\t\t<\/div>\n\t\t\t\t<\/div>\n\t\t\t\t<div class=\"elementor-element elementor-element-76c65df elementor-widget__width-initial elementor-widget-tablet__width-inherit elementor-widget elementor-widget-text-editor\" data-id=\"76c65df\" data-element_type=\"widget\" data-e-type=\"widget\" data-widget_type=\"text-editor.default\">\n\t\t\t\t<div class=\"elementor-widget-container\">\n\t\t\t\t\t\t\t\t\t<p>Ein weiterer Bereich, in dem wir gro\u00dfe Ver\u00e4nderungen vorgenommen haben, sind unsere Heizungssysteme. Wir haben den Anschluss an die Erdgasversorgung gekappt und alle Gasbrenner vollst\u00e4ndig aus unserem Geb\u00e4ude entfernt und die gesamte Heizung durch hochmoderne Luft-Wasser-W\u00e4rmepumpen ersetzt.<\/p><p>Durch diese Ma\u00dfnahmen haben wir unseren CO2-Fu\u00dfabdruck um 19 Tonnen von 26 Tonnen j\u00e4hrlich reduziert. Eine Reduzierung um 73%. <\/p>\t\t\t\t\t\t\t\t<\/div>\n\t\t\t\t<\/div>\n\t\t\t\t<\/div>\n\t\t\t\t<div class=\"elementor-element elementor-element-1cc3e9c elementor-widget__width-initial elementor-widget elementor-widget-image\" data-id=\"1cc3e9c\" data-element_type=\"widget\" data-e-type=\"widget\" data-widget_type=\"image.default\">\n\t\t\t\t<div class=\"elementor-widget-container\">\n\t\t\t\t\t\t\t\t\t\t\t\t\t\t\t<img decoding=\"async\" width=\"640\" height=\"288\" src=\"https:\/\/danisense.com\/wp-content\/uploads\/2021\/11\/Solceller2_640x288.jpg\" class=\"attachment-large size-large wp-image-12947\" alt=\"CSR -img1\" srcset=\"https:\/\/danisense.com\/wp-content\/uploads\/2021\/11\/Solceller2_640x288.jpg 640w, https:\/\/danisense.com\/wp-content\/uploads\/2021\/11\/Solceller2_640x288-300x135.jpg 300w\" sizes=\"(max-width: 640px) 100vw, 640px\" \/>\t\t\t\t\t\t\t\t\t\t\t\t\t\t\t<\/div>\n\t\t\t\t<\/div>\n\t\t\t\t<\/article>\n\t\t\t\t<div class=\"elementor-element elementor-element-0aeb5bd elementor-widget-divider--view-line elementor-widget elementor-widget-divider\" data-id=\"0aeb5bd\" data-element_type=\"widget\" data-e-type=\"widget\" data-widget_type=\"divider.default\">\n\t\t\t\t<div class=\"elementor-widget-container\">\n\t\t\t\t\t\t\t<div class=\"elementor-divider\">\n\t\t\t<span class=\"elementor-divider-separator\">\n\t\t\t\t\t\t<\/span>\n\t\t<\/div>\n\t\t\t\t\t\t<\/div>\n\t\t\t\t<\/div>\n\t\t<article class=\"elementor-element elementor-element-e662634 e-con-full e-flex e-con e-child\" data-id=\"e662634\" data-element_type=\"container\" data-e-type=\"container\">\n\t\t<div class=\"elementor-element elementor-element-0dab834 e-con-full e-flex e-con e-child\" data-id=\"0dab834\" data-element_type=\"container\" data-e-type=\"container\">\n\t\t\t\t<div class=\"elementor-element elementor-element-91b3056 elementor-widget elementor-widget-heading\" data-id=\"91b3056\" data-element_type=\"widget\" data-e-type=\"widget\" data-widget_type=\"heading.default\">\n\t\t\t\t<div class=\"elementor-widget-container\">\n\t\t\t\t\t<h2 class=\"elementor-heading-title elementor-size-default\">2) Unsere Verpackungsstrategie ist sehr klar<\/h2>\t\t\t\t<\/div>\n\t\t\t\t<\/div>\n\t\t\t\t<div class=\"elementor-element elementor-element-e2065b3 elementor-widget elementor-widget-text-editor\" data-id=\"e2065b3\" data-element_type=\"widget\" data-e-type=\"widget\" data-widget_type=\"text-editor.default\">\n\t\t\t\t<div class=\"elementor-widget-container\">\n\t\t\t\t\t\t\t\t\t<p>Wir verwenden Verpackungen aus Kunststoff nur dann, wenn die Produkte besonders gesch\u00fctzt werden m\u00fcssen, f\u00fcr alles andere verwenden wir Karton.<\/p><p>Die Kartons sind so optimiert, dass wir den Karton nur selten mit F\u00fcllmaterial f\u00fcllen m\u00fcssen.<\/p>\t\t\t\t\t\t\t\t<\/div>\n\t\t\t\t<\/div>\n\t\t\t\t<\/div>\n\t\t\t\t<div class=\"elementor-element elementor-element-c374eaa elementor-widget__width-initial elementor-widget elementor-widget-image\" data-id=\"c374eaa\" data-element_type=\"widget\" data-e-type=\"widget\" data-widget_type=\"image.default\">\n\t\t\t\t<div class=\"elementor-widget-container\">\n\t\t\t\t\t\t\t\t\t\t\t\t\t\t\t<img decoding=\"async\" width=\"527\" height=\"373\" src=\"https:\/\/danisense.com\/wp-content\/uploads\/2021\/11\/Varmepumper.jpg\" class=\"attachment-large size-large wp-image-12950\" alt=\"CSR-Bild2\" srcset=\"https:\/\/danisense.com\/wp-content\/uploads\/2021\/11\/Varmepumper.jpg 527w, https:\/\/danisense.com\/wp-content\/uploads\/2021\/11\/Varmepumper-300x212.jpg 300w\" sizes=\"(max-width: 527px) 100vw, 527px\" \/>\t\t\t\t\t\t\t\t\t\t\t\t\t\t\t<\/div>\n\t\t\t\t<\/div>\n\t\t\t\t<\/article>\n\t\t\t\t\t<\/div>\n\t\t\t\t<\/div>\n\t\t\t\t<\/div>\n\t\t","protected":false},"excerpt":{"rendered":"<p>CSR Soziale Unternehmensverantwortung bei Danisense Derzeit haben wir drei gro\u00dfe \u00dcberschriften f\u00fcr unsere CSR-Ziele 1) Reduzieren Sie unseren eigenen Kohlenstoff-Fu\u00dfabdruck (das Ziel war -70%, aber wir haben -73% erreicht) 2) Sorgen Sie w\u00e4hrend der COVID-19-Krise f\u00fcr eine gesunde Arbeitsumgebung f\u00fcr die Mitarbeiter. 3) Umweltfreundliche Verpackung 1) Unsere Investition in eine 44 kWp-Solaranlage auf unserem Dach [&hellip;]<\/p>\n","protected":false},"author":1,"featured_media":12986,"parent":14737,"menu_order":0,"comment_status":"closed","ping_status":"closed","template":"elementor_header_footer","meta":{"footnotes":""},"class_list":["post-14744","page","type-page","status-publish","has-post-thumbnail","hentry"],"_links":{"self":[{"href":"https:\/\/danisense.com\/de\/wp-json\/wp\/v2\/pages\/14744","targetHints":{"allow":["GET"]}}],"collection":[{"href":"https:\/\/danisense.com\/de\/wp-json\/wp\/v2\/pages"}],"about":[{"href":"https:\/\/danisense.com\/de\/wp-json\/wp\/v2\/types\/page"}],"author":[{"embeddable":true,"href":"https:\/\/danisense.com\/de\/wp-json\/wp\/v2\/users\/1"}],"replies":[{"embeddable":true,"href":"https:\/\/danisense.com\/de\/wp-json\/wp\/v2\/comments?post=14744"}],"version-history":[{"count":0,"href":"https:\/\/danisense.com\/de\/wp-json\/wp\/v2\/pages\/14744\/revisions"}],"up":[{"embeddable":true,"href":"https:\/\/danisense.com\/de\/wp-json\/wp\/v2\/pages\/14737"}],"wp:featuredmedia":[{"embeddable":true,"href":"https:\/\/danisense.com\/de\/wp-json\/wp\/v2\/media\/12986"}],"wp:attachment":[{"href":"https:\/\/danisense.com\/de\/wp-json\/wp\/v2\/media?parent=14744"}],"curies":[{"name":"wp","href":"https:\/\/api.w.org\/{rel}","templated":true}]}}