{"id":14737,"date":"2021-11-15T12:10:33","date_gmt":"2021-11-15T12:10:33","guid":{"rendered":"https:\/\/danisense.com\/ueber-uns\/"},"modified":"2026-02-20T11:22:46","modified_gmt":"2026-02-20T11:22:46","slug":"ueber-uns","status":"publish","type":"page","link":"https:\/\/danisense.com\/de\/ueber-uns\/","title":{"rendered":"\u00dcber uns"},"content":{"rendered":"\t\t<div data-elementor-type=\"wp-page\" data-elementor-id=\"14737\" class=\"elementor elementor-14737 elementor-348\" data-elementor-settings=\"{&quot;element_pack_global_tooltip_width&quot;:{&quot;unit&quot;:&quot;px&quot;,&quot;size&quot;:&quot;&quot;,&quot;sizes&quot;:[]},&quot;element_pack_global_tooltip_width_tablet&quot;:{&quot;unit&quot;:&quot;px&quot;,&quot;size&quot;:&quot;&quot;,&quot;sizes&quot;:[]},&quot;element_pack_global_tooltip_width_mobile&quot;:{&quot;unit&quot;:&quot;px&quot;,&quot;size&quot;:&quot;&quot;,&quot;sizes&quot;:[]},&quot;element_pack_global_tooltip_padding&quot;:{&quot;unit&quot;:&quot;px&quot;,&quot;top&quot;:&quot;&quot;,&quot;right&quot;:&quot;&quot;,&quot;bottom&quot;:&quot;&quot;,&quot;left&quot;:&quot;&quot;,&quot;isLinked&quot;:true},&quot;element_pack_global_tooltip_padding_tablet&quot;:{&quot;unit&quot;:&quot;px&quot;,&quot;top&quot;:&quot;&quot;,&quot;right&quot;:&quot;&quot;,&quot;bottom&quot;:&quot;&quot;,&quot;left&quot;:&quot;&quot;,&quot;isLinked&quot;:true},&quot;element_pack_global_tooltip_padding_mobile&quot;:{&quot;unit&quot;:&quot;px&quot;,&quot;top&quot;:&quot;&quot;,&quot;right&quot;:&quot;&quot;,&quot;bottom&quot;:&quot;&quot;,&quot;left&quot;:&quot;&quot;,&quot;isLinked&quot;:true},&quot;element_pack_global_tooltip_border_radius&quot;:{&quot;unit&quot;:&quot;px&quot;,&quot;top&quot;:&quot;&quot;,&quot;right&quot;:&quot;&quot;,&quot;bottom&quot;:&quot;&quot;,&quot;left&quot;:&quot;&quot;,&quot;isLinked&quot;:true},&quot;element_pack_global_tooltip_border_radius_tablet&quot;:{&quot;unit&quot;:&quot;px&quot;,&quot;top&quot;:&quot;&quot;,&quot;right&quot;:&quot;&quot;,&quot;bottom&quot;:&quot;&quot;,&quot;left&quot;:&quot;&quot;,&quot;isLinked&quot;:true},&quot;element_pack_global_tooltip_border_radius_mobile&quot;:{&quot;unit&quot;:&quot;px&quot;,&quot;top&quot;:&quot;&quot;,&quot;right&quot;:&quot;&quot;,&quot;bottom&quot;:&quot;&quot;,&quot;left&quot;:&quot;&quot;,&quot;isLinked&quot;:true}}\" data-elementor-post-type=\"page\">\n\t\t\t\t<div class=\"elementor-element elementor-element-16f7b1c e-flex e-con-boxed e-con e-parent\" data-id=\"16f7b1c\" data-element_type=\"container\" data-e-type=\"container\" data-settings=\"{&quot;background_background&quot;:&quot;classic&quot;}\">\n\t\t\t\t\t<div class=\"e-con-inner\">\n\t\t\t\t<div class=\"elementor-element elementor-element-aa3912a elementor-widget elementor-widget-heading\" data-id=\"aa3912a\" data-element_type=\"widget\" data-e-type=\"widget\" data-widget_type=\"heading.default\">\n\t\t\t\t<div class=\"elementor-widget-container\">\n\t\t\t\t\t<h1 class=\"elementor-heading-title elementor-size-default\">\u00dcber US<\/h1>\t\t\t\t<\/div>\n\t\t\t\t<\/div>\n\t\t\t\t<div class=\"elementor-element elementor-element-421c75d elementor-widget__width-initial elementor-widget elementor-widget-heading\" data-id=\"421c75d\" data-element_type=\"widget\" data-e-type=\"widget\" data-widget_type=\"heading.default\">\n\t\t\t\t<div class=\"elementor-widget-container\">\n\t\t\t\t\t<h2 class=\"elementor-heading-title elementor-size-default\">Danisense Profil<\/h2>\t\t\t\t<\/div>\n\t\t\t\t<\/div>\n\t\t\t\t\t<\/div>\n\t\t\t\t<\/div>\n\t\t\t\t<section class=\"elementor-section elementor-top-section elementor-element elementor-element-d2118a9 elementor-section-boxed elementor-section-height-default elementor-section-height-default\" data-id=\"d2118a9\" data-element_type=\"section\" data-e-type=\"section\">\n\t\t\t\t\t\t<div class=\"elementor-container elementor-column-gap-default\">\n\t\t\t\t\t<div class=\"elementor-column elementor-col-100 elementor-top-column elementor-element elementor-element-686ebd8\" data-id=\"686ebd8\" data-element_type=\"column\" data-e-type=\"column\">\n\t\t\t<div class=\"elementor-widget-wrap elementor-element-populated\">\n\t\t\t\t\t\t<div class=\"elementor-element elementor-element-059091a elementor-widget elementor-widget-heading\" data-id=\"059091a\" data-element_type=\"widget\" data-e-type=\"widget\" data-widget_type=\"heading.default\">\n\t\t\t\t<div class=\"elementor-widget-container\">\n\t\t\t\t\t<h2 class=\"elementor-heading-title elementor-size-default\">Danisense ist eine Leidenschaft, bei der der Kunde an erster Stelle steht!<\/h2>\t\t\t\t<\/div>\n\t\t\t\t<\/div>\n\t\t\t\t<div class=\"elementor-element elementor-element-962aa28 elementor-widget elementor-widget-heading\" data-id=\"962aa28\" data-element_type=\"widget\" data-e-type=\"widget\" data-widget_type=\"heading.default\">\n\t\t\t\t<div class=\"elementor-widget-container\">\n\t\t\t\t\t<h3 class=\"elementor-heading-title elementor-size-default\">Es ist ein wesentlicher Bestandteil unserer DNA, langfristige Partnerschaften aufzubauen und in enger Zusammenarbeit die Bed\u00fcrfnisse unserer Kunden zu ermitteln.<\/h3>\t\t\t\t<\/div>\n\t\t\t\t<\/div>\n\t\t\t\t<div class=\"elementor-element elementor-element-806ee93 elementor-widget elementor-widget-heading\" data-id=\"806ee93\" data-element_type=\"widget\" data-e-type=\"widget\" data-widget_type=\"heading.default\">\n\t\t\t\t<div class=\"elementor-widget-container\">\n\t\t\t\t\t<h3 class=\"elementor-heading-title elementor-size-default\">Durch die Kombination von komplexer magnetischer Leistung mit fortschrittlicher Elektronik bieten wir effiziente und pr\u00e4zise L\u00f6sungen, die den Erfolg unserer Kunden unterst\u00fctzen.<\/h3>\t\t\t\t<\/div>\n\t\t\t\t<\/div>\n\t\t\t\t<div class=\"elementor-element elementor-element-c7bd541 elementor-widget elementor-widget-text-editor\" data-id=\"c7bd541\" data-element_type=\"widget\" data-e-type=\"widget\" data-widget_type=\"text-editor.default\">\n\t\t\t\t<div class=\"elementor-widget-container\">\n\t\t\t\t\t\t\t\t\t<p>Danisense wurde 2012 gegr\u00fcndet und z\u00e4hlt heute mehrere sehr kompetente Mitarbeiter, die viele Jahre Erfahrung aus Unternehmen wie MAN, Trackman, Nokia, Medtronic, Danfysik und LEM mitbringen. Einer der Eckpfeiler von Danisense ist ein hochspezialisiertes Wissen \u00fcber hochpr\u00e4zise Stromwandler, das uns in die Lage versetzt, neue Wege f\u00fcr den Markt der Stromsensorik zu schaffen. <\/p><p>Danisense ist ein starker Akteur in diesem Bereich und definiert den High-End-Markt neu, indem es Stromsensoren mit sehr hoher wahrgenommener Qualit\u00e4t, extrem flachem Frequenzgang und hervorragender Gleichstromstabilit\u00e4t anbietet.<\/p><p>Wir entwickeln L\u00f6sungen, mit denen unsere Kunden schnell und einfach Wechsel- und Gleichstr\u00f6me mit einer Genauigkeit von bis zu 1 ppm messen k\u00f6nnen.<\/p><p>Unsere Standardprodukte bieten die folgenden Funktionen:<\/p><ul><li>Stromsensoren f\u00fcr die Automobilindustrie<\/li><li>Erweiterter Temperaturstromsensor &#8211; 85 deg. Celcius <\/li><li>AC-Stromsensor &#8211; DC-Stromsensor<\/li><li>Option Kalibrierungswicklung (100 Windungen)<\/li><li>Ausgangssignal als Strom- und Spannungsoptionen<\/li><\/ul>\t\t\t\t\t\t\t\t<\/div>\n\t\t\t\t<\/div>\n\t\t\t\t<div class=\"elementor-element elementor-element-3c6a531 elementor-widget elementor-widget-text-editor\" data-id=\"3c6a531\" data-element_type=\"widget\" data-e-type=\"widget\" data-widget_type=\"text-editor.default\">\n\t\t\t\t<div class=\"elementor-widget-container\">\n\t\t\t\t\t\t\t\t\t<p>Dar\u00fcber hinaus bieten wir kundenspezifische und OEM-L\u00f6sungen mit denselben herausragenden Eigenschaften und demselben Qualit\u00e4tsniveau wie unsere Standardprodukte an, um die Bed\u00fcrfnisse unserer Kunden genau zu erf\u00fcllen. Unser hochqualifiziertes Ingenieurteam entwirft auf der Grundlage eines engen Dialogs und der Spezifikationen des Kunden die L\u00f6sung innerhalb eines Zeitrahmens, der zu den k\u00fcrzesten in der Branche geh\u00f6rt. <\/p><p>Bitte kontaktieren Sie uns <a href=\"https:\/\/danisense.com\/de\/contact\/\">hier<\/a> mit Ihren Anforderungen.<\/p>\t\t\t\t\t\t\t\t<\/div>\n\t\t\t\t<\/div>\n\t\t<div class=\"elementor-element elementor-element-fa1ac53 e-grid e-con-boxed e-con e-parent\" data-id=\"fa1ac53\" data-element_type=\"container\" data-e-type=\"container\">\n\t\t\t\t\t<div class=\"e-con-inner\">\n\t\t\t\t<div class=\"elementor-element elementor-element-7ecd77f elementor-widget elementor-widget-image\" data-id=\"7ecd77f\" data-element_type=\"widget\" data-e-type=\"widget\" data-widget_type=\"image.default\">\n\t\t\t\t<div class=\"elementor-widget-container\">\n\t\t\t\t\t\t\t\t\t\t\t\t\t\t\t<img fetchpriority=\"high\" decoding=\"async\" width=\"800\" height=\"534\" src=\"https:\/\/danisense.com\/wp-content\/uploads\/Danisense-9628-1024x683-copy.jpg\" class=\"attachment-large size-large wp-image-20405\" alt=\"\" srcset=\"https:\/\/danisense.com\/wp-content\/uploads\/Danisense-9628-1024x683-copy.jpg 1024w, https:\/\/danisense.com\/wp-content\/uploads\/Danisense-9628-1024x683-copy-300x200.jpg 300w, https:\/\/danisense.com\/wp-content\/uploads\/Danisense-9628-1024x683-copy-768x512.jpg 768w, https:\/\/danisense.com\/wp-content\/uploads\/Danisense-9628-1024x683-copy-600x400.jpg 600w\" sizes=\"(max-width: 800px) 100vw, 800px\" \/>\t\t\t\t\t\t\t\t\t\t\t\t\t\t\t<\/div>\n\t\t\t\t<\/div>\n\t\t\t\t<div class=\"elementor-element elementor-element-199dfdd elementor-widget elementor-widget-image\" data-id=\"199dfdd\" data-element_type=\"widget\" data-e-type=\"widget\" data-widget_type=\"image.default\">\n\t\t\t\t<div class=\"elementor-widget-container\">\n\t\t\t\t\t\t\t\t\t\t\t\t\t\t\t<img decoding=\"async\" width=\"800\" height=\"534\" src=\"https:\/\/danisense.com\/wp-content\/uploads\/Danisense-9624-1024x683.jpg\" class=\"attachment-large size-large wp-image-20202\" alt=\"\" srcset=\"https:\/\/danisense.com\/wp-content\/uploads\/Danisense-9624-1024x683.jpg 1024w, https:\/\/danisense.com\/wp-content\/uploads\/Danisense-9624-300x200.jpg 300w, https:\/\/danisense.com\/wp-content\/uploads\/Danisense-9624-768x512.jpg 768w, https:\/\/danisense.com\/wp-content\/uploads\/Danisense-9624-1536x1024.jpg 1536w, https:\/\/danisense.com\/wp-content\/uploads\/Danisense-9624-2048x1365.jpg 2048w, https:\/\/danisense.com\/wp-content\/uploads\/Danisense-9624-600x400.jpg 600w\" sizes=\"(max-width: 800px) 100vw, 800px\" \/>\t\t\t\t\t\t\t\t\t\t\t\t\t\t\t<\/div>\n\t\t\t\t<\/div>\n\t\t\t\t\t<\/div>\n\t\t\t\t<\/div>\n\t\t\t\t\t<\/div>\n\t\t<\/div>\n\t\t\t\t\t<\/div>\n\t\t<\/section>\n\t\t\t\t<\/div>\n\t\t","protected":false},"excerpt":{"rendered":"<p>\u00dcber US Danisense Profil Danisense ist eine Leidenschaft, bei der der Kunde an erster Stelle steht! Es ist ein wesentlicher Bestandteil unserer DNA, langfristige Partnerschaften aufzubauen und in enger Zusammenarbeit die Bed\u00fcrfnisse unserer Kunden zu ermitteln. Durch die Kombination von komplexer magnetischer Leistung mit fortschrittlicher Elektronik bieten wir effiziente und pr\u00e4zise L\u00f6sungen, die den Erfolg [&hellip;]<\/p>\n","protected":false},"author":1,"featured_media":0,"parent":0,"menu_order":0,"comment_status":"closed","ping_status":"closed","template":"elementor_header_footer","meta":{"footnotes":""},"class_list":["post-14737","page","type-page","status-publish","hentry"],"_links":{"self":[{"href":"https:\/\/danisense.com\/de\/wp-json\/wp\/v2\/pages\/14737","targetHints":{"allow":["GET"]}}],"collection":[{"href":"https:\/\/danisense.com\/de\/wp-json\/wp\/v2\/pages"}],"about":[{"href":"https:\/\/danisense.com\/de\/wp-json\/wp\/v2\/types\/page"}],"author":[{"embeddable":true,"href":"https:\/\/danisense.com\/de\/wp-json\/wp\/v2\/users\/1"}],"replies":[{"embeddable":true,"href":"https:\/\/danisense.com\/de\/wp-json\/wp\/v2\/comments?post=14737"}],"version-history":[{"count":0,"href":"https:\/\/danisense.com\/de\/wp-json\/wp\/v2\/pages\/14737\/revisions"}],"wp:attachment":[{"href":"https:\/\/danisense.com\/de\/wp-json\/wp\/v2\/media?parent=14737"}],"curies":[{"name":"wp","href":"https:\/\/api.w.org\/{rel}","templated":true}]}}